{"id":31875,"date":"2024-07-08T23:49:54","date_gmt":"2024-07-08T21:49:54","guid":{"rendered":"https:\/\/dev.vgs.com.ar\/protocolo\/?post_type=product&#038;p=31875"},"modified":"2024-07-08T23:49:54","modified_gmt":"2024-07-08T21:49:54","slug":"traje-azul-puertolas","status":"publish","type":"product","link":"https:\/\/dev.vgs.com.ar\/protocolo\/producto\/coleccion\/comprar-trajes-bodas-online\/traje-azul-puertolas\/","title":{"rendered":"Traje Azul Puertolas"},"content":{"rendered":"<p>Traje azul con un bot\u00f3n para un novio joven y sobrio. Coordinado con los complementos exclusivos dise\u00f1ados por la firma: el chaleco azul semicruzado Virgo\u00a0 junto a una corbanda con peque\u00f1os microdibujos geom\u00e9tricos en tonos azules y blancos as\u00ed como su pa\u00f1uelo. Un traje que completa su look con su zapato azul modelo Guadiana.<\/p>\n","protected":false},"excerpt":{"rendered":"<p>Traje azul con un bot\u00f3n para un novio joven y sobrio. Coordinado con los complementos exclusivos dise\u00f1ados por la firma: el chaleco azul semicruzado Virgo\u00a0 junto a una corbanda con peque\u00f1os microdibujos geom\u00e9tricos en tonos azules y blancos as\u00ed como su pa\u00f1uelo. Un traje que completa su look con su zapato azul modelo Guadiana.<\/p>\n","protected":false},"featured_media":31878,"comment_status":"closed","ping_status":"closed","template":"","meta":[],"product_brand":[],"product_cat":[27,35],"product_tag":[],"class_list":{"0":"post-31875","1":"product","2":"type-product","3":"status-publish","4":"has-post-thumbnail","6":"product_cat-coleccion","7":"product_cat-comprar-trajes-bodas-online","9":"first","10":"instock","11":"shipping-taxable","12":"purchasable","13":"product-type-simple","14":"vendible"},"yoast_head":"<!-- This site is optimized with the Yoast SEO plugin v24.5 - https:\/\/yoast.com\/wordpress\/plugins\/seo\/ -->\n<title>Traje Azul Puertolas - Protocolo<\/title>\n<meta name=\"robots\" content=\"index, follow, max-snippet:-1, max-image-preview:large, max-video-preview:-1\" \/>\n<link rel=\"canonical\" href=\"https:\/\/dev.vgs.com.ar\/protocolo\/producto\/coleccion\/comprar-trajes-bodas-online\/traje-azul-puertolas\/\" \/>\n<meta property=\"og:locale\" content=\"es_ES\" \/>\n<meta property=\"og:type\" content=\"article\" \/>\n<meta property=\"og:title\" content=\"Traje Azul Puertolas - Protocolo\" \/>\n<meta property=\"og:description\" content=\"Traje azul con un bot\u00f3n para un novio joven y sobrio. Coordinado con los complementos exclusivos dise\u00f1ados por la firma: el chaleco azul semicruzado Virgo\u00a0 junto a una corbanda con peque\u00f1os microdibujos geom\u00e9tricos en tonos azules y blancos as\u00ed como su pa\u00f1uelo. Un traje que completa su look con su zapato azul modelo Guadiana.\" \/>\n<meta property=\"og:url\" content=\"https:\/\/dev.vgs.com.ar\/protocolo\/producto\/coleccion\/comprar-trajes-bodas-online\/traje-azul-puertolas\/\" \/>\n<meta property=\"og:site_name\" content=\"Protocolo\" \/>\n<meta property=\"og:image\" content=\"https:\/\/dev.vgs.com.ar\/protocolo\/wp-content\/uploads\/2024\/07\/JF_1702-TRAJE-PUERTOLAS-CAL-AZUL.jpg\" \/>\n\t<meta property=\"og:image:width\" content=\"800\" \/>\n\t<meta property=\"og:image:height\" content=\"1200\" \/>\n\t<meta property=\"og:image:type\" content=\"image\/jpeg\" \/>\n<meta name=\"twitter:card\" content=\"summary_large_image\" \/>\n<script type=\"application\/ld+json\" class=\"yoast-schema-graph\">{\"@context\":\"https:\/\/schema.org\",\"@graph\":[{\"@type\":\"WebPage\",\"@id\":\"https:\/\/dev.vgs.com.ar\/protocolo\/producto\/coleccion\/comprar-trajes-bodas-online\/traje-azul-puertolas\/\",\"url\":\"https:\/\/dev.vgs.com.ar\/protocolo\/producto\/coleccion\/comprar-trajes-bodas-online\/traje-azul-puertolas\/\",\"name\":\"Traje Azul Puertolas - Protocolo\",\"isPartOf\":{\"@id\":\"https:\/\/dev.vgs.com.ar\/protocolo\/#website\"},\"primaryImageOfPage\":{\"@id\":\"https:\/\/dev.vgs.com.ar\/protocolo\/producto\/coleccion\/comprar-trajes-bodas-online\/traje-azul-puertolas\/#primaryimage\"},\"image\":{\"@id\":\"https:\/\/dev.vgs.com.ar\/protocolo\/producto\/coleccion\/comprar-trajes-bodas-online\/traje-azul-puertolas\/#primaryimage\"},\"thumbnailUrl\":\"https:\/\/dev.vgs.com.ar\/protocolo\/wp-content\/uploads\/2024\/07\/JF_1702-TRAJE-PUERTOLAS-CAL-AZUL.jpg\",\"datePublished\":\"2024-07-08T21:49:54+00:00\",\"breadcrumb\":{\"@id\":\"https:\/\/dev.vgs.com.ar\/protocolo\/producto\/coleccion\/comprar-trajes-bodas-online\/traje-azul-puertolas\/#breadcrumb\"},\"inLanguage\":\"es\",\"potentialAction\":[{\"@type\":\"ReadAction\",\"target\":[\"https:\/\/dev.vgs.com.ar\/protocolo\/producto\/coleccion\/comprar-trajes-bodas-online\/traje-azul-puertolas\/\"]}]},{\"@type\":\"ImageObject\",\"inLanguage\":\"es\",\"@id\":\"https:\/\/dev.vgs.com.ar\/protocolo\/producto\/coleccion\/comprar-trajes-bodas-online\/traje-azul-puertolas\/#primaryimage\",\"url\":\"https:\/\/dev.vgs.com.ar\/protocolo\/wp-content\/uploads\/2024\/07\/JF_1702-TRAJE-PUERTOLAS-CAL-AZUL.jpg\",\"contentUrl\":\"https:\/\/dev.vgs.com.ar\/protocolo\/wp-content\/uploads\/2024\/07\/JF_1702-TRAJE-PUERTOLAS-CAL-AZUL.jpg\",\"width\":800,\"height\":1200},{\"@type\":\"BreadcrumbList\",\"@id\":\"https:\/\/dev.vgs.com.ar\/protocolo\/producto\/coleccion\/comprar-trajes-bodas-online\/traje-azul-puertolas\/#breadcrumb\",\"itemListElement\":[{\"@type\":\"ListItem\",\"position\":1,\"name\":\"Home\",\"item\":\"https:\/\/dev.vgs.com.ar\/protocolo\/\"},{\"@type\":\"ListItem\",\"position\":2,\"name\":\"Tienda\",\"item\":\"https:\/\/dev.vgs.com.ar\/protocolo\/tienda-trajes-smokings-hombres-bodas\/\"},{\"@type\":\"ListItem\",\"position\":3,\"name\":\"Traje Azul Puertolas\"}]},{\"@type\":\"WebSite\",\"@id\":\"https:\/\/dev.vgs.com.ar\/protocolo\/#website\",\"url\":\"https:\/\/dev.vgs.com.ar\/protocolo\/\",\"name\":\"Protocolo\",\"description\":\"\",\"publisher\":{\"@id\":\"https:\/\/dev.vgs.com.ar\/protocolo\/#organization\"},\"potentialAction\":[{\"@type\":\"SearchAction\",\"target\":{\"@type\":\"EntryPoint\",\"urlTemplate\":\"https:\/\/dev.vgs.com.ar\/protocolo\/?s={search_term_string}\"},\"query-input\":{\"@type\":\"PropertyValueSpecification\",\"valueRequired\":true,\"valueName\":\"search_term_string\"}}],\"inLanguage\":\"es\"},{\"@type\":\"Organization\",\"@id\":\"https:\/\/dev.vgs.com.ar\/protocolo\/#organization\",\"name\":\"Protocolo\",\"url\":\"https:\/\/dev.vgs.com.ar\/protocolo\/\",\"logo\":{\"@type\":\"ImageObject\",\"inLanguage\":\"es\",\"@id\":\"https:\/\/dev.vgs.com.ar\/protocolo\/#\/schema\/logo\/image\/\",\"url\":\"https:\/\/dev.vgs.com.ar\/protocolo\/wp-content\/uploads\/2020\/12\/Diseno-sin-titulo-68.png\",\"contentUrl\":\"https:\/\/dev.vgs.com.ar\/protocolo\/wp-content\/uploads\/2020\/12\/Diseno-sin-titulo-68.png\",\"width\":525,\"height\":300,\"caption\":\"Protocolo\"},\"image\":{\"@id\":\"https:\/\/dev.vgs.com.ar\/protocolo\/#\/schema\/logo\/image\/\"}}]}<\/script>\n<!-- \/ Yoast SEO plugin. -->","yoast_head_json":{"title":"Traje Azul Puertolas - Protocolo","robots":{"index":"index","follow":"follow","max-snippet":"max-snippet:-1","max-image-preview":"max-image-preview:large","max-video-preview":"max-video-preview:-1"},"canonical":"https:\/\/dev.vgs.com.ar\/protocolo\/producto\/coleccion\/comprar-trajes-bodas-online\/traje-azul-puertolas\/","og_locale":"es_ES","og_type":"article","og_title":"Traje Azul Puertolas - Protocolo","og_description":"Traje azul con un bot\u00f3n para un novio joven y sobrio. Coordinado con los complementos exclusivos dise\u00f1ados por la firma: el chaleco azul semicruzado Virgo\u00a0 junto a una corbanda con peque\u00f1os microdibujos geom\u00e9tricos en tonos azules y blancos as\u00ed como su pa\u00f1uelo. Un traje que completa su look con su zapato azul modelo Guadiana.","og_url":"https:\/\/dev.vgs.com.ar\/protocolo\/producto\/coleccion\/comprar-trajes-bodas-online\/traje-azul-puertolas\/","og_site_name":"Protocolo","og_image":[{"width":800,"height":1200,"url":"https:\/\/dev.vgs.com.ar\/protocolo\/wp-content\/uploads\/2024\/07\/JF_1702-TRAJE-PUERTOLAS-CAL-AZUL.jpg","type":"image\/jpeg"}],"twitter_card":"summary_large_image","schema":{"@context":"https:\/\/schema.org","@graph":[{"@type":"WebPage","@id":"https:\/\/dev.vgs.com.ar\/protocolo\/producto\/coleccion\/comprar-trajes-bodas-online\/traje-azul-puertolas\/","url":"https:\/\/dev.vgs.com.ar\/protocolo\/producto\/coleccion\/comprar-trajes-bodas-online\/traje-azul-puertolas\/","name":"Traje Azul Puertolas - Protocolo","isPartOf":{"@id":"https:\/\/dev.vgs.com.ar\/protocolo\/#website"},"primaryImageOfPage":{"@id":"https:\/\/dev.vgs.com.ar\/protocolo\/producto\/coleccion\/comprar-trajes-bodas-online\/traje-azul-puertolas\/#primaryimage"},"image":{"@id":"https:\/\/dev.vgs.com.ar\/protocolo\/producto\/coleccion\/comprar-trajes-bodas-online\/traje-azul-puertolas\/#primaryimage"},"thumbnailUrl":"https:\/\/dev.vgs.com.ar\/protocolo\/wp-content\/uploads\/2024\/07\/JF_1702-TRAJE-PUERTOLAS-CAL-AZUL.jpg","datePublished":"2024-07-08T21:49:54+00:00","breadcrumb":{"@id":"https:\/\/dev.vgs.com.ar\/protocolo\/producto\/coleccion\/comprar-trajes-bodas-online\/traje-azul-puertolas\/#breadcrumb"},"inLanguage":"es","potentialAction":[{"@type":"ReadAction","target":["https:\/\/dev.vgs.com.ar\/protocolo\/producto\/coleccion\/comprar-trajes-bodas-online\/traje-azul-puertolas\/"]}]},{"@type":"ImageObject","inLanguage":"es","@id":"https:\/\/dev.vgs.com.ar\/protocolo\/producto\/coleccion\/comprar-trajes-bodas-online\/traje-azul-puertolas\/#primaryimage","url":"https:\/\/dev.vgs.com.ar\/protocolo\/wp-content\/uploads\/2024\/07\/JF_1702-TRAJE-PUERTOLAS-CAL-AZUL.jpg","contentUrl":"https:\/\/dev.vgs.com.ar\/protocolo\/wp-content\/uploads\/2024\/07\/JF_1702-TRAJE-PUERTOLAS-CAL-AZUL.jpg","width":800,"height":1200},{"@type":"BreadcrumbList","@id":"https:\/\/dev.vgs.com.ar\/protocolo\/producto\/coleccion\/comprar-trajes-bodas-online\/traje-azul-puertolas\/#breadcrumb","itemListElement":[{"@type":"ListItem","position":1,"name":"Home","item":"https:\/\/dev.vgs.com.ar\/protocolo\/"},{"@type":"ListItem","position":2,"name":"Tienda","item":"https:\/\/dev.vgs.com.ar\/protocolo\/tienda-trajes-smokings-hombres-bodas\/"},{"@type":"ListItem","position":3,"name":"Traje Azul Puertolas"}]},{"@type":"WebSite","@id":"https:\/\/dev.vgs.com.ar\/protocolo\/#website","url":"https:\/\/dev.vgs.com.ar\/protocolo\/","name":"Protocolo","description":"","publisher":{"@id":"https:\/\/dev.vgs.com.ar\/protocolo\/#organization"},"potentialAction":[{"@type":"SearchAction","target":{"@type":"EntryPoint","urlTemplate":"https:\/\/dev.vgs.com.ar\/protocolo\/?s={search_term_string}"},"query-input":{"@type":"PropertyValueSpecification","valueRequired":true,"valueName":"search_term_string"}}],"inLanguage":"es"},{"@type":"Organization","@id":"https:\/\/dev.vgs.com.ar\/protocolo\/#organization","name":"Protocolo","url":"https:\/\/dev.vgs.com.ar\/protocolo\/","logo":{"@type":"ImageObject","inLanguage":"es","@id":"https:\/\/dev.vgs.com.ar\/protocolo\/#\/schema\/logo\/image\/","url":"https:\/\/dev.vgs.com.ar\/protocolo\/wp-content\/uploads\/2020\/12\/Diseno-sin-titulo-68.png","contentUrl":"https:\/\/dev.vgs.com.ar\/protocolo\/wp-content\/uploads\/2020\/12\/Diseno-sin-titulo-68.png","width":525,"height":300,"caption":"Protocolo"},"image":{"@id":"https:\/\/dev.vgs.com.ar\/protocolo\/#\/schema\/logo\/image\/"}}]}},"lang":"es","translations":{"es":31875},"pll_sync_post":[],"_links":{"self":[{"href":"https:\/\/dev.vgs.com.ar\/protocolo\/wp-json\/wp\/v2\/product\/31875","targetHints":{"allow":["GET"]}}],"collection":[{"href":"https:\/\/dev.vgs.com.ar\/protocolo\/wp-json\/wp\/v2\/product"}],"about":[{"href":"https:\/\/dev.vgs.com.ar\/protocolo\/wp-json\/wp\/v2\/types\/product"}],"replies":[{"embeddable":true,"href":"https:\/\/dev.vgs.com.ar\/protocolo\/wp-json\/wp\/v2\/comments?post=31875"}],"wp:featuredmedia":[{"embeddable":true,"href":"https:\/\/dev.vgs.com.ar\/protocolo\/wp-json\/wp\/v2\/media\/31878"}],"wp:attachment":[{"href":"https:\/\/dev.vgs.com.ar\/protocolo\/wp-json\/wp\/v2\/media?parent=31875"}],"wp:term":[{"taxonomy":"product_brand","embeddable":true,"href":"https:\/\/dev.vgs.com.ar\/protocolo\/wp-json\/wp\/v2\/product_brand?post=31875"},{"taxonomy":"product_cat","embeddable":true,"href":"https:\/\/dev.vgs.com.ar\/protocolo\/wp-json\/wp\/v2\/product_cat?post=31875"},{"taxonomy":"product_tag","embeddable":true,"href":"https:\/\/dev.vgs.com.ar\/protocolo\/wp-json\/wp\/v2\/product_tag?post=31875"}],"curies":[{"name":"wp","href":"https:\/\/api.w.org\/{rel}","templated":true}]}}