{"id":31735,"date":"2024-05-21T16:29:06","date_gmt":"2024-05-21T14:29:06","guid":{"rendered":"https:\/\/dev.vgs.com.ar\/protocolo\/?post_type=product&#038;p=31735"},"modified":"2025-08-04T17:40:09","modified_gmt":"2025-08-04T15:40:09","slug":"traje-azul-portel","status":"publish","type":"product","link":"https:\/\/dev.vgs.com.ar\/protocolo\/producto\/coleccion\/comprar-trajes-bodas-online\/traje-azul-portel\/","title":{"rendered":"TRAJE AZUL PORTEL"},"content":{"rendered":"<p>Si eres un novio que te gusta ir con un traje diferente, aqu\u00ed te proponemos este conjunto pensado para ti. Te proponemos este traje de algod\u00f3n en tono azul coordinado con su chaleco a juego y su corbata Dayas en tonos azules y dorados. Al traje lo acompa\u00f1aremos con unos zapatos de piel en azul con cordones de nuestra exclusiva colecci\u00f3n, modelo Guadiana azul.<\/p>\n","protected":false},"excerpt":{"rendered":"<p>Si eres un novio que te gusta ir con un traje diferente, aqu\u00ed te proponemos este conjunto pensado para ti. Te proponemos este traje de algod\u00f3n en tono azul coordinado con su chaleco a juego y su corbata Dayas en tonos azules y dorados. Al traje lo acompa\u00f1aremos con unos zapatos de piel en azul [&hellip;]<\/p>\n","protected":false},"featured_media":31739,"comment_status":"closed","ping_status":"closed","template":"","meta":[],"product_brand":[],"product_cat":[27,35],"product_tag":[],"class_list":{"0":"post-31735","1":"product","2":"type-product","3":"status-publish","4":"has-post-thumbnail","6":"product_cat-coleccion","7":"product_cat-comprar-trajes-bodas-online","9":"first","10":"instock","11":"shipping-taxable","12":"purchasable","13":"product-type-simple","14":"vendible"},"yoast_head":"<!-- This site is optimized with the Yoast SEO plugin v24.5 - https:\/\/yoast.com\/wordpress\/plugins\/seo\/ -->\n<title>TRAJE AZUL PORTEL - Protocolo<\/title>\n<meta name=\"robots\" content=\"index, follow, max-snippet:-1, max-image-preview:large, max-video-preview:-1\" \/>\n<link rel=\"canonical\" href=\"https:\/\/dev.vgs.com.ar\/protocolo\/producto\/coleccion\/comprar-trajes-bodas-online\/traje-azul-portel\/\" \/>\n<meta property=\"og:locale\" content=\"es_ES\" \/>\n<meta property=\"og:type\" content=\"article\" \/>\n<meta property=\"og:title\" content=\"TRAJE AZUL PORTEL - Protocolo\" \/>\n<meta property=\"og:description\" content=\"Si eres un novio que te gusta ir con un traje diferente, aqu\u00ed te proponemos este conjunto pensado para ti. Te proponemos este traje de algod\u00f3n en tono azul coordinado con su chaleco a juego y su corbata Dayas en tonos azules y dorados. Al traje lo acompa\u00f1aremos con unos zapatos de piel en azul [&hellip;]\" \/>\n<meta property=\"og:url\" content=\"https:\/\/dev.vgs.com.ar\/protocolo\/producto\/coleccion\/comprar-trajes-bodas-online\/traje-azul-portel\/\" \/>\n<meta property=\"og:site_name\" content=\"Protocolo\" \/>\n<meta property=\"article:modified_time\" content=\"2025-08-04T15:40:09+00:00\" \/>\n<meta property=\"og:image\" content=\"https:\/\/dev.vgs.com.ar\/protocolo\/wp-content\/uploads\/2024\/05\/JF_1734-TRAJE-PORTEL-AZUL.jpg\" \/>\n\t<meta property=\"og:image:width\" content=\"800\" \/>\n\t<meta property=\"og:image:height\" content=\"1200\" \/>\n\t<meta property=\"og:image:type\" content=\"image\/jpeg\" \/>\n<meta name=\"twitter:card\" content=\"summary_large_image\" \/>\n<meta name=\"twitter:label1\" content=\"Tiempo de lectura\" \/>\n\t<meta name=\"twitter:data1\" content=\"1 minuto\" \/>\n<script type=\"application\/ld+json\" class=\"yoast-schema-graph\">{\"@context\":\"https:\/\/schema.org\",\"@graph\":[{\"@type\":\"WebPage\",\"@id\":\"https:\/\/dev.vgs.com.ar\/protocolo\/producto\/coleccion\/comprar-trajes-bodas-online\/traje-azul-portel\/\",\"url\":\"https:\/\/dev.vgs.com.ar\/protocolo\/producto\/coleccion\/comprar-trajes-bodas-online\/traje-azul-portel\/\",\"name\":\"TRAJE AZUL PORTEL - Protocolo\",\"isPartOf\":{\"@id\":\"https:\/\/dev.vgs.com.ar\/protocolo\/#website\"},\"primaryImageOfPage\":{\"@id\":\"https:\/\/dev.vgs.com.ar\/protocolo\/producto\/coleccion\/comprar-trajes-bodas-online\/traje-azul-portel\/#primaryimage\"},\"image\":{\"@id\":\"https:\/\/dev.vgs.com.ar\/protocolo\/producto\/coleccion\/comprar-trajes-bodas-online\/traje-azul-portel\/#primaryimage\"},\"thumbnailUrl\":\"https:\/\/dev.vgs.com.ar\/protocolo\/wp-content\/uploads\/2024\/05\/JF_1734-TRAJE-PORTEL-AZUL.jpg\",\"datePublished\":\"2024-05-21T14:29:06+00:00\",\"dateModified\":\"2025-08-04T15:40:09+00:00\",\"breadcrumb\":{\"@id\":\"https:\/\/dev.vgs.com.ar\/protocolo\/producto\/coleccion\/comprar-trajes-bodas-online\/traje-azul-portel\/#breadcrumb\"},\"inLanguage\":\"es\",\"potentialAction\":[{\"@type\":\"ReadAction\",\"target\":[\"https:\/\/dev.vgs.com.ar\/protocolo\/producto\/coleccion\/comprar-trajes-bodas-online\/traje-azul-portel\/\"]}]},{\"@type\":\"ImageObject\",\"inLanguage\":\"es\",\"@id\":\"https:\/\/dev.vgs.com.ar\/protocolo\/producto\/coleccion\/comprar-trajes-bodas-online\/traje-azul-portel\/#primaryimage\",\"url\":\"https:\/\/dev.vgs.com.ar\/protocolo\/wp-content\/uploads\/2024\/05\/JF_1734-TRAJE-PORTEL-AZUL.jpg\",\"contentUrl\":\"https:\/\/dev.vgs.com.ar\/protocolo\/wp-content\/uploads\/2024\/05\/JF_1734-TRAJE-PORTEL-AZUL.jpg\",\"width\":800,\"height\":1200},{\"@type\":\"BreadcrumbList\",\"@id\":\"https:\/\/dev.vgs.com.ar\/protocolo\/producto\/coleccion\/comprar-trajes-bodas-online\/traje-azul-portel\/#breadcrumb\",\"itemListElement\":[{\"@type\":\"ListItem\",\"position\":1,\"name\":\"Home\",\"item\":\"https:\/\/dev.vgs.com.ar\/protocolo\/\"},{\"@type\":\"ListItem\",\"position\":2,\"name\":\"Tienda\",\"item\":\"https:\/\/dev.vgs.com.ar\/protocolo\/tienda-trajes-smokings-hombres-bodas\/\"},{\"@type\":\"ListItem\",\"position\":3,\"name\":\"TRAJE AZUL PORTEL\"}]},{\"@type\":\"WebSite\",\"@id\":\"https:\/\/dev.vgs.com.ar\/protocolo\/#website\",\"url\":\"https:\/\/dev.vgs.com.ar\/protocolo\/\",\"name\":\"Protocolo\",\"description\":\"\",\"publisher\":{\"@id\":\"https:\/\/dev.vgs.com.ar\/protocolo\/#organization\"},\"potentialAction\":[{\"@type\":\"SearchAction\",\"target\":{\"@type\":\"EntryPoint\",\"urlTemplate\":\"https:\/\/dev.vgs.com.ar\/protocolo\/?s={search_term_string}\"},\"query-input\":{\"@type\":\"PropertyValueSpecification\",\"valueRequired\":true,\"valueName\":\"search_term_string\"}}],\"inLanguage\":\"es\"},{\"@type\":\"Organization\",\"@id\":\"https:\/\/dev.vgs.com.ar\/protocolo\/#organization\",\"name\":\"Protocolo\",\"url\":\"https:\/\/dev.vgs.com.ar\/protocolo\/\",\"logo\":{\"@type\":\"ImageObject\",\"inLanguage\":\"es\",\"@id\":\"https:\/\/dev.vgs.com.ar\/protocolo\/#\/schema\/logo\/image\/\",\"url\":\"https:\/\/dev.vgs.com.ar\/protocolo\/wp-content\/uploads\/2020\/12\/Diseno-sin-titulo-68.png\",\"contentUrl\":\"https:\/\/dev.vgs.com.ar\/protocolo\/wp-content\/uploads\/2020\/12\/Diseno-sin-titulo-68.png\",\"width\":525,\"height\":300,\"caption\":\"Protocolo\"},\"image\":{\"@id\":\"https:\/\/dev.vgs.com.ar\/protocolo\/#\/schema\/logo\/image\/\"}}]}<\/script>\n<!-- \/ Yoast SEO plugin. -->","yoast_head_json":{"title":"TRAJE AZUL PORTEL - Protocolo","robots":{"index":"index","follow":"follow","max-snippet":"max-snippet:-1","max-image-preview":"max-image-preview:large","max-video-preview":"max-video-preview:-1"},"canonical":"https:\/\/dev.vgs.com.ar\/protocolo\/producto\/coleccion\/comprar-trajes-bodas-online\/traje-azul-portel\/","og_locale":"es_ES","og_type":"article","og_title":"TRAJE AZUL PORTEL - Protocolo","og_description":"Si eres un novio que te gusta ir con un traje diferente, aqu\u00ed te proponemos este conjunto pensado para ti. Te proponemos este traje de algod\u00f3n en tono azul coordinado con su chaleco a juego y su corbata Dayas en tonos azules y dorados. Al traje lo acompa\u00f1aremos con unos zapatos de piel en azul [&hellip;]","og_url":"https:\/\/dev.vgs.com.ar\/protocolo\/producto\/coleccion\/comprar-trajes-bodas-online\/traje-azul-portel\/","og_site_name":"Protocolo","article_modified_time":"2025-08-04T15:40:09+00:00","og_image":[{"width":800,"height":1200,"url":"https:\/\/dev.vgs.com.ar\/protocolo\/wp-content\/uploads\/2024\/05\/JF_1734-TRAJE-PORTEL-AZUL.jpg","type":"image\/jpeg"}],"twitter_card":"summary_large_image","twitter_misc":{"Tiempo de lectura":"1 minuto"},"schema":{"@context":"https:\/\/schema.org","@graph":[{"@type":"WebPage","@id":"https:\/\/dev.vgs.com.ar\/protocolo\/producto\/coleccion\/comprar-trajes-bodas-online\/traje-azul-portel\/","url":"https:\/\/dev.vgs.com.ar\/protocolo\/producto\/coleccion\/comprar-trajes-bodas-online\/traje-azul-portel\/","name":"TRAJE AZUL PORTEL - Protocolo","isPartOf":{"@id":"https:\/\/dev.vgs.com.ar\/protocolo\/#website"},"primaryImageOfPage":{"@id":"https:\/\/dev.vgs.com.ar\/protocolo\/producto\/coleccion\/comprar-trajes-bodas-online\/traje-azul-portel\/#primaryimage"},"image":{"@id":"https:\/\/dev.vgs.com.ar\/protocolo\/producto\/coleccion\/comprar-trajes-bodas-online\/traje-azul-portel\/#primaryimage"},"thumbnailUrl":"https:\/\/dev.vgs.com.ar\/protocolo\/wp-content\/uploads\/2024\/05\/JF_1734-TRAJE-PORTEL-AZUL.jpg","datePublished":"2024-05-21T14:29:06+00:00","dateModified":"2025-08-04T15:40:09+00:00","breadcrumb":{"@id":"https:\/\/dev.vgs.com.ar\/protocolo\/producto\/coleccion\/comprar-trajes-bodas-online\/traje-azul-portel\/#breadcrumb"},"inLanguage":"es","potentialAction":[{"@type":"ReadAction","target":["https:\/\/dev.vgs.com.ar\/protocolo\/producto\/coleccion\/comprar-trajes-bodas-online\/traje-azul-portel\/"]}]},{"@type":"ImageObject","inLanguage":"es","@id":"https:\/\/dev.vgs.com.ar\/protocolo\/producto\/coleccion\/comprar-trajes-bodas-online\/traje-azul-portel\/#primaryimage","url":"https:\/\/dev.vgs.com.ar\/protocolo\/wp-content\/uploads\/2024\/05\/JF_1734-TRAJE-PORTEL-AZUL.jpg","contentUrl":"https:\/\/dev.vgs.com.ar\/protocolo\/wp-content\/uploads\/2024\/05\/JF_1734-TRAJE-PORTEL-AZUL.jpg","width":800,"height":1200},{"@type":"BreadcrumbList","@id":"https:\/\/dev.vgs.com.ar\/protocolo\/producto\/coleccion\/comprar-trajes-bodas-online\/traje-azul-portel\/#breadcrumb","itemListElement":[{"@type":"ListItem","position":1,"name":"Home","item":"https:\/\/dev.vgs.com.ar\/protocolo\/"},{"@type":"ListItem","position":2,"name":"Tienda","item":"https:\/\/dev.vgs.com.ar\/protocolo\/tienda-trajes-smokings-hombres-bodas\/"},{"@type":"ListItem","position":3,"name":"TRAJE AZUL PORTEL"}]},{"@type":"WebSite","@id":"https:\/\/dev.vgs.com.ar\/protocolo\/#website","url":"https:\/\/dev.vgs.com.ar\/protocolo\/","name":"Protocolo","description":"","publisher":{"@id":"https:\/\/dev.vgs.com.ar\/protocolo\/#organization"},"potentialAction":[{"@type":"SearchAction","target":{"@type":"EntryPoint","urlTemplate":"https:\/\/dev.vgs.com.ar\/protocolo\/?s={search_term_string}"},"query-input":{"@type":"PropertyValueSpecification","valueRequired":true,"valueName":"search_term_string"}}],"inLanguage":"es"},{"@type":"Organization","@id":"https:\/\/dev.vgs.com.ar\/protocolo\/#organization","name":"Protocolo","url":"https:\/\/dev.vgs.com.ar\/protocolo\/","logo":{"@type":"ImageObject","inLanguage":"es","@id":"https:\/\/dev.vgs.com.ar\/protocolo\/#\/schema\/logo\/image\/","url":"https:\/\/dev.vgs.com.ar\/protocolo\/wp-content\/uploads\/2020\/12\/Diseno-sin-titulo-68.png","contentUrl":"https:\/\/dev.vgs.com.ar\/protocolo\/wp-content\/uploads\/2020\/12\/Diseno-sin-titulo-68.png","width":525,"height":300,"caption":"Protocolo"},"image":{"@id":"https:\/\/dev.vgs.com.ar\/protocolo\/#\/schema\/logo\/image\/"}}]}},"lang":"es","translations":{"es":31735,"mx":31785},"pll_sync_post":[],"_links":{"self":[{"href":"https:\/\/dev.vgs.com.ar\/protocolo\/wp-json\/wp\/v2\/product\/31735","targetHints":{"allow":["GET"]}}],"collection":[{"href":"https:\/\/dev.vgs.com.ar\/protocolo\/wp-json\/wp\/v2\/product"}],"about":[{"href":"https:\/\/dev.vgs.com.ar\/protocolo\/wp-json\/wp\/v2\/types\/product"}],"replies":[{"embeddable":true,"href":"https:\/\/dev.vgs.com.ar\/protocolo\/wp-json\/wp\/v2\/comments?post=31735"}],"wp:featuredmedia":[{"embeddable":true,"href":"https:\/\/dev.vgs.com.ar\/protocolo\/wp-json\/wp\/v2\/media\/31739"}],"wp:attachment":[{"href":"https:\/\/dev.vgs.com.ar\/protocolo\/wp-json\/wp\/v2\/media?parent=31735"}],"wp:term":[{"taxonomy":"product_brand","embeddable":true,"href":"https:\/\/dev.vgs.com.ar\/protocolo\/wp-json\/wp\/v2\/product_brand?post=31735"},{"taxonomy":"product_cat","embeddable":true,"href":"https:\/\/dev.vgs.com.ar\/protocolo\/wp-json\/wp\/v2\/product_cat?post=31735"},{"taxonomy":"product_tag","embeddable":true,"href":"https:\/\/dev.vgs.com.ar\/protocolo\/wp-json\/wp\/v2\/product_tag?post=31735"}],"curies":[{"name":"wp","href":"https:\/\/api.w.org\/{rel}","templated":true}]}}