{"id":28530,"date":"2021-06-29T19:07:59","date_gmt":"2021-06-29T17:07:59","guid":{"rendered":"https:\/\/dev.vgs.com.ar\/protocolo\/?post_type=product&#038;p=28530"},"modified":"2021-06-29T19:07:59","modified_gmt":"2021-06-29T17:07:59","slug":"smoking-granate-ballobar","status":"publish","type":"product","link":"https:\/\/dev.vgs.com.ar\/protocolo\/mx\/producto\/coleccion\/comprar-smoking-mexico-precio\/smoking-granate-ballobar\/","title":{"rendered":"Smoking Granate Ballobar"},"content":{"rendered":"<p>Smoking Ballobar de color granate falso liso con solapa de herradura en seda color negra, tejido de lana s\u00faper 110\u00b4s Reda haciendo del smoking m\u00e1s elegante y moderno. El pantal\u00f3n lo llevamos en tonalidad granate liso para darle una mayor formalidad a nuestro evento.<\/p>\n<p>El detalle que dar\u00e1 el realce perfecto ser\u00e1 la pajarita y faj\u00edn zaino color negro de seda. El smoking Ballobar con un color c\u00e1sico y mucha clase es la mejor opci\u00f3n para tu boda y fiestas m\u00e1s formales.<\/p>\n<p>Camisa modelo Fozi con botonadura en tonos negros para contrastar el fondo del smoking y darle mayor elegancia al novio, nunca te olvides de darle el \u00faltimo toque elegante con un pa\u00f1uelo blanco de pique.<\/p>\n<p>Calzado negro de charol modelo pernus.<\/p>\n","protected":false},"excerpt":{"rendered":"<p>Smoking Ballobar de color granate falso liso con solapa de herradura en seda color negra, tejido de lana s\u00faper 110\u00b4s Reda haciendo del smoking m\u00e1s elegante y moderno. El pantal\u00f3n lo llevamos en tonalidad granate liso para darle una mayor formalidad a nuestro evento. El detalle que dar\u00e1 el realce perfecto ser\u00e1 la pajarita y [&hellip;]<\/p>\n","protected":false},"featured_media":28531,"comment_status":"closed","ping_status":"closed","template":"","meta":[],"product_brand":[],"product_cat":[415,430],"product_tag":[],"class_list":{"0":"post-28530","1":"product","2":"type-product","3":"status-publish","4":"has-post-thumbnail","6":"product_cat-coleccion","7":"product_cat-comprar-smoking-mexico-precio","9":"first","10":"instock","11":"shipping-taxable","12":"product-type-simple","13":"no-vendible"},"yoast_head":"<!-- This site is optimized with the Yoast SEO plugin v24.5 - https:\/\/yoast.com\/wordpress\/plugins\/seo\/ -->\n<title>Smoking Granate Ballobar - Protocolo<\/title>\n<meta name=\"robots\" content=\"index, follow, max-snippet:-1, max-image-preview:large, max-video-preview:-1\" \/>\n<link rel=\"canonical\" href=\"https:\/\/dev.vgs.com.ar\/protocolo\/mx\/producto\/coleccion\/comprar-smoking-mexico-precio\/smoking-granate-ballobar\/\" \/>\n<meta property=\"og:locale\" content=\"es_ES\" \/>\n<meta property=\"og:type\" content=\"article\" \/>\n<meta property=\"og:title\" content=\"Smoking Granate Ballobar - Protocolo\" \/>\n<meta property=\"og:description\" content=\"Smoking Ballobar de color granate falso liso con solapa de herradura en seda color negra, tejido de lana s\u00faper 110\u00b4s Reda haciendo del smoking m\u00e1s elegante y moderno. El pantal\u00f3n lo llevamos en tonalidad granate liso para darle una mayor formalidad a nuestro evento. El detalle que dar\u00e1 el realce perfecto ser\u00e1 la pajarita y [&hellip;]\" \/>\n<meta property=\"og:url\" content=\"https:\/\/dev.vgs.com.ar\/protocolo\/mx\/producto\/coleccion\/comprar-smoking-mexico-precio\/smoking-granate-ballobar\/\" \/>\n<meta property=\"og:site_name\" content=\"Protocolo\" \/>\n<meta property=\"og:image\" content=\"https:\/\/dev.vgs.com.ar\/protocolo\/wp-content\/uploads\/2021\/06\/Smoking-Ballobar.jpg\" \/>\n\t<meta property=\"og:image:width\" content=\"1024\" \/>\n\t<meta property=\"og:image:height\" content=\"1536\" \/>\n\t<meta property=\"og:image:type\" content=\"image\/jpeg\" \/>\n<meta name=\"twitter:card\" content=\"summary_large_image\" \/>\n<meta name=\"twitter:label1\" content=\"Tiempo de lectura\" \/>\n\t<meta name=\"twitter:data1\" content=\"1 minuto\" \/>\n<script type=\"application\/ld+json\" class=\"yoast-schema-graph\">{\"@context\":\"https:\/\/schema.org\",\"@graph\":[{\"@type\":\"WebPage\",\"@id\":\"https:\/\/dev.vgs.com.ar\/protocolo\/mx\/producto\/coleccion\/comprar-smoking-mexico-precio\/smoking-granate-ballobar\/\",\"url\":\"https:\/\/dev.vgs.com.ar\/protocolo\/mx\/producto\/coleccion\/comprar-smoking-mexico-precio\/smoking-granate-ballobar\/\",\"name\":\"Smoking Granate Ballobar - Protocolo\",\"isPartOf\":{\"@id\":\"https:\/\/dev.vgs.com.ar\/protocolo\/#website\"},\"primaryImageOfPage\":{\"@id\":\"https:\/\/dev.vgs.com.ar\/protocolo\/mx\/producto\/coleccion\/comprar-smoking-mexico-precio\/smoking-granate-ballobar\/#primaryimage\"},\"image\":{\"@id\":\"https:\/\/dev.vgs.com.ar\/protocolo\/mx\/producto\/coleccion\/comprar-smoking-mexico-precio\/smoking-granate-ballobar\/#primaryimage\"},\"thumbnailUrl\":\"https:\/\/dev.vgs.com.ar\/protocolo\/wp-content\/uploads\/2021\/06\/Smoking-Ballobar.jpg\",\"datePublished\":\"2021-06-29T17:07:59+00:00\",\"breadcrumb\":{\"@id\":\"https:\/\/dev.vgs.com.ar\/protocolo\/mx\/producto\/coleccion\/comprar-smoking-mexico-precio\/smoking-granate-ballobar\/#breadcrumb\"},\"inLanguage\":\"es\",\"potentialAction\":[{\"@type\":\"ReadAction\",\"target\":[\"https:\/\/dev.vgs.com.ar\/protocolo\/mx\/producto\/coleccion\/comprar-smoking-mexico-precio\/smoking-granate-ballobar\/\"]}]},{\"@type\":\"ImageObject\",\"inLanguage\":\"es\",\"@id\":\"https:\/\/dev.vgs.com.ar\/protocolo\/mx\/producto\/coleccion\/comprar-smoking-mexico-precio\/smoking-granate-ballobar\/#primaryimage\",\"url\":\"https:\/\/dev.vgs.com.ar\/protocolo\/wp-content\/uploads\/2021\/06\/Smoking-Ballobar.jpg\",\"contentUrl\":\"https:\/\/dev.vgs.com.ar\/protocolo\/wp-content\/uploads\/2021\/06\/Smoking-Ballobar.jpg\",\"width\":1024,\"height\":1536},{\"@type\":\"BreadcrumbList\",\"@id\":\"https:\/\/dev.vgs.com.ar\/protocolo\/mx\/producto\/coleccion\/comprar-smoking-mexico-precio\/smoking-granate-ballobar\/#breadcrumb\",\"itemListElement\":[{\"@type\":\"ListItem\",\"position\":1,\"name\":\"Home\",\"item\":\"https:\/\/dev.vgs.com.ar\/protocolo\/\"},{\"@type\":\"ListItem\",\"position\":2,\"name\":\"Tienda\",\"item\":\"https:\/\/dev.vgs.com.ar\/protocolo\/tienda-trajes-smokings-hombres-bodas\/\"},{\"@type\":\"ListItem\",\"position\":3,\"name\":\"Smoking Granate Ballobar\"}]},{\"@type\":\"WebSite\",\"@id\":\"https:\/\/dev.vgs.com.ar\/protocolo\/#website\",\"url\":\"https:\/\/dev.vgs.com.ar\/protocolo\/\",\"name\":\"Protocolo\",\"description\":\"\",\"publisher\":{\"@id\":\"https:\/\/dev.vgs.com.ar\/protocolo\/#organization\"},\"potentialAction\":[{\"@type\":\"SearchAction\",\"target\":{\"@type\":\"EntryPoint\",\"urlTemplate\":\"https:\/\/dev.vgs.com.ar\/protocolo\/?s={search_term_string}\"},\"query-input\":{\"@type\":\"PropertyValueSpecification\",\"valueRequired\":true,\"valueName\":\"search_term_string\"}}],\"inLanguage\":\"es\"},{\"@type\":\"Organization\",\"@id\":\"https:\/\/dev.vgs.com.ar\/protocolo\/#organization\",\"name\":\"Protocolo\",\"url\":\"https:\/\/dev.vgs.com.ar\/protocolo\/\",\"logo\":{\"@type\":\"ImageObject\",\"inLanguage\":\"es\",\"@id\":\"https:\/\/dev.vgs.com.ar\/protocolo\/#\/schema\/logo\/image\/\",\"url\":\"https:\/\/dev.vgs.com.ar\/protocolo\/wp-content\/uploads\/2020\/12\/Diseno-sin-titulo-68.png\",\"contentUrl\":\"https:\/\/dev.vgs.com.ar\/protocolo\/wp-content\/uploads\/2020\/12\/Diseno-sin-titulo-68.png\",\"width\":525,\"height\":300,\"caption\":\"Protocolo\"},\"image\":{\"@id\":\"https:\/\/dev.vgs.com.ar\/protocolo\/#\/schema\/logo\/image\/\"}}]}<\/script>\n<!-- \/ Yoast SEO plugin. -->","yoast_head_json":{"title":"Smoking Granate Ballobar - Protocolo","robots":{"index":"index","follow":"follow","max-snippet":"max-snippet:-1","max-image-preview":"max-image-preview:large","max-video-preview":"max-video-preview:-1"},"canonical":"https:\/\/dev.vgs.com.ar\/protocolo\/mx\/producto\/coleccion\/comprar-smoking-mexico-precio\/smoking-granate-ballobar\/","og_locale":"es_ES","og_type":"article","og_title":"Smoking Granate Ballobar - Protocolo","og_description":"Smoking Ballobar de color granate falso liso con solapa de herradura en seda color negra, tejido de lana s\u00faper 110\u00b4s Reda haciendo del smoking m\u00e1s elegante y moderno. El pantal\u00f3n lo llevamos en tonalidad granate liso para darle una mayor formalidad a nuestro evento. El detalle que dar\u00e1 el realce perfecto ser\u00e1 la pajarita y [&hellip;]","og_url":"https:\/\/dev.vgs.com.ar\/protocolo\/mx\/producto\/coleccion\/comprar-smoking-mexico-precio\/smoking-granate-ballobar\/","og_site_name":"Protocolo","og_image":[{"width":1024,"height":1536,"url":"https:\/\/dev.vgs.com.ar\/protocolo\/wp-content\/uploads\/2021\/06\/Smoking-Ballobar.jpg","type":"image\/jpeg"}],"twitter_card":"summary_large_image","twitter_misc":{"Tiempo de lectura":"1 minuto"},"schema":{"@context":"https:\/\/schema.org","@graph":[{"@type":"WebPage","@id":"https:\/\/dev.vgs.com.ar\/protocolo\/mx\/producto\/coleccion\/comprar-smoking-mexico-precio\/smoking-granate-ballobar\/","url":"https:\/\/dev.vgs.com.ar\/protocolo\/mx\/producto\/coleccion\/comprar-smoking-mexico-precio\/smoking-granate-ballobar\/","name":"Smoking Granate Ballobar - Protocolo","isPartOf":{"@id":"https:\/\/dev.vgs.com.ar\/protocolo\/#website"},"primaryImageOfPage":{"@id":"https:\/\/dev.vgs.com.ar\/protocolo\/mx\/producto\/coleccion\/comprar-smoking-mexico-precio\/smoking-granate-ballobar\/#primaryimage"},"image":{"@id":"https:\/\/dev.vgs.com.ar\/protocolo\/mx\/producto\/coleccion\/comprar-smoking-mexico-precio\/smoking-granate-ballobar\/#primaryimage"},"thumbnailUrl":"https:\/\/dev.vgs.com.ar\/protocolo\/wp-content\/uploads\/2021\/06\/Smoking-Ballobar.jpg","datePublished":"2021-06-29T17:07:59+00:00","breadcrumb":{"@id":"https:\/\/dev.vgs.com.ar\/protocolo\/mx\/producto\/coleccion\/comprar-smoking-mexico-precio\/smoking-granate-ballobar\/#breadcrumb"},"inLanguage":"es","potentialAction":[{"@type":"ReadAction","target":["https:\/\/dev.vgs.com.ar\/protocolo\/mx\/producto\/coleccion\/comprar-smoking-mexico-precio\/smoking-granate-ballobar\/"]}]},{"@type":"ImageObject","inLanguage":"es","@id":"https:\/\/dev.vgs.com.ar\/protocolo\/mx\/producto\/coleccion\/comprar-smoking-mexico-precio\/smoking-granate-ballobar\/#primaryimage","url":"https:\/\/dev.vgs.com.ar\/protocolo\/wp-content\/uploads\/2021\/06\/Smoking-Ballobar.jpg","contentUrl":"https:\/\/dev.vgs.com.ar\/protocolo\/wp-content\/uploads\/2021\/06\/Smoking-Ballobar.jpg","width":1024,"height":1536},{"@type":"BreadcrumbList","@id":"https:\/\/dev.vgs.com.ar\/protocolo\/mx\/producto\/coleccion\/comprar-smoking-mexico-precio\/smoking-granate-ballobar\/#breadcrumb","itemListElement":[{"@type":"ListItem","position":1,"name":"Home","item":"https:\/\/dev.vgs.com.ar\/protocolo\/"},{"@type":"ListItem","position":2,"name":"Tienda","item":"https:\/\/dev.vgs.com.ar\/protocolo\/tienda-trajes-smokings-hombres-bodas\/"},{"@type":"ListItem","position":3,"name":"Smoking Granate Ballobar"}]},{"@type":"WebSite","@id":"https:\/\/dev.vgs.com.ar\/protocolo\/#website","url":"https:\/\/dev.vgs.com.ar\/protocolo\/","name":"Protocolo","description":"","publisher":{"@id":"https:\/\/dev.vgs.com.ar\/protocolo\/#organization"},"potentialAction":[{"@type":"SearchAction","target":{"@type":"EntryPoint","urlTemplate":"https:\/\/dev.vgs.com.ar\/protocolo\/?s={search_term_string}"},"query-input":{"@type":"PropertyValueSpecification","valueRequired":true,"valueName":"search_term_string"}}],"inLanguage":"es"},{"@type":"Organization","@id":"https:\/\/dev.vgs.com.ar\/protocolo\/#organization","name":"Protocolo","url":"https:\/\/dev.vgs.com.ar\/protocolo\/","logo":{"@type":"ImageObject","inLanguage":"es","@id":"https:\/\/dev.vgs.com.ar\/protocolo\/#\/schema\/logo\/image\/","url":"https:\/\/dev.vgs.com.ar\/protocolo\/wp-content\/uploads\/2020\/12\/Diseno-sin-titulo-68.png","contentUrl":"https:\/\/dev.vgs.com.ar\/protocolo\/wp-content\/uploads\/2020\/12\/Diseno-sin-titulo-68.png","width":525,"height":300,"caption":"Protocolo"},"image":{"@id":"https:\/\/dev.vgs.com.ar\/protocolo\/#\/schema\/logo\/image\/"}}]}},"lang":"mx","translations":{"mx":28530},"pll_sync_post":[],"_links":{"self":[{"href":"https:\/\/dev.vgs.com.ar\/protocolo\/wp-json\/wp\/v2\/product\/28530","targetHints":{"allow":["GET"]}}],"collection":[{"href":"https:\/\/dev.vgs.com.ar\/protocolo\/wp-json\/wp\/v2\/product"}],"about":[{"href":"https:\/\/dev.vgs.com.ar\/protocolo\/wp-json\/wp\/v2\/types\/product"}],"replies":[{"embeddable":true,"href":"https:\/\/dev.vgs.com.ar\/protocolo\/wp-json\/wp\/v2\/comments?post=28530"}],"wp:featuredmedia":[{"embeddable":true,"href":"https:\/\/dev.vgs.com.ar\/protocolo\/wp-json\/wp\/v2\/media\/28531"}],"wp:attachment":[{"href":"https:\/\/dev.vgs.com.ar\/protocolo\/wp-json\/wp\/v2\/media?parent=28530"}],"wp:term":[{"taxonomy":"product_brand","embeddable":true,"href":"https:\/\/dev.vgs.com.ar\/protocolo\/wp-json\/wp\/v2\/product_brand?post=28530"},{"taxonomy":"product_cat","embeddable":true,"href":"https:\/\/dev.vgs.com.ar\/protocolo\/wp-json\/wp\/v2\/product_cat?post=28530"},{"taxonomy":"product_tag","embeddable":true,"href":"https:\/\/dev.vgs.com.ar\/protocolo\/wp-json\/wp\/v2\/product_tag?post=28530"}],"curies":[{"name":"wp","href":"https:\/\/api.w.org\/{rel}","templated":true}]}}