{"id":28407,"date":"2021-06-23T10:28:55","date_gmt":"2021-06-23T08:28:55","guid":{"rendered":"https:\/\/dev.vgs.com.ar\/protocolo\/?post_type=product&#038;p=28407"},"modified":"2021-06-28T15:59:30","modified_gmt":"2021-06-28T13:59:30","slug":"traje-azul-yakis","status":"publish","type":"product","link":"https:\/\/dev.vgs.com.ar\/protocolo\/mx\/producto\/coleccion\/comprar-trajes-boda-mexico-precio\/traje-azul-yakis\/","title":{"rendered":"Traje Azul Yakis"},"content":{"rendered":"<p>Traje azul entallado a un bot\u00f3n con solapa de fantas\u00eda y terminaci\u00f3n de muesca.<\/p>\n<p>Despu\u00e9s de la boda se transforman las solapas de fantas\u00eda en una solapa de corte sastrer\u00eda lo que permite utilzar el traje en otras ocasiones.<\/p>\n<p>Este traje de corte Slim es de la exclusiva colecci\u00f3n de Protocolo, pensado para un novio sobrio y elegante.<\/p>\n<p>Traje ideal para bodas de tarde noche.<\/p>\n<p>El chaleco propuesto es contrastado en un corte semicruzado de color rojo sat\u00edn.<\/p>\n<p>Prponemos poner una corbata de seda con estampado de amibas con fondo en color fucsia.<\/p>\n","protected":false},"excerpt":{"rendered":"<p>Traje azul entallado a un bot\u00f3n con solapa de fantas\u00eda y terminaci\u00f3n de muesca. Despu\u00e9s de la boda se transforman las solapas de fantas\u00eda en una solapa de corte sastrer\u00eda lo que permite utilzar el traje en otras ocasiones. Este traje de corte Slim es de la exclusiva colecci\u00f3n de Protocolo, pensado para un novio [&hellip;]<\/p>\n","protected":false},"featured_media":28460,"comment_status":"closed","ping_status":"closed","template":"","meta":[],"product_brand":[],"product_cat":[415,417],"product_tag":[],"class_list":{"0":"post-28407","1":"product","2":"type-product","3":"status-publish","4":"has-post-thumbnail","6":"product_cat-coleccion","7":"product_cat-comprar-trajes-boda-mexico-precio","9":"first","10":"instock","11":"shipping-taxable","12":"product-type-simple","13":"no-vendible"},"yoast_head":"<!-- This site is optimized with the Yoast SEO plugin v24.5 - https:\/\/yoast.com\/wordpress\/plugins\/seo\/ -->\n<title>Traje Azul Yakis - Protocolo<\/title>\n<meta name=\"robots\" content=\"index, follow, max-snippet:-1, max-image-preview:large, max-video-preview:-1\" \/>\n<link rel=\"canonical\" href=\"https:\/\/dev.vgs.com.ar\/protocolo\/mx\/producto\/coleccion\/comprar-trajes-boda-mexico-precio\/traje-azul-yakis\/\" \/>\n<meta property=\"og:locale\" content=\"es_ES\" \/>\n<meta property=\"og:type\" content=\"article\" \/>\n<meta property=\"og:title\" content=\"Traje Azul Yakis - Protocolo\" \/>\n<meta property=\"og:description\" content=\"Traje azul entallado a un bot\u00f3n con solapa de fantas\u00eda y terminaci\u00f3n de muesca. Despu\u00e9s de la boda se transforman las solapas de fantas\u00eda en una solapa de corte sastrer\u00eda lo que permite utilzar el traje en otras ocasiones. Este traje de corte Slim es de la exclusiva colecci\u00f3n de Protocolo, pensado para un novio [&hellip;]\" \/>\n<meta property=\"og:url\" content=\"https:\/\/dev.vgs.com.ar\/protocolo\/mx\/producto\/coleccion\/comprar-trajes-boda-mexico-precio\/traje-azul-yakis\/\" \/>\n<meta property=\"og:site_name\" content=\"Protocolo\" \/>\n<meta property=\"article:modified_time\" content=\"2021-06-28T13:59:30+00:00\" \/>\n<meta property=\"og:image\" content=\"https:\/\/dev.vgs.com.ar\/protocolo\/wp-content\/uploads\/2021\/06\/TrajeYakisAzulChRotoliGranateCtHolidayFucsia-1.jpg\" \/>\n\t<meta property=\"og:image:width\" content=\"1024\" \/>\n\t<meta property=\"og:image:height\" content=\"1265\" \/>\n\t<meta property=\"og:image:type\" content=\"image\/jpeg\" \/>\n<meta name=\"twitter:card\" content=\"summary_large_image\" \/>\n<meta name=\"twitter:label1\" content=\"Tiempo de lectura\" \/>\n\t<meta name=\"twitter:data1\" content=\"1 minuto\" \/>\n<script type=\"application\/ld+json\" class=\"yoast-schema-graph\">{\"@context\":\"https:\/\/schema.org\",\"@graph\":[{\"@type\":\"WebPage\",\"@id\":\"https:\/\/dev.vgs.com.ar\/protocolo\/mx\/producto\/coleccion\/comprar-trajes-boda-mexico-precio\/traje-azul-yakis\/\",\"url\":\"https:\/\/dev.vgs.com.ar\/protocolo\/mx\/producto\/coleccion\/comprar-trajes-boda-mexico-precio\/traje-azul-yakis\/\",\"name\":\"Traje Azul Yakis - Protocolo\",\"isPartOf\":{\"@id\":\"https:\/\/dev.vgs.com.ar\/protocolo\/#website\"},\"primaryImageOfPage\":{\"@id\":\"https:\/\/dev.vgs.com.ar\/protocolo\/mx\/producto\/coleccion\/comprar-trajes-boda-mexico-precio\/traje-azul-yakis\/#primaryimage\"},\"image\":{\"@id\":\"https:\/\/dev.vgs.com.ar\/protocolo\/mx\/producto\/coleccion\/comprar-trajes-boda-mexico-precio\/traje-azul-yakis\/#primaryimage\"},\"thumbnailUrl\":\"https:\/\/dev.vgs.com.ar\/protocolo\/wp-content\/uploads\/2021\/06\/TrajeYakisAzulChRotoliGranateCtHolidayFucsia-1.jpg\",\"datePublished\":\"2021-06-23T08:28:55+00:00\",\"dateModified\":\"2021-06-28T13:59:30+00:00\",\"breadcrumb\":{\"@id\":\"https:\/\/dev.vgs.com.ar\/protocolo\/mx\/producto\/coleccion\/comprar-trajes-boda-mexico-precio\/traje-azul-yakis\/#breadcrumb\"},\"inLanguage\":\"es\",\"potentialAction\":[{\"@type\":\"ReadAction\",\"target\":[\"https:\/\/dev.vgs.com.ar\/protocolo\/mx\/producto\/coleccion\/comprar-trajes-boda-mexico-precio\/traje-azul-yakis\/\"]}]},{\"@type\":\"ImageObject\",\"inLanguage\":\"es\",\"@id\":\"https:\/\/dev.vgs.com.ar\/protocolo\/mx\/producto\/coleccion\/comprar-trajes-boda-mexico-precio\/traje-azul-yakis\/#primaryimage\",\"url\":\"https:\/\/dev.vgs.com.ar\/protocolo\/wp-content\/uploads\/2021\/06\/TrajeYakisAzulChRotoliGranateCtHolidayFucsia-1.jpg\",\"contentUrl\":\"https:\/\/dev.vgs.com.ar\/protocolo\/wp-content\/uploads\/2021\/06\/TrajeYakisAzulChRotoliGranateCtHolidayFucsia-1.jpg\",\"width\":1024,\"height\":1265},{\"@type\":\"BreadcrumbList\",\"@id\":\"https:\/\/dev.vgs.com.ar\/protocolo\/mx\/producto\/coleccion\/comprar-trajes-boda-mexico-precio\/traje-azul-yakis\/#breadcrumb\",\"itemListElement\":[{\"@type\":\"ListItem\",\"position\":1,\"name\":\"Home\",\"item\":\"https:\/\/dev.vgs.com.ar\/protocolo\/\"},{\"@type\":\"ListItem\",\"position\":2,\"name\":\"Tienda\",\"item\":\"https:\/\/dev.vgs.com.ar\/protocolo\/tienda-trajes-smokings-hombres-bodas\/\"},{\"@type\":\"ListItem\",\"position\":3,\"name\":\"Traje Azul Yakis\"}]},{\"@type\":\"WebSite\",\"@id\":\"https:\/\/dev.vgs.com.ar\/protocolo\/#website\",\"url\":\"https:\/\/dev.vgs.com.ar\/protocolo\/\",\"name\":\"Protocolo\",\"description\":\"\",\"publisher\":{\"@id\":\"https:\/\/dev.vgs.com.ar\/protocolo\/#organization\"},\"potentialAction\":[{\"@type\":\"SearchAction\",\"target\":{\"@type\":\"EntryPoint\",\"urlTemplate\":\"https:\/\/dev.vgs.com.ar\/protocolo\/?s={search_term_string}\"},\"query-input\":{\"@type\":\"PropertyValueSpecification\",\"valueRequired\":true,\"valueName\":\"search_term_string\"}}],\"inLanguage\":\"es\"},{\"@type\":\"Organization\",\"@id\":\"https:\/\/dev.vgs.com.ar\/protocolo\/#organization\",\"name\":\"Protocolo\",\"url\":\"https:\/\/dev.vgs.com.ar\/protocolo\/\",\"logo\":{\"@type\":\"ImageObject\",\"inLanguage\":\"es\",\"@id\":\"https:\/\/dev.vgs.com.ar\/protocolo\/#\/schema\/logo\/image\/\",\"url\":\"https:\/\/dev.vgs.com.ar\/protocolo\/wp-content\/uploads\/2020\/12\/Diseno-sin-titulo-68.png\",\"contentUrl\":\"https:\/\/dev.vgs.com.ar\/protocolo\/wp-content\/uploads\/2020\/12\/Diseno-sin-titulo-68.png\",\"width\":525,\"height\":300,\"caption\":\"Protocolo\"},\"image\":{\"@id\":\"https:\/\/dev.vgs.com.ar\/protocolo\/#\/schema\/logo\/image\/\"}}]}<\/script>\n<!-- \/ Yoast SEO plugin. -->","yoast_head_json":{"title":"Traje Azul Yakis - Protocolo","robots":{"index":"index","follow":"follow","max-snippet":"max-snippet:-1","max-image-preview":"max-image-preview:large","max-video-preview":"max-video-preview:-1"},"canonical":"https:\/\/dev.vgs.com.ar\/protocolo\/mx\/producto\/coleccion\/comprar-trajes-boda-mexico-precio\/traje-azul-yakis\/","og_locale":"es_ES","og_type":"article","og_title":"Traje Azul Yakis - Protocolo","og_description":"Traje azul entallado a un bot\u00f3n con solapa de fantas\u00eda y terminaci\u00f3n de muesca. Despu\u00e9s de la boda se transforman las solapas de fantas\u00eda en una solapa de corte sastrer\u00eda lo que permite utilzar el traje en otras ocasiones. Este traje de corte Slim es de la exclusiva colecci\u00f3n de Protocolo, pensado para un novio [&hellip;]","og_url":"https:\/\/dev.vgs.com.ar\/protocolo\/mx\/producto\/coleccion\/comprar-trajes-boda-mexico-precio\/traje-azul-yakis\/","og_site_name":"Protocolo","article_modified_time":"2021-06-28T13:59:30+00:00","og_image":[{"width":1024,"height":1265,"url":"https:\/\/dev.vgs.com.ar\/protocolo\/wp-content\/uploads\/2021\/06\/TrajeYakisAzulChRotoliGranateCtHolidayFucsia-1.jpg","type":"image\/jpeg"}],"twitter_card":"summary_large_image","twitter_misc":{"Tiempo de lectura":"1 minuto"},"schema":{"@context":"https:\/\/schema.org","@graph":[{"@type":"WebPage","@id":"https:\/\/dev.vgs.com.ar\/protocolo\/mx\/producto\/coleccion\/comprar-trajes-boda-mexico-precio\/traje-azul-yakis\/","url":"https:\/\/dev.vgs.com.ar\/protocolo\/mx\/producto\/coleccion\/comprar-trajes-boda-mexico-precio\/traje-azul-yakis\/","name":"Traje Azul Yakis - Protocolo","isPartOf":{"@id":"https:\/\/dev.vgs.com.ar\/protocolo\/#website"},"primaryImageOfPage":{"@id":"https:\/\/dev.vgs.com.ar\/protocolo\/mx\/producto\/coleccion\/comprar-trajes-boda-mexico-precio\/traje-azul-yakis\/#primaryimage"},"image":{"@id":"https:\/\/dev.vgs.com.ar\/protocolo\/mx\/producto\/coleccion\/comprar-trajes-boda-mexico-precio\/traje-azul-yakis\/#primaryimage"},"thumbnailUrl":"https:\/\/dev.vgs.com.ar\/protocolo\/wp-content\/uploads\/2021\/06\/TrajeYakisAzulChRotoliGranateCtHolidayFucsia-1.jpg","datePublished":"2021-06-23T08:28:55+00:00","dateModified":"2021-06-28T13:59:30+00:00","breadcrumb":{"@id":"https:\/\/dev.vgs.com.ar\/protocolo\/mx\/producto\/coleccion\/comprar-trajes-boda-mexico-precio\/traje-azul-yakis\/#breadcrumb"},"inLanguage":"es","potentialAction":[{"@type":"ReadAction","target":["https:\/\/dev.vgs.com.ar\/protocolo\/mx\/producto\/coleccion\/comprar-trajes-boda-mexico-precio\/traje-azul-yakis\/"]}]},{"@type":"ImageObject","inLanguage":"es","@id":"https:\/\/dev.vgs.com.ar\/protocolo\/mx\/producto\/coleccion\/comprar-trajes-boda-mexico-precio\/traje-azul-yakis\/#primaryimage","url":"https:\/\/dev.vgs.com.ar\/protocolo\/wp-content\/uploads\/2021\/06\/TrajeYakisAzulChRotoliGranateCtHolidayFucsia-1.jpg","contentUrl":"https:\/\/dev.vgs.com.ar\/protocolo\/wp-content\/uploads\/2021\/06\/TrajeYakisAzulChRotoliGranateCtHolidayFucsia-1.jpg","width":1024,"height":1265},{"@type":"BreadcrumbList","@id":"https:\/\/dev.vgs.com.ar\/protocolo\/mx\/producto\/coleccion\/comprar-trajes-boda-mexico-precio\/traje-azul-yakis\/#breadcrumb","itemListElement":[{"@type":"ListItem","position":1,"name":"Home","item":"https:\/\/dev.vgs.com.ar\/protocolo\/"},{"@type":"ListItem","position":2,"name":"Tienda","item":"https:\/\/dev.vgs.com.ar\/protocolo\/tienda-trajes-smokings-hombres-bodas\/"},{"@type":"ListItem","position":3,"name":"Traje Azul Yakis"}]},{"@type":"WebSite","@id":"https:\/\/dev.vgs.com.ar\/protocolo\/#website","url":"https:\/\/dev.vgs.com.ar\/protocolo\/","name":"Protocolo","description":"","publisher":{"@id":"https:\/\/dev.vgs.com.ar\/protocolo\/#organization"},"potentialAction":[{"@type":"SearchAction","target":{"@type":"EntryPoint","urlTemplate":"https:\/\/dev.vgs.com.ar\/protocolo\/?s={search_term_string}"},"query-input":{"@type":"PropertyValueSpecification","valueRequired":true,"valueName":"search_term_string"}}],"inLanguage":"es"},{"@type":"Organization","@id":"https:\/\/dev.vgs.com.ar\/protocolo\/#organization","name":"Protocolo","url":"https:\/\/dev.vgs.com.ar\/protocolo\/","logo":{"@type":"ImageObject","inLanguage":"es","@id":"https:\/\/dev.vgs.com.ar\/protocolo\/#\/schema\/logo\/image\/","url":"https:\/\/dev.vgs.com.ar\/protocolo\/wp-content\/uploads\/2020\/12\/Diseno-sin-titulo-68.png","contentUrl":"https:\/\/dev.vgs.com.ar\/protocolo\/wp-content\/uploads\/2020\/12\/Diseno-sin-titulo-68.png","width":525,"height":300,"caption":"Protocolo"},"image":{"@id":"https:\/\/dev.vgs.com.ar\/protocolo\/#\/schema\/logo\/image\/"}}]}},"lang":"mx","translations":{"mx":28407},"pll_sync_post":[],"_links":{"self":[{"href":"https:\/\/dev.vgs.com.ar\/protocolo\/wp-json\/wp\/v2\/product\/28407","targetHints":{"allow":["GET"]}}],"collection":[{"href":"https:\/\/dev.vgs.com.ar\/protocolo\/wp-json\/wp\/v2\/product"}],"about":[{"href":"https:\/\/dev.vgs.com.ar\/protocolo\/wp-json\/wp\/v2\/types\/product"}],"replies":[{"embeddable":true,"href":"https:\/\/dev.vgs.com.ar\/protocolo\/wp-json\/wp\/v2\/comments?post=28407"}],"wp:featuredmedia":[{"embeddable":true,"href":"https:\/\/dev.vgs.com.ar\/protocolo\/wp-json\/wp\/v2\/media\/28460"}],"wp:attachment":[{"href":"https:\/\/dev.vgs.com.ar\/protocolo\/wp-json\/wp\/v2\/media?parent=28407"}],"wp:term":[{"taxonomy":"product_brand","embeddable":true,"href":"https:\/\/dev.vgs.com.ar\/protocolo\/wp-json\/wp\/v2\/product_brand?post=28407"},{"taxonomy":"product_cat","embeddable":true,"href":"https:\/\/dev.vgs.com.ar\/protocolo\/wp-json\/wp\/v2\/product_cat?post=28407"},{"taxonomy":"product_tag","embeddable":true,"href":"https:\/\/dev.vgs.com.ar\/protocolo\/wp-json\/wp\/v2\/product_tag?post=28407"}],"curies":[{"name":"wp","href":"https:\/\/api.w.org\/{rel}","templated":true}]}}