{"id":27289,"date":"2021-05-14T08:09:28","date_gmt":"2021-05-14T06:09:28","guid":{"rendered":"https:\/\/makemegr-cp137.wordpresstemporal.com\/protocolo\/?post_type=product&#038;p=27289"},"modified":"2021-05-14T08:09:28","modified_gmt":"2021-05-14T06:09:28","slug":"corbata-verde-acuna","status":"publish","type":"product","link":"https:\/\/dev.vgs.com.ar\/protocolo\/producto\/accesorios\/comprar-corbata-boda-online\/corbata-verde-acuna\/","title":{"rendered":"Corbata Verde Acu\u00f1a"},"content":{"rendered":"<p>Corbata fondo verde a rayas diagonales en tono crudo. perfecta para un chaqu\u00e9 en una boda de ma\u00f1ana.<\/p>\n","protected":false},"excerpt":{"rendered":"<p>Corbata fondo verde a rayas diagonales en tono crudo. perfecta para un chaqu\u00e9 en una boda de ma\u00f1ana.<\/p>\n","protected":false},"featured_media":27295,"comment_status":"closed","ping_status":"closed","template":"","meta":[],"product_brand":[],"product_cat":[41,56],"product_tag":[],"class_list":{"0":"post-27289","1":"product","2":"type-product","3":"status-publish","4":"has-post-thumbnail","6":"product_cat-accesorios","7":"product_cat-comprar-corbata-boda-online","9":"first","10":"instock","11":"shipping-taxable","12":"product-type-simple","13":"no-vendible"},"yoast_head":"<!-- This site is optimized with the Yoast SEO plugin v24.5 - https:\/\/yoast.com\/wordpress\/plugins\/seo\/ -->\n<title>Corbata Verde Acu\u00f1a - Protocolo<\/title>\n<meta name=\"robots\" content=\"index, follow, max-snippet:-1, max-image-preview:large, max-video-preview:-1\" \/>\n<link rel=\"canonical\" href=\"https:\/\/dev.vgs.com.ar\/protocolo\/producto\/accesorios\/comprar-corbata-boda-online\/corbata-verde-acuna\/\" \/>\n<meta property=\"og:locale\" content=\"es_ES\" \/>\n<meta property=\"og:type\" content=\"article\" \/>\n<meta property=\"og:title\" content=\"Corbata Verde Acu\u00f1a - Protocolo\" \/>\n<meta property=\"og:description\" content=\"Corbata fondo verde a rayas diagonales en tono crudo. perfecta para un chaqu\u00e9 en una boda de ma\u00f1ana.\" \/>\n<meta property=\"og:url\" content=\"https:\/\/dev.vgs.com.ar\/protocolo\/producto\/accesorios\/comprar-corbata-boda-online\/corbata-verde-acuna\/\" \/>\n<meta property=\"og:site_name\" content=\"Protocolo\" \/>\n<meta property=\"og:image\" content=\"https:\/\/dev.vgs.com.ar\/protocolo\/wp-content\/uploads\/2021\/05\/CorbataAcun\u0303aVerde-3.jpg\" \/>\n\t<meta property=\"og:image:width\" content=\"1024\" \/>\n\t<meta property=\"og:image:height\" content=\"1265\" \/>\n\t<meta property=\"og:image:type\" content=\"image\/jpeg\" \/>\n<meta name=\"twitter:card\" content=\"summary_large_image\" \/>\n<meta name=\"twitter:label1\" content=\"Tiempo de lectura\" \/>\n\t<meta name=\"twitter:data1\" content=\"1 minuto\" \/>\n<script type=\"application\/ld+json\" class=\"yoast-schema-graph\">{\"@context\":\"https:\/\/schema.org\",\"@graph\":[{\"@type\":\"WebPage\",\"@id\":\"https:\/\/dev.vgs.com.ar\/protocolo\/producto\/accesorios\/comprar-corbata-boda-online\/corbata-verde-acuna\/\",\"url\":\"https:\/\/dev.vgs.com.ar\/protocolo\/producto\/accesorios\/comprar-corbata-boda-online\/corbata-verde-acuna\/\",\"name\":\"Corbata Verde Acu\u00f1a - Protocolo\",\"isPartOf\":{\"@id\":\"https:\/\/dev.vgs.com.ar\/protocolo\/#website\"},\"primaryImageOfPage\":{\"@id\":\"https:\/\/dev.vgs.com.ar\/protocolo\/producto\/accesorios\/comprar-corbata-boda-online\/corbata-verde-acuna\/#primaryimage\"},\"image\":{\"@id\":\"https:\/\/dev.vgs.com.ar\/protocolo\/producto\/accesorios\/comprar-corbata-boda-online\/corbata-verde-acuna\/#primaryimage\"},\"thumbnailUrl\":\"https:\/\/dev.vgs.com.ar\/protocolo\/wp-content\/uploads\/2021\/05\/CorbataAcun\u0303aVerde-3.jpg\",\"datePublished\":\"2021-05-14T06:09:28+00:00\",\"breadcrumb\":{\"@id\":\"https:\/\/dev.vgs.com.ar\/protocolo\/producto\/accesorios\/comprar-corbata-boda-online\/corbata-verde-acuna\/#breadcrumb\"},\"inLanguage\":\"es\",\"potentialAction\":[{\"@type\":\"ReadAction\",\"target\":[\"https:\/\/dev.vgs.com.ar\/protocolo\/producto\/accesorios\/comprar-corbata-boda-online\/corbata-verde-acuna\/\"]}]},{\"@type\":\"ImageObject\",\"inLanguage\":\"es\",\"@id\":\"https:\/\/dev.vgs.com.ar\/protocolo\/producto\/accesorios\/comprar-corbata-boda-online\/corbata-verde-acuna\/#primaryimage\",\"url\":\"https:\/\/dev.vgs.com.ar\/protocolo\/wp-content\/uploads\/2021\/05\/CorbataAcun\u0303aVerde-3.jpg\",\"contentUrl\":\"https:\/\/dev.vgs.com.ar\/protocolo\/wp-content\/uploads\/2021\/05\/CorbataAcun\u0303aVerde-3.jpg\",\"width\":1024,\"height\":1265},{\"@type\":\"BreadcrumbList\",\"@id\":\"https:\/\/dev.vgs.com.ar\/protocolo\/producto\/accesorios\/comprar-corbata-boda-online\/corbata-verde-acuna\/#breadcrumb\",\"itemListElement\":[{\"@type\":\"ListItem\",\"position\":1,\"name\":\"Home\",\"item\":\"https:\/\/dev.vgs.com.ar\/protocolo\/\"},{\"@type\":\"ListItem\",\"position\":2,\"name\":\"Tienda\",\"item\":\"https:\/\/dev.vgs.com.ar\/protocolo\/tienda-trajes-smokings-hombres-bodas\/\"},{\"@type\":\"ListItem\",\"position\":3,\"name\":\"Corbata Verde Acu\u00f1a\"}]},{\"@type\":\"WebSite\",\"@id\":\"https:\/\/dev.vgs.com.ar\/protocolo\/#website\",\"url\":\"https:\/\/dev.vgs.com.ar\/protocolo\/\",\"name\":\"Protocolo\",\"description\":\"\",\"publisher\":{\"@id\":\"https:\/\/dev.vgs.com.ar\/protocolo\/#organization\"},\"potentialAction\":[{\"@type\":\"SearchAction\",\"target\":{\"@type\":\"EntryPoint\",\"urlTemplate\":\"https:\/\/dev.vgs.com.ar\/protocolo\/?s={search_term_string}\"},\"query-input\":{\"@type\":\"PropertyValueSpecification\",\"valueRequired\":true,\"valueName\":\"search_term_string\"}}],\"inLanguage\":\"es\"},{\"@type\":\"Organization\",\"@id\":\"https:\/\/dev.vgs.com.ar\/protocolo\/#organization\",\"name\":\"Protocolo\",\"url\":\"https:\/\/dev.vgs.com.ar\/protocolo\/\",\"logo\":{\"@type\":\"ImageObject\",\"inLanguage\":\"es\",\"@id\":\"https:\/\/dev.vgs.com.ar\/protocolo\/#\/schema\/logo\/image\/\",\"url\":\"https:\/\/dev.vgs.com.ar\/protocolo\/wp-content\/uploads\/2020\/12\/Diseno-sin-titulo-68.png\",\"contentUrl\":\"https:\/\/dev.vgs.com.ar\/protocolo\/wp-content\/uploads\/2020\/12\/Diseno-sin-titulo-68.png\",\"width\":525,\"height\":300,\"caption\":\"Protocolo\"},\"image\":{\"@id\":\"https:\/\/dev.vgs.com.ar\/protocolo\/#\/schema\/logo\/image\/\"}}]}<\/script>\n<!-- \/ Yoast SEO plugin. -->","yoast_head_json":{"title":"Corbata Verde Acu\u00f1a - Protocolo","robots":{"index":"index","follow":"follow","max-snippet":"max-snippet:-1","max-image-preview":"max-image-preview:large","max-video-preview":"max-video-preview:-1"},"canonical":"https:\/\/dev.vgs.com.ar\/protocolo\/producto\/accesorios\/comprar-corbata-boda-online\/corbata-verde-acuna\/","og_locale":"es_ES","og_type":"article","og_title":"Corbata Verde Acu\u00f1a - Protocolo","og_description":"Corbata fondo verde a rayas diagonales en tono crudo. perfecta para un chaqu\u00e9 en una boda de ma\u00f1ana.","og_url":"https:\/\/dev.vgs.com.ar\/protocolo\/producto\/accesorios\/comprar-corbata-boda-online\/corbata-verde-acuna\/","og_site_name":"Protocolo","og_image":[{"width":1024,"height":1265,"url":"https:\/\/dev.vgs.com.ar\/protocolo\/wp-content\/uploads\/2021\/05\/CorbataAcun\u0303aVerde-3.jpg","type":"image\/jpeg"}],"twitter_card":"summary_large_image","twitter_misc":{"Tiempo de lectura":"1 minuto"},"schema":{"@context":"https:\/\/schema.org","@graph":[{"@type":"WebPage","@id":"https:\/\/dev.vgs.com.ar\/protocolo\/producto\/accesorios\/comprar-corbata-boda-online\/corbata-verde-acuna\/","url":"https:\/\/dev.vgs.com.ar\/protocolo\/producto\/accesorios\/comprar-corbata-boda-online\/corbata-verde-acuna\/","name":"Corbata Verde Acu\u00f1a - Protocolo","isPartOf":{"@id":"https:\/\/dev.vgs.com.ar\/protocolo\/#website"},"primaryImageOfPage":{"@id":"https:\/\/dev.vgs.com.ar\/protocolo\/producto\/accesorios\/comprar-corbata-boda-online\/corbata-verde-acuna\/#primaryimage"},"image":{"@id":"https:\/\/dev.vgs.com.ar\/protocolo\/producto\/accesorios\/comprar-corbata-boda-online\/corbata-verde-acuna\/#primaryimage"},"thumbnailUrl":"https:\/\/dev.vgs.com.ar\/protocolo\/wp-content\/uploads\/2021\/05\/CorbataAcun\u0303aVerde-3.jpg","datePublished":"2021-05-14T06:09:28+00:00","breadcrumb":{"@id":"https:\/\/dev.vgs.com.ar\/protocolo\/producto\/accesorios\/comprar-corbata-boda-online\/corbata-verde-acuna\/#breadcrumb"},"inLanguage":"es","potentialAction":[{"@type":"ReadAction","target":["https:\/\/dev.vgs.com.ar\/protocolo\/producto\/accesorios\/comprar-corbata-boda-online\/corbata-verde-acuna\/"]}]},{"@type":"ImageObject","inLanguage":"es","@id":"https:\/\/dev.vgs.com.ar\/protocolo\/producto\/accesorios\/comprar-corbata-boda-online\/corbata-verde-acuna\/#primaryimage","url":"https:\/\/dev.vgs.com.ar\/protocolo\/wp-content\/uploads\/2021\/05\/CorbataAcun\u0303aVerde-3.jpg","contentUrl":"https:\/\/dev.vgs.com.ar\/protocolo\/wp-content\/uploads\/2021\/05\/CorbataAcun\u0303aVerde-3.jpg","width":1024,"height":1265},{"@type":"BreadcrumbList","@id":"https:\/\/dev.vgs.com.ar\/protocolo\/producto\/accesorios\/comprar-corbata-boda-online\/corbata-verde-acuna\/#breadcrumb","itemListElement":[{"@type":"ListItem","position":1,"name":"Home","item":"https:\/\/dev.vgs.com.ar\/protocolo\/"},{"@type":"ListItem","position":2,"name":"Tienda","item":"https:\/\/dev.vgs.com.ar\/protocolo\/tienda-trajes-smokings-hombres-bodas\/"},{"@type":"ListItem","position":3,"name":"Corbata Verde Acu\u00f1a"}]},{"@type":"WebSite","@id":"https:\/\/dev.vgs.com.ar\/protocolo\/#website","url":"https:\/\/dev.vgs.com.ar\/protocolo\/","name":"Protocolo","description":"","publisher":{"@id":"https:\/\/dev.vgs.com.ar\/protocolo\/#organization"},"potentialAction":[{"@type":"SearchAction","target":{"@type":"EntryPoint","urlTemplate":"https:\/\/dev.vgs.com.ar\/protocolo\/?s={search_term_string}"},"query-input":{"@type":"PropertyValueSpecification","valueRequired":true,"valueName":"search_term_string"}}],"inLanguage":"es"},{"@type":"Organization","@id":"https:\/\/dev.vgs.com.ar\/protocolo\/#organization","name":"Protocolo","url":"https:\/\/dev.vgs.com.ar\/protocolo\/","logo":{"@type":"ImageObject","inLanguage":"es","@id":"https:\/\/dev.vgs.com.ar\/protocolo\/#\/schema\/logo\/image\/","url":"https:\/\/dev.vgs.com.ar\/protocolo\/wp-content\/uploads\/2020\/12\/Diseno-sin-titulo-68.png","contentUrl":"https:\/\/dev.vgs.com.ar\/protocolo\/wp-content\/uploads\/2020\/12\/Diseno-sin-titulo-68.png","width":525,"height":300,"caption":"Protocolo"},"image":{"@id":"https:\/\/dev.vgs.com.ar\/protocolo\/#\/schema\/logo\/image\/"}}]}},"lang":"es","translations":{"es":27289,"mx":27297},"pll_sync_post":[],"_links":{"self":[{"href":"https:\/\/dev.vgs.com.ar\/protocolo\/wp-json\/wp\/v2\/product\/27289","targetHints":{"allow":["GET"]}}],"collection":[{"href":"https:\/\/dev.vgs.com.ar\/protocolo\/wp-json\/wp\/v2\/product"}],"about":[{"href":"https:\/\/dev.vgs.com.ar\/protocolo\/wp-json\/wp\/v2\/types\/product"}],"replies":[{"embeddable":true,"href":"https:\/\/dev.vgs.com.ar\/protocolo\/wp-json\/wp\/v2\/comments?post=27289"}],"wp:featuredmedia":[{"embeddable":true,"href":"https:\/\/dev.vgs.com.ar\/protocolo\/wp-json\/wp\/v2\/media\/27295"}],"wp:attachment":[{"href":"https:\/\/dev.vgs.com.ar\/protocolo\/wp-json\/wp\/v2\/media?parent=27289"}],"wp:term":[{"taxonomy":"product_brand","embeddable":true,"href":"https:\/\/dev.vgs.com.ar\/protocolo\/wp-json\/wp\/v2\/product_brand?post=27289"},{"taxonomy":"product_cat","embeddable":true,"href":"https:\/\/dev.vgs.com.ar\/protocolo\/wp-json\/wp\/v2\/product_cat?post=27289"},{"taxonomy":"product_tag","embeddable":true,"href":"https:\/\/dev.vgs.com.ar\/protocolo\/wp-json\/wp\/v2\/product_tag?post=27289"}],"curies":[{"name":"wp","href":"https:\/\/api.w.org\/{rel}","templated":true}]}}