{"id":25541,"date":"2021-01-05T14:19:32","date_gmt":"2021-01-05T12:19:32","guid":{"rendered":"https:\/\/makemegr-cp137.wordpresstemporal.com\/protocolo\/producto\/import-placeholder-for-21945\/"},"modified":"2021-05-11T06:49:40","modified_gmt":"2021-05-11T04:49:40","slug":"puertolas-azul","status":"publish","type":"product","link":"https:\/\/dev.vgs.com.ar\/protocolo\/mx\/producto\/coleccion\/comprar-trajes-boda-mexico-precio\/puertolas-azul\/","title":{"rendered":"Traje Azul Puertolas Torino"},"content":{"rendered":"<p>Traje azul a un bot\u00f3n, con tejido micro dibujo, prenda muy elegante y a la vez entallada para un novio joven. El tono del tejido ba\u00f1ado en azul marino hace de este traje una prenda muy acertada para la boda en cualquier hora del d\u00eda.<\/p>\n<p>Coordinado con los complementos exclusivos dise\u00f1ados por la firma: el chaleco Fonter y la corbata Azuelo. Un chaleco en un corte semicruzado en tonos plata con un micro dibujo junto a una corbata en azul marino con topos a contraste en tonos claros y su pa\u00f1uelo a juego dando un toque de prestigio.<\/p>\n","protected":false},"excerpt":{"rendered":"<p>Traje azul a un bot\u00f3n, con tejido micro dibujo, prenda muy elegante y a la vez entallada para un novio joven. El tono del tejido ba\u00f1ado en azul marino hace de este traje una prenda muy acertada para la boda en cualquier hora del d\u00eda. Coordinado con los complementos exclusivos dise\u00f1ados por la firma: el [&hellip;]<\/p>\n","protected":false},"featured_media":23147,"comment_status":"closed","ping_status":"closed","template":"","meta":[],"product_brand":[],"product_cat":[415,417],"product_tag":[],"class_list":{"0":"post-25541","1":"product","2":"type-product","3":"status-publish","4":"has-post-thumbnail","6":"product_cat-coleccion","7":"product_cat-comprar-trajes-boda-mexico-precio","9":"first","10":"instock","11":"shipping-taxable","12":"purchasable","13":"product-type-simple","14":"vendible"},"yoast_head":"<!-- This site is optimized with the Yoast SEO plugin v24.5 - https:\/\/yoast.com\/wordpress\/plugins\/seo\/ -->\n<title>Traje Azul Puertolas Torino - Protocolo<\/title>\n<meta name=\"robots\" content=\"index, follow, max-snippet:-1, max-image-preview:large, max-video-preview:-1\" \/>\n<link rel=\"canonical\" href=\"https:\/\/dev.vgs.com.ar\/protocolo\/mx\/producto\/coleccion\/comprar-trajes-boda-mexico-precio\/puertolas-azul\/\" \/>\n<meta property=\"og:locale\" content=\"es_ES\" \/>\n<meta property=\"og:type\" content=\"article\" \/>\n<meta property=\"og:title\" content=\"Traje Azul Puertolas Torino - Protocolo\" \/>\n<meta property=\"og:description\" content=\"Traje azul a un bot\u00f3n, con tejido micro dibujo, prenda muy elegante y a la vez entallada para un novio joven. El tono del tejido ba\u00f1ado en azul marino hace de este traje una prenda muy acertada para la boda en cualquier hora del d\u00eda. Coordinado con los complementos exclusivos dise\u00f1ados por la firma: el [&hellip;]\" \/>\n<meta property=\"og:url\" content=\"https:\/\/dev.vgs.com.ar\/protocolo\/mx\/producto\/coleccion\/comprar-trajes-boda-mexico-precio\/puertolas-azul\/\" \/>\n<meta property=\"og:site_name\" content=\"Protocolo\" \/>\n<meta property=\"article:modified_time\" content=\"2021-05-11T04:49:40+00:00\" \/>\n<meta property=\"og:image\" content=\"https:\/\/dev.vgs.com.ar\/protocolo\/wp-content\/uploads\/2021\/01\/TrajePuertolasTurinAzulChFonterBoscoPlataCtAzueloAzul-1-scaled.jpg\" \/>\n\t<meta property=\"og:image:width\" content=\"1707\" \/>\n\t<meta property=\"og:image:height\" content=\"2560\" \/>\n\t<meta property=\"og:image:type\" content=\"image\/jpeg\" \/>\n<meta name=\"twitter:card\" content=\"summary_large_image\" \/>\n<meta name=\"twitter:label1\" content=\"Tiempo de lectura\" \/>\n\t<meta name=\"twitter:data1\" content=\"1 minuto\" \/>\n<script type=\"application\/ld+json\" class=\"yoast-schema-graph\">{\"@context\":\"https:\/\/schema.org\",\"@graph\":[{\"@type\":\"WebPage\",\"@id\":\"https:\/\/dev.vgs.com.ar\/protocolo\/mx\/producto\/coleccion\/comprar-trajes-boda-mexico-precio\/puertolas-azul\/\",\"url\":\"https:\/\/dev.vgs.com.ar\/protocolo\/mx\/producto\/coleccion\/comprar-trajes-boda-mexico-precio\/puertolas-azul\/\",\"name\":\"Traje Azul Puertolas Torino - Protocolo\",\"isPartOf\":{\"@id\":\"https:\/\/dev.vgs.com.ar\/protocolo\/#website\"},\"primaryImageOfPage\":{\"@id\":\"https:\/\/dev.vgs.com.ar\/protocolo\/mx\/producto\/coleccion\/comprar-trajes-boda-mexico-precio\/puertolas-azul\/#primaryimage\"},\"image\":{\"@id\":\"https:\/\/dev.vgs.com.ar\/protocolo\/mx\/producto\/coleccion\/comprar-trajes-boda-mexico-precio\/puertolas-azul\/#primaryimage\"},\"thumbnailUrl\":\"https:\/\/dev.vgs.com.ar\/protocolo\/wp-content\/uploads\/2021\/01\/TrajePuertolasTurinAzulChFonterBoscoPlataCtAzueloAzul-1-scaled.jpg\",\"datePublished\":\"2021-01-05T12:19:32+00:00\",\"dateModified\":\"2021-05-11T04:49:40+00:00\",\"breadcrumb\":{\"@id\":\"https:\/\/dev.vgs.com.ar\/protocolo\/mx\/producto\/coleccion\/comprar-trajes-boda-mexico-precio\/puertolas-azul\/#breadcrumb\"},\"inLanguage\":\"es\",\"potentialAction\":[{\"@type\":\"ReadAction\",\"target\":[\"https:\/\/dev.vgs.com.ar\/protocolo\/mx\/producto\/coleccion\/comprar-trajes-boda-mexico-precio\/puertolas-azul\/\"]}]},{\"@type\":\"ImageObject\",\"inLanguage\":\"es\",\"@id\":\"https:\/\/dev.vgs.com.ar\/protocolo\/mx\/producto\/coleccion\/comprar-trajes-boda-mexico-precio\/puertolas-azul\/#primaryimage\",\"url\":\"https:\/\/dev.vgs.com.ar\/protocolo\/wp-content\/uploads\/2021\/01\/TrajePuertolasTurinAzulChFonterBoscoPlataCtAzueloAzul-1-scaled.jpg\",\"contentUrl\":\"https:\/\/dev.vgs.com.ar\/protocolo\/wp-content\/uploads\/2021\/01\/TrajePuertolasTurinAzulChFonterBoscoPlataCtAzueloAzul-1-scaled.jpg\",\"width\":1707,\"height\":2560},{\"@type\":\"BreadcrumbList\",\"@id\":\"https:\/\/dev.vgs.com.ar\/protocolo\/mx\/producto\/coleccion\/comprar-trajes-boda-mexico-precio\/puertolas-azul\/#breadcrumb\",\"itemListElement\":[{\"@type\":\"ListItem\",\"position\":1,\"name\":\"Home\",\"item\":\"https:\/\/dev.vgs.com.ar\/protocolo\/\"},{\"@type\":\"ListItem\",\"position\":2,\"name\":\"Tienda\",\"item\":\"https:\/\/dev.vgs.com.ar\/protocolo\/tienda-trajes-smokings-hombres-bodas\/\"},{\"@type\":\"ListItem\",\"position\":3,\"name\":\"Traje Azul Puertolas Torino\"}]},{\"@type\":\"WebSite\",\"@id\":\"https:\/\/dev.vgs.com.ar\/protocolo\/#website\",\"url\":\"https:\/\/dev.vgs.com.ar\/protocolo\/\",\"name\":\"Protocolo\",\"description\":\"\",\"publisher\":{\"@id\":\"https:\/\/dev.vgs.com.ar\/protocolo\/#organization\"},\"potentialAction\":[{\"@type\":\"SearchAction\",\"target\":{\"@type\":\"EntryPoint\",\"urlTemplate\":\"https:\/\/dev.vgs.com.ar\/protocolo\/?s={search_term_string}\"},\"query-input\":{\"@type\":\"PropertyValueSpecification\",\"valueRequired\":true,\"valueName\":\"search_term_string\"}}],\"inLanguage\":\"es\"},{\"@type\":\"Organization\",\"@id\":\"https:\/\/dev.vgs.com.ar\/protocolo\/#organization\",\"name\":\"Protocolo\",\"url\":\"https:\/\/dev.vgs.com.ar\/protocolo\/\",\"logo\":{\"@type\":\"ImageObject\",\"inLanguage\":\"es\",\"@id\":\"https:\/\/dev.vgs.com.ar\/protocolo\/#\/schema\/logo\/image\/\",\"url\":\"https:\/\/dev.vgs.com.ar\/protocolo\/wp-content\/uploads\/2020\/12\/Diseno-sin-titulo-68.png\",\"contentUrl\":\"https:\/\/dev.vgs.com.ar\/protocolo\/wp-content\/uploads\/2020\/12\/Diseno-sin-titulo-68.png\",\"width\":525,\"height\":300,\"caption\":\"Protocolo\"},\"image\":{\"@id\":\"https:\/\/dev.vgs.com.ar\/protocolo\/#\/schema\/logo\/image\/\"}}]}<\/script>\n<!-- \/ Yoast SEO plugin. -->","yoast_head_json":{"title":"Traje Azul Puertolas Torino - Protocolo","robots":{"index":"index","follow":"follow","max-snippet":"max-snippet:-1","max-image-preview":"max-image-preview:large","max-video-preview":"max-video-preview:-1"},"canonical":"https:\/\/dev.vgs.com.ar\/protocolo\/mx\/producto\/coleccion\/comprar-trajes-boda-mexico-precio\/puertolas-azul\/","og_locale":"es_ES","og_type":"article","og_title":"Traje Azul Puertolas Torino - Protocolo","og_description":"Traje azul a un bot\u00f3n, con tejido micro dibujo, prenda muy elegante y a la vez entallada para un novio joven. El tono del tejido ba\u00f1ado en azul marino hace de este traje una prenda muy acertada para la boda en cualquier hora del d\u00eda. Coordinado con los complementos exclusivos dise\u00f1ados por la firma: el [&hellip;]","og_url":"https:\/\/dev.vgs.com.ar\/protocolo\/mx\/producto\/coleccion\/comprar-trajes-boda-mexico-precio\/puertolas-azul\/","og_site_name":"Protocolo","article_modified_time":"2021-05-11T04:49:40+00:00","og_image":[{"width":1707,"height":2560,"url":"https:\/\/dev.vgs.com.ar\/protocolo\/wp-content\/uploads\/2021\/01\/TrajePuertolasTurinAzulChFonterBoscoPlataCtAzueloAzul-1-scaled.jpg","type":"image\/jpeg"}],"twitter_card":"summary_large_image","twitter_misc":{"Tiempo de lectura":"1 minuto"},"schema":{"@context":"https:\/\/schema.org","@graph":[{"@type":"WebPage","@id":"https:\/\/dev.vgs.com.ar\/protocolo\/mx\/producto\/coleccion\/comprar-trajes-boda-mexico-precio\/puertolas-azul\/","url":"https:\/\/dev.vgs.com.ar\/protocolo\/mx\/producto\/coleccion\/comprar-trajes-boda-mexico-precio\/puertolas-azul\/","name":"Traje Azul Puertolas Torino - Protocolo","isPartOf":{"@id":"https:\/\/dev.vgs.com.ar\/protocolo\/#website"},"primaryImageOfPage":{"@id":"https:\/\/dev.vgs.com.ar\/protocolo\/mx\/producto\/coleccion\/comprar-trajes-boda-mexico-precio\/puertolas-azul\/#primaryimage"},"image":{"@id":"https:\/\/dev.vgs.com.ar\/protocolo\/mx\/producto\/coleccion\/comprar-trajes-boda-mexico-precio\/puertolas-azul\/#primaryimage"},"thumbnailUrl":"https:\/\/dev.vgs.com.ar\/protocolo\/wp-content\/uploads\/2021\/01\/TrajePuertolasTurinAzulChFonterBoscoPlataCtAzueloAzul-1-scaled.jpg","datePublished":"2021-01-05T12:19:32+00:00","dateModified":"2021-05-11T04:49:40+00:00","breadcrumb":{"@id":"https:\/\/dev.vgs.com.ar\/protocolo\/mx\/producto\/coleccion\/comprar-trajes-boda-mexico-precio\/puertolas-azul\/#breadcrumb"},"inLanguage":"es","potentialAction":[{"@type":"ReadAction","target":["https:\/\/dev.vgs.com.ar\/protocolo\/mx\/producto\/coleccion\/comprar-trajes-boda-mexico-precio\/puertolas-azul\/"]}]},{"@type":"ImageObject","inLanguage":"es","@id":"https:\/\/dev.vgs.com.ar\/protocolo\/mx\/producto\/coleccion\/comprar-trajes-boda-mexico-precio\/puertolas-azul\/#primaryimage","url":"https:\/\/dev.vgs.com.ar\/protocolo\/wp-content\/uploads\/2021\/01\/TrajePuertolasTurinAzulChFonterBoscoPlataCtAzueloAzul-1-scaled.jpg","contentUrl":"https:\/\/dev.vgs.com.ar\/protocolo\/wp-content\/uploads\/2021\/01\/TrajePuertolasTurinAzulChFonterBoscoPlataCtAzueloAzul-1-scaled.jpg","width":1707,"height":2560},{"@type":"BreadcrumbList","@id":"https:\/\/dev.vgs.com.ar\/protocolo\/mx\/producto\/coleccion\/comprar-trajes-boda-mexico-precio\/puertolas-azul\/#breadcrumb","itemListElement":[{"@type":"ListItem","position":1,"name":"Home","item":"https:\/\/dev.vgs.com.ar\/protocolo\/"},{"@type":"ListItem","position":2,"name":"Tienda","item":"https:\/\/dev.vgs.com.ar\/protocolo\/tienda-trajes-smokings-hombres-bodas\/"},{"@type":"ListItem","position":3,"name":"Traje Azul Puertolas Torino"}]},{"@type":"WebSite","@id":"https:\/\/dev.vgs.com.ar\/protocolo\/#website","url":"https:\/\/dev.vgs.com.ar\/protocolo\/","name":"Protocolo","description":"","publisher":{"@id":"https:\/\/dev.vgs.com.ar\/protocolo\/#organization"},"potentialAction":[{"@type":"SearchAction","target":{"@type":"EntryPoint","urlTemplate":"https:\/\/dev.vgs.com.ar\/protocolo\/?s={search_term_string}"},"query-input":{"@type":"PropertyValueSpecification","valueRequired":true,"valueName":"search_term_string"}}],"inLanguage":"es"},{"@type":"Organization","@id":"https:\/\/dev.vgs.com.ar\/protocolo\/#organization","name":"Protocolo","url":"https:\/\/dev.vgs.com.ar\/protocolo\/","logo":{"@type":"ImageObject","inLanguage":"es","@id":"https:\/\/dev.vgs.com.ar\/protocolo\/#\/schema\/logo\/image\/","url":"https:\/\/dev.vgs.com.ar\/protocolo\/wp-content\/uploads\/2020\/12\/Diseno-sin-titulo-68.png","contentUrl":"https:\/\/dev.vgs.com.ar\/protocolo\/wp-content\/uploads\/2020\/12\/Diseno-sin-titulo-68.png","width":525,"height":300,"caption":"Protocolo"},"image":{"@id":"https:\/\/dev.vgs.com.ar\/protocolo\/#\/schema\/logo\/image\/"}}]}},"lang":"mx","translations":{"mx":25541,"es":1419},"pll_sync_post":[],"_links":{"self":[{"href":"https:\/\/dev.vgs.com.ar\/protocolo\/wp-json\/wp\/v2\/product\/25541","targetHints":{"allow":["GET"]}}],"collection":[{"href":"https:\/\/dev.vgs.com.ar\/protocolo\/wp-json\/wp\/v2\/product"}],"about":[{"href":"https:\/\/dev.vgs.com.ar\/protocolo\/wp-json\/wp\/v2\/types\/product"}],"replies":[{"embeddable":true,"href":"https:\/\/dev.vgs.com.ar\/protocolo\/wp-json\/wp\/v2\/comments?post=25541"}],"wp:featuredmedia":[{"embeddable":true,"href":"https:\/\/dev.vgs.com.ar\/protocolo\/wp-json\/wp\/v2\/media\/23147"}],"wp:attachment":[{"href":"https:\/\/dev.vgs.com.ar\/protocolo\/wp-json\/wp\/v2\/media?parent=25541"}],"wp:term":[{"taxonomy":"product_brand","embeddable":true,"href":"https:\/\/dev.vgs.com.ar\/protocolo\/wp-json\/wp\/v2\/product_brand?post=25541"},{"taxonomy":"product_cat","embeddable":true,"href":"https:\/\/dev.vgs.com.ar\/protocolo\/wp-json\/wp\/v2\/product_cat?post=25541"},{"taxonomy":"product_tag","embeddable":true,"href":"https:\/\/dev.vgs.com.ar\/protocolo\/wp-json\/wp\/v2\/product_tag?post=25541"}],"curies":[{"name":"wp","href":"https:\/\/api.w.org\/{rel}","templated":true}]}}