{"id":25502,"date":"2021-03-29T00:21:28","date_gmt":"2021-03-28T22:21:28","guid":{"rendered":"https:\/\/makemegr-cp137.wordpresstemporal.com\/protocolo\/?post_type=product&#038;p=23304"},"modified":"2021-05-11T06:53:02","modified_gmt":"2021-05-11T04:53:02","slug":"azul-zaila-ingles","status":"publish","type":"product","link":"https:\/\/dev.vgs.com.ar\/protocolo\/mx\/producto\/coleccion\/comprar-chaque-boda-mexico-precio\/azul-zaila-ingles\/","title":{"rendered":"Chaque Azul Zaila Ingl\u00e9s"},"content":{"rendered":"<p>Todo el chaqu\u00e9 azul est\u00e1 realizado tanto su levita, pantal\u00f3n como su chaleco cruzado con solapa en un tejido de lana azul de calidad top con un dibujo de una fina l\u00ednea ancha. Es el chaqu\u00e9 Zaila de la nueva colecci\u00f3n de Protocolo.<\/p>\n<p>Se coordina con una corbata cruda estrecha y camisa con cuello italiano. Se trata de la corbata Gaena y camisa Vargas. Lo acompa\u00f1an el zapato modelo Heres, zapato burdeos de la colecci\u00f3n de Protocolo.<\/p>\n","protected":false},"excerpt":{"rendered":"<p>Todo el chaqu\u00e9 azul est\u00e1 realizado tanto su levita, pantal\u00f3n como su chaleco cruzado con solapa en un tejido de lana azul de calidad top con un dibujo de una fina l\u00ednea ancha. Es el chaqu\u00e9 Zaila de la nueva colecci\u00f3n de Protocolo. Se coordina con una corbata cruda estrecha y camisa con cuello italiano. [&hellip;]<\/p>\n","protected":false},"featured_media":23307,"comment_status":"open","ping_status":"closed","template":"","meta":[],"product_brand":[],"product_cat":[426,415],"product_tag":[],"class_list":{"0":"post-25502","1":"product","2":"type-product","3":"status-publish","4":"has-post-thumbnail","6":"product_cat-comprar-chaque-boda-mexico-precio","7":"product_cat-coleccion","9":"first","10":"instock","11":"shipping-taxable","12":"purchasable","13":"product-type-simple","14":"vendible"},"yoast_head":"<!-- This site is optimized with the Yoast SEO plugin v24.5 - https:\/\/yoast.com\/wordpress\/plugins\/seo\/ -->\n<title>Chaque Azul Zaila Ingl\u00e9s - Protocolo<\/title>\n<meta name=\"robots\" content=\"index, follow, max-snippet:-1, max-image-preview:large, max-video-preview:-1\" \/>\n<link rel=\"canonical\" href=\"https:\/\/dev.vgs.com.ar\/protocolo\/mx\/producto\/coleccion\/comprar-chaque-boda-mexico-precio\/azul-zaila-ingles\/\" \/>\n<meta property=\"og:locale\" content=\"es_ES\" \/>\n<meta property=\"og:type\" content=\"article\" \/>\n<meta property=\"og:title\" content=\"Chaque Azul Zaila Ingl\u00e9s - Protocolo\" \/>\n<meta property=\"og:description\" content=\"Todo el chaqu\u00e9 azul est\u00e1 realizado tanto su levita, pantal\u00f3n como su chaleco cruzado con solapa en un tejido de lana azul de calidad top con un dibujo de una fina l\u00ednea ancha. Es el chaqu\u00e9 Zaila de la nueva colecci\u00f3n de Protocolo. Se coordina con una corbata cruda estrecha y camisa con cuello italiano. [&hellip;]\" \/>\n<meta property=\"og:url\" content=\"https:\/\/dev.vgs.com.ar\/protocolo\/mx\/producto\/coleccion\/comprar-chaque-boda-mexico-precio\/azul-zaila-ingles\/\" \/>\n<meta property=\"og:site_name\" content=\"Protocolo\" \/>\n<meta property=\"article:modified_time\" content=\"2021-05-11T04:53:02+00:00\" \/>\n<meta property=\"og:image\" content=\"https:\/\/dev.vgs.com.ar\/protocolo\/wp-content\/uploads\/2021\/03\/chaque-ingles-azul-marino-nueva-coleccion-protocolo-novios.jpeg\" \/>\n\t<meta property=\"og:image:width\" content=\"1000\" \/>\n\t<meta property=\"og:image:height\" content=\"1500\" \/>\n\t<meta property=\"og:image:type\" content=\"image\/jpeg\" \/>\n<meta name=\"twitter:card\" content=\"summary_large_image\" \/>\n<meta name=\"twitter:label1\" content=\"Tiempo de lectura\" \/>\n\t<meta name=\"twitter:data1\" content=\"1 minuto\" \/>\n<script type=\"application\/ld+json\" class=\"yoast-schema-graph\">{\"@context\":\"https:\/\/schema.org\",\"@graph\":[{\"@type\":\"WebPage\",\"@id\":\"https:\/\/dev.vgs.com.ar\/protocolo\/mx\/producto\/coleccion\/comprar-chaque-boda-mexico-precio\/azul-zaila-ingles\/\",\"url\":\"https:\/\/dev.vgs.com.ar\/protocolo\/mx\/producto\/coleccion\/comprar-chaque-boda-mexico-precio\/azul-zaila-ingles\/\",\"name\":\"Chaque Azul Zaila Ingl\u00e9s - Protocolo\",\"isPartOf\":{\"@id\":\"https:\/\/dev.vgs.com.ar\/protocolo\/#website\"},\"primaryImageOfPage\":{\"@id\":\"https:\/\/dev.vgs.com.ar\/protocolo\/mx\/producto\/coleccion\/comprar-chaque-boda-mexico-precio\/azul-zaila-ingles\/#primaryimage\"},\"image\":{\"@id\":\"https:\/\/dev.vgs.com.ar\/protocolo\/mx\/producto\/coleccion\/comprar-chaque-boda-mexico-precio\/azul-zaila-ingles\/#primaryimage\"},\"thumbnailUrl\":\"https:\/\/dev.vgs.com.ar\/protocolo\/wp-content\/uploads\/2021\/03\/chaque-ingles-azul-marino-nueva-coleccion-protocolo-novios.jpeg\",\"datePublished\":\"2021-03-28T22:21:28+00:00\",\"dateModified\":\"2021-05-11T04:53:02+00:00\",\"breadcrumb\":{\"@id\":\"https:\/\/dev.vgs.com.ar\/protocolo\/mx\/producto\/coleccion\/comprar-chaque-boda-mexico-precio\/azul-zaila-ingles\/#breadcrumb\"},\"inLanguage\":\"es\",\"potentialAction\":[{\"@type\":\"ReadAction\",\"target\":[\"https:\/\/dev.vgs.com.ar\/protocolo\/mx\/producto\/coleccion\/comprar-chaque-boda-mexico-precio\/azul-zaila-ingles\/\"]}]},{\"@type\":\"ImageObject\",\"inLanguage\":\"es\",\"@id\":\"https:\/\/dev.vgs.com.ar\/protocolo\/mx\/producto\/coleccion\/comprar-chaque-boda-mexico-precio\/azul-zaila-ingles\/#primaryimage\",\"url\":\"https:\/\/dev.vgs.com.ar\/protocolo\/wp-content\/uploads\/2021\/03\/chaque-ingles-azul-marino-nueva-coleccion-protocolo-novios.jpeg\",\"contentUrl\":\"https:\/\/dev.vgs.com.ar\/protocolo\/wp-content\/uploads\/2021\/03\/chaque-ingles-azul-marino-nueva-coleccion-protocolo-novios.jpeg\",\"width\":1000,\"height\":1500},{\"@type\":\"BreadcrumbList\",\"@id\":\"https:\/\/dev.vgs.com.ar\/protocolo\/mx\/producto\/coleccion\/comprar-chaque-boda-mexico-precio\/azul-zaila-ingles\/#breadcrumb\",\"itemListElement\":[{\"@type\":\"ListItem\",\"position\":1,\"name\":\"Home\",\"item\":\"https:\/\/dev.vgs.com.ar\/protocolo\/\"},{\"@type\":\"ListItem\",\"position\":2,\"name\":\"Tienda\",\"item\":\"https:\/\/dev.vgs.com.ar\/protocolo\/tienda-trajes-smokings-hombres-bodas\/\"},{\"@type\":\"ListItem\",\"position\":3,\"name\":\"Chaque Azul Zaila Ingl\u00e9s\"}]},{\"@type\":\"WebSite\",\"@id\":\"https:\/\/dev.vgs.com.ar\/protocolo\/#website\",\"url\":\"https:\/\/dev.vgs.com.ar\/protocolo\/\",\"name\":\"Protocolo\",\"description\":\"\",\"publisher\":{\"@id\":\"https:\/\/dev.vgs.com.ar\/protocolo\/#organization\"},\"potentialAction\":[{\"@type\":\"SearchAction\",\"target\":{\"@type\":\"EntryPoint\",\"urlTemplate\":\"https:\/\/dev.vgs.com.ar\/protocolo\/?s={search_term_string}\"},\"query-input\":{\"@type\":\"PropertyValueSpecification\",\"valueRequired\":true,\"valueName\":\"search_term_string\"}}],\"inLanguage\":\"es\"},{\"@type\":\"Organization\",\"@id\":\"https:\/\/dev.vgs.com.ar\/protocolo\/#organization\",\"name\":\"Protocolo\",\"url\":\"https:\/\/dev.vgs.com.ar\/protocolo\/\",\"logo\":{\"@type\":\"ImageObject\",\"inLanguage\":\"es\",\"@id\":\"https:\/\/dev.vgs.com.ar\/protocolo\/#\/schema\/logo\/image\/\",\"url\":\"https:\/\/dev.vgs.com.ar\/protocolo\/wp-content\/uploads\/2020\/12\/Diseno-sin-titulo-68.png\",\"contentUrl\":\"https:\/\/dev.vgs.com.ar\/protocolo\/wp-content\/uploads\/2020\/12\/Diseno-sin-titulo-68.png\",\"width\":525,\"height\":300,\"caption\":\"Protocolo\"},\"image\":{\"@id\":\"https:\/\/dev.vgs.com.ar\/protocolo\/#\/schema\/logo\/image\/\"}}]}<\/script>\n<!-- \/ Yoast SEO plugin. -->","yoast_head_json":{"title":"Chaque Azul Zaila Ingl\u00e9s - Protocolo","robots":{"index":"index","follow":"follow","max-snippet":"max-snippet:-1","max-image-preview":"max-image-preview:large","max-video-preview":"max-video-preview:-1"},"canonical":"https:\/\/dev.vgs.com.ar\/protocolo\/mx\/producto\/coleccion\/comprar-chaque-boda-mexico-precio\/azul-zaila-ingles\/","og_locale":"es_ES","og_type":"article","og_title":"Chaque Azul Zaila Ingl\u00e9s - Protocolo","og_description":"Todo el chaqu\u00e9 azul est\u00e1 realizado tanto su levita, pantal\u00f3n como su chaleco cruzado con solapa en un tejido de lana azul de calidad top con un dibujo de una fina l\u00ednea ancha. Es el chaqu\u00e9 Zaila de la nueva colecci\u00f3n de Protocolo. Se coordina con una corbata cruda estrecha y camisa con cuello italiano. [&hellip;]","og_url":"https:\/\/dev.vgs.com.ar\/protocolo\/mx\/producto\/coleccion\/comprar-chaque-boda-mexico-precio\/azul-zaila-ingles\/","og_site_name":"Protocolo","article_modified_time":"2021-05-11T04:53:02+00:00","og_image":[{"width":1000,"height":1500,"url":"https:\/\/dev.vgs.com.ar\/protocolo\/wp-content\/uploads\/2021\/03\/chaque-ingles-azul-marino-nueva-coleccion-protocolo-novios.jpeg","type":"image\/jpeg"}],"twitter_card":"summary_large_image","twitter_misc":{"Tiempo de lectura":"1 minuto"},"schema":{"@context":"https:\/\/schema.org","@graph":[{"@type":"WebPage","@id":"https:\/\/dev.vgs.com.ar\/protocolo\/mx\/producto\/coleccion\/comprar-chaque-boda-mexico-precio\/azul-zaila-ingles\/","url":"https:\/\/dev.vgs.com.ar\/protocolo\/mx\/producto\/coleccion\/comprar-chaque-boda-mexico-precio\/azul-zaila-ingles\/","name":"Chaque Azul Zaila Ingl\u00e9s - Protocolo","isPartOf":{"@id":"https:\/\/dev.vgs.com.ar\/protocolo\/#website"},"primaryImageOfPage":{"@id":"https:\/\/dev.vgs.com.ar\/protocolo\/mx\/producto\/coleccion\/comprar-chaque-boda-mexico-precio\/azul-zaila-ingles\/#primaryimage"},"image":{"@id":"https:\/\/dev.vgs.com.ar\/protocolo\/mx\/producto\/coleccion\/comprar-chaque-boda-mexico-precio\/azul-zaila-ingles\/#primaryimage"},"thumbnailUrl":"https:\/\/dev.vgs.com.ar\/protocolo\/wp-content\/uploads\/2021\/03\/chaque-ingles-azul-marino-nueva-coleccion-protocolo-novios.jpeg","datePublished":"2021-03-28T22:21:28+00:00","dateModified":"2021-05-11T04:53:02+00:00","breadcrumb":{"@id":"https:\/\/dev.vgs.com.ar\/protocolo\/mx\/producto\/coleccion\/comprar-chaque-boda-mexico-precio\/azul-zaila-ingles\/#breadcrumb"},"inLanguage":"es","potentialAction":[{"@type":"ReadAction","target":["https:\/\/dev.vgs.com.ar\/protocolo\/mx\/producto\/coleccion\/comprar-chaque-boda-mexico-precio\/azul-zaila-ingles\/"]}]},{"@type":"ImageObject","inLanguage":"es","@id":"https:\/\/dev.vgs.com.ar\/protocolo\/mx\/producto\/coleccion\/comprar-chaque-boda-mexico-precio\/azul-zaila-ingles\/#primaryimage","url":"https:\/\/dev.vgs.com.ar\/protocolo\/wp-content\/uploads\/2021\/03\/chaque-ingles-azul-marino-nueva-coleccion-protocolo-novios.jpeg","contentUrl":"https:\/\/dev.vgs.com.ar\/protocolo\/wp-content\/uploads\/2021\/03\/chaque-ingles-azul-marino-nueva-coleccion-protocolo-novios.jpeg","width":1000,"height":1500},{"@type":"BreadcrumbList","@id":"https:\/\/dev.vgs.com.ar\/protocolo\/mx\/producto\/coleccion\/comprar-chaque-boda-mexico-precio\/azul-zaila-ingles\/#breadcrumb","itemListElement":[{"@type":"ListItem","position":1,"name":"Home","item":"https:\/\/dev.vgs.com.ar\/protocolo\/"},{"@type":"ListItem","position":2,"name":"Tienda","item":"https:\/\/dev.vgs.com.ar\/protocolo\/tienda-trajes-smokings-hombres-bodas\/"},{"@type":"ListItem","position":3,"name":"Chaque Azul Zaila Ingl\u00e9s"}]},{"@type":"WebSite","@id":"https:\/\/dev.vgs.com.ar\/protocolo\/#website","url":"https:\/\/dev.vgs.com.ar\/protocolo\/","name":"Protocolo","description":"","publisher":{"@id":"https:\/\/dev.vgs.com.ar\/protocolo\/#organization"},"potentialAction":[{"@type":"SearchAction","target":{"@type":"EntryPoint","urlTemplate":"https:\/\/dev.vgs.com.ar\/protocolo\/?s={search_term_string}"},"query-input":{"@type":"PropertyValueSpecification","valueRequired":true,"valueName":"search_term_string"}}],"inLanguage":"es"},{"@type":"Organization","@id":"https:\/\/dev.vgs.com.ar\/protocolo\/#organization","name":"Protocolo","url":"https:\/\/dev.vgs.com.ar\/protocolo\/","logo":{"@type":"ImageObject","inLanguage":"es","@id":"https:\/\/dev.vgs.com.ar\/protocolo\/#\/schema\/logo\/image\/","url":"https:\/\/dev.vgs.com.ar\/protocolo\/wp-content\/uploads\/2020\/12\/Diseno-sin-titulo-68.png","contentUrl":"https:\/\/dev.vgs.com.ar\/protocolo\/wp-content\/uploads\/2020\/12\/Diseno-sin-titulo-68.png","width":525,"height":300,"caption":"Protocolo"},"image":{"@id":"https:\/\/dev.vgs.com.ar\/protocolo\/#\/schema\/logo\/image\/"}}]}},"lang":"mx","translations":{"mx":25502,"es":23304},"pll_sync_post":[],"_links":{"self":[{"href":"https:\/\/dev.vgs.com.ar\/protocolo\/wp-json\/wp\/v2\/product\/25502","targetHints":{"allow":["GET"]}}],"collection":[{"href":"https:\/\/dev.vgs.com.ar\/protocolo\/wp-json\/wp\/v2\/product"}],"about":[{"href":"https:\/\/dev.vgs.com.ar\/protocolo\/wp-json\/wp\/v2\/types\/product"}],"replies":[{"embeddable":true,"href":"https:\/\/dev.vgs.com.ar\/protocolo\/wp-json\/wp\/v2\/comments?post=25502"}],"wp:featuredmedia":[{"embeddable":true,"href":"https:\/\/dev.vgs.com.ar\/protocolo\/wp-json\/wp\/v2\/media\/23307"}],"wp:attachment":[{"href":"https:\/\/dev.vgs.com.ar\/protocolo\/wp-json\/wp\/v2\/media?parent=25502"}],"wp:term":[{"taxonomy":"product_brand","embeddable":true,"href":"https:\/\/dev.vgs.com.ar\/protocolo\/wp-json\/wp\/v2\/product_brand?post=25502"},{"taxonomy":"product_cat","embeddable":true,"href":"https:\/\/dev.vgs.com.ar\/protocolo\/wp-json\/wp\/v2\/product_cat?post=25502"},{"taxonomy":"product_tag","embeddable":true,"href":"https:\/\/dev.vgs.com.ar\/protocolo\/wp-json\/wp\/v2\/product_tag?post=25502"}],"curies":[{"name":"wp","href":"https:\/\/api.w.org\/{rel}","templated":true}]}}