{"id":25499,"date":"2021-01-05T14:11:29","date_gmt":"2021-01-05T14:11:29","guid":{"rendered":"https:\/\/makemegr-cp137.wordpresstemporal.com\/protocolo\/producto\/import-placeholder-for-4856\/"},"modified":"2021-04-26T00:29:40","modified_gmt":"2021-04-25T22:29:40","slug":"azul-arancon","status":"publish","type":"product","link":"https:\/\/dev.vgs.com.ar\/protocolo\/mx\/producto\/coleccion\/comprar-smoking-mexico-precio\/azul-arancon\/","title":{"rendered":"Smoking Azul Arancon"},"content":{"rendered":"<p>El smoking Arancon Azul es ideal para los hombres que deseen un outfit formal pero atrevido en su boda o ceremonia, ya que la chaqueta cuenta con un fino brocado azul y solapa negra.<\/p>\n<p>Se complementa perfecto con una camisa blanca y pajarita estampada a juego con la levita, tambi\u00e9n en color azul modelo Aranc\u00f3n. El pantal\u00f3n ser\u00e1 negro, para combinar con la solapa y botones de la camisa. Modelo combinado con zapatos azules de la colecci\u00f3n de Protocolo modelo Jade.<\/p>\n","protected":false},"excerpt":{"rendered":"<p>El smoking Arancon Azul es ideal para los hombres que deseen un outfit formal pero atrevido en su boda o ceremonia, ya que la chaqueta cuenta con un fino brocado azul y solapa negra. Se complementa perfecto con una camisa blanca y pajarita estampada a juego con la levita, tambi\u00e9n en color azul modelo Aranc\u00f3n. [&hellip;]<\/p>\n","protected":false},"featured_media":23200,"comment_status":"closed","ping_status":"closed","template":"","meta":[],"product_brand":[],"product_cat":[415,430],"product_tag":[593],"class_list":{"0":"post-25499","1":"product","2":"type-product","3":"status-publish","4":"has-post-thumbnail","6":"product_cat-coleccion","7":"product_cat-comprar-smoking-mexico-precio","8":"product_tag-smoking","10":"first","11":"instock","12":"shipping-taxable","13":"purchasable","14":"product-type-simple","15":"vendible"},"yoast_head":"<!-- This site is optimized with the Yoast SEO plugin v24.5 - https:\/\/yoast.com\/wordpress\/plugins\/seo\/ -->\n<title>Smoking Azul Arancon - Protocolo<\/title>\n<meta name=\"robots\" content=\"index, follow, max-snippet:-1, max-image-preview:large, max-video-preview:-1\" \/>\n<link rel=\"canonical\" href=\"https:\/\/dev.vgs.com.ar\/protocolo\/mx\/producto\/coleccion\/comprar-smoking-mexico-precio\/azul-arancon\/\" \/>\n<meta property=\"og:locale\" content=\"es_ES\" \/>\n<meta property=\"og:type\" content=\"article\" \/>\n<meta property=\"og:title\" content=\"Smoking Azul Arancon - Protocolo\" \/>\n<meta property=\"og:description\" content=\"El smoking Arancon Azul es ideal para los hombres que deseen un outfit formal pero atrevido en su boda o ceremonia, ya que la chaqueta cuenta con un fino brocado azul y solapa negra. Se complementa perfecto con una camisa blanca y pajarita estampada a juego con la levita, tambi\u00e9n en color azul modelo Aranc\u00f3n. [&hellip;]\" \/>\n<meta property=\"og:url\" content=\"https:\/\/dev.vgs.com.ar\/protocolo\/mx\/producto\/coleccion\/comprar-smoking-mexico-precio\/azul-arancon\/\" \/>\n<meta property=\"og:site_name\" content=\"Protocolo\" \/>\n<meta property=\"article:modified_time\" content=\"2021-04-25T22:29:40+00:00\" \/>\n<meta property=\"og:image\" content=\"https:\/\/dev.vgs.com.ar\/protocolo\/wp-content\/uploads\/2021\/01\/SmokingAranconAzulPjFjAranconAzul-1.jpg\" \/>\n\t<meta property=\"og:image:width\" content=\"1024\" \/>\n\t<meta property=\"og:image:height\" content=\"1265\" \/>\n\t<meta property=\"og:image:type\" content=\"image\/jpeg\" \/>\n<meta name=\"twitter:card\" content=\"summary_large_image\" \/>\n<meta name=\"twitter:label1\" content=\"Tiempo de lectura\" \/>\n\t<meta name=\"twitter:data1\" content=\"1 minuto\" \/>\n<script type=\"application\/ld+json\" class=\"yoast-schema-graph\">{\"@context\":\"https:\/\/schema.org\",\"@graph\":[{\"@type\":\"WebPage\",\"@id\":\"https:\/\/dev.vgs.com.ar\/protocolo\/mx\/producto\/coleccion\/comprar-smoking-mexico-precio\/azul-arancon\/\",\"url\":\"https:\/\/dev.vgs.com.ar\/protocolo\/mx\/producto\/coleccion\/comprar-smoking-mexico-precio\/azul-arancon\/\",\"name\":\"Smoking Azul Arancon - Protocolo\",\"isPartOf\":{\"@id\":\"https:\/\/dev.vgs.com.ar\/protocolo\/#website\"},\"primaryImageOfPage\":{\"@id\":\"https:\/\/dev.vgs.com.ar\/protocolo\/mx\/producto\/coleccion\/comprar-smoking-mexico-precio\/azul-arancon\/#primaryimage\"},\"image\":{\"@id\":\"https:\/\/dev.vgs.com.ar\/protocolo\/mx\/producto\/coleccion\/comprar-smoking-mexico-precio\/azul-arancon\/#primaryimage\"},\"thumbnailUrl\":\"https:\/\/dev.vgs.com.ar\/protocolo\/wp-content\/uploads\/2021\/01\/SmokingAranconAzulPjFjAranconAzul-1.jpg\",\"datePublished\":\"2021-01-05T14:11:29+00:00\",\"dateModified\":\"2021-04-25T22:29:40+00:00\",\"breadcrumb\":{\"@id\":\"https:\/\/dev.vgs.com.ar\/protocolo\/mx\/producto\/coleccion\/comprar-smoking-mexico-precio\/azul-arancon\/#breadcrumb\"},\"inLanguage\":\"es\",\"potentialAction\":[{\"@type\":\"ReadAction\",\"target\":[\"https:\/\/dev.vgs.com.ar\/protocolo\/mx\/producto\/coleccion\/comprar-smoking-mexico-precio\/azul-arancon\/\"]}]},{\"@type\":\"ImageObject\",\"inLanguage\":\"es\",\"@id\":\"https:\/\/dev.vgs.com.ar\/protocolo\/mx\/producto\/coleccion\/comprar-smoking-mexico-precio\/azul-arancon\/#primaryimage\",\"url\":\"https:\/\/dev.vgs.com.ar\/protocolo\/wp-content\/uploads\/2021\/01\/SmokingAranconAzulPjFjAranconAzul-1.jpg\",\"contentUrl\":\"https:\/\/dev.vgs.com.ar\/protocolo\/wp-content\/uploads\/2021\/01\/SmokingAranconAzulPjFjAranconAzul-1.jpg\",\"width\":1024,\"height\":1265},{\"@type\":\"BreadcrumbList\",\"@id\":\"https:\/\/dev.vgs.com.ar\/protocolo\/mx\/producto\/coleccion\/comprar-smoking-mexico-precio\/azul-arancon\/#breadcrumb\",\"itemListElement\":[{\"@type\":\"ListItem\",\"position\":1,\"name\":\"Home\",\"item\":\"https:\/\/dev.vgs.com.ar\/protocolo\/\"},{\"@type\":\"ListItem\",\"position\":2,\"name\":\"Tienda\",\"item\":\"https:\/\/dev.vgs.com.ar\/protocolo\/tienda-trajes-smokings-hombres-bodas\/\"},{\"@type\":\"ListItem\",\"position\":3,\"name\":\"Smoking Azul Arancon\"}]},{\"@type\":\"WebSite\",\"@id\":\"https:\/\/dev.vgs.com.ar\/protocolo\/#website\",\"url\":\"https:\/\/dev.vgs.com.ar\/protocolo\/\",\"name\":\"Protocolo\",\"description\":\"\",\"publisher\":{\"@id\":\"https:\/\/dev.vgs.com.ar\/protocolo\/#organization\"},\"potentialAction\":[{\"@type\":\"SearchAction\",\"target\":{\"@type\":\"EntryPoint\",\"urlTemplate\":\"https:\/\/dev.vgs.com.ar\/protocolo\/?s={search_term_string}\"},\"query-input\":{\"@type\":\"PropertyValueSpecification\",\"valueRequired\":true,\"valueName\":\"search_term_string\"}}],\"inLanguage\":\"es\"},{\"@type\":\"Organization\",\"@id\":\"https:\/\/dev.vgs.com.ar\/protocolo\/#organization\",\"name\":\"Protocolo\",\"url\":\"https:\/\/dev.vgs.com.ar\/protocolo\/\",\"logo\":{\"@type\":\"ImageObject\",\"inLanguage\":\"es\",\"@id\":\"https:\/\/dev.vgs.com.ar\/protocolo\/#\/schema\/logo\/image\/\",\"url\":\"https:\/\/dev.vgs.com.ar\/protocolo\/wp-content\/uploads\/2020\/12\/Diseno-sin-titulo-68.png\",\"contentUrl\":\"https:\/\/dev.vgs.com.ar\/protocolo\/wp-content\/uploads\/2020\/12\/Diseno-sin-titulo-68.png\",\"width\":525,\"height\":300,\"caption\":\"Protocolo\"},\"image\":{\"@id\":\"https:\/\/dev.vgs.com.ar\/protocolo\/#\/schema\/logo\/image\/\"}}]}<\/script>\n<!-- \/ Yoast SEO plugin. -->","yoast_head_json":{"title":"Smoking Azul Arancon - Protocolo","robots":{"index":"index","follow":"follow","max-snippet":"max-snippet:-1","max-image-preview":"max-image-preview:large","max-video-preview":"max-video-preview:-1"},"canonical":"https:\/\/dev.vgs.com.ar\/protocolo\/mx\/producto\/coleccion\/comprar-smoking-mexico-precio\/azul-arancon\/","og_locale":"es_ES","og_type":"article","og_title":"Smoking Azul Arancon - Protocolo","og_description":"El smoking Arancon Azul es ideal para los hombres que deseen un outfit formal pero atrevido en su boda o ceremonia, ya que la chaqueta cuenta con un fino brocado azul y solapa negra. Se complementa perfecto con una camisa blanca y pajarita estampada a juego con la levita, tambi\u00e9n en color azul modelo Aranc\u00f3n. [&hellip;]","og_url":"https:\/\/dev.vgs.com.ar\/protocolo\/mx\/producto\/coleccion\/comprar-smoking-mexico-precio\/azul-arancon\/","og_site_name":"Protocolo","article_modified_time":"2021-04-25T22:29:40+00:00","og_image":[{"width":1024,"height":1265,"url":"https:\/\/dev.vgs.com.ar\/protocolo\/wp-content\/uploads\/2021\/01\/SmokingAranconAzulPjFjAranconAzul-1.jpg","type":"image\/jpeg"}],"twitter_card":"summary_large_image","twitter_misc":{"Tiempo de lectura":"1 minuto"},"schema":{"@context":"https:\/\/schema.org","@graph":[{"@type":"WebPage","@id":"https:\/\/dev.vgs.com.ar\/protocolo\/mx\/producto\/coleccion\/comprar-smoking-mexico-precio\/azul-arancon\/","url":"https:\/\/dev.vgs.com.ar\/protocolo\/mx\/producto\/coleccion\/comprar-smoking-mexico-precio\/azul-arancon\/","name":"Smoking Azul Arancon - Protocolo","isPartOf":{"@id":"https:\/\/dev.vgs.com.ar\/protocolo\/#website"},"primaryImageOfPage":{"@id":"https:\/\/dev.vgs.com.ar\/protocolo\/mx\/producto\/coleccion\/comprar-smoking-mexico-precio\/azul-arancon\/#primaryimage"},"image":{"@id":"https:\/\/dev.vgs.com.ar\/protocolo\/mx\/producto\/coleccion\/comprar-smoking-mexico-precio\/azul-arancon\/#primaryimage"},"thumbnailUrl":"https:\/\/dev.vgs.com.ar\/protocolo\/wp-content\/uploads\/2021\/01\/SmokingAranconAzulPjFjAranconAzul-1.jpg","datePublished":"2021-01-05T14:11:29+00:00","dateModified":"2021-04-25T22:29:40+00:00","breadcrumb":{"@id":"https:\/\/dev.vgs.com.ar\/protocolo\/mx\/producto\/coleccion\/comprar-smoking-mexico-precio\/azul-arancon\/#breadcrumb"},"inLanguage":"es","potentialAction":[{"@type":"ReadAction","target":["https:\/\/dev.vgs.com.ar\/protocolo\/mx\/producto\/coleccion\/comprar-smoking-mexico-precio\/azul-arancon\/"]}]},{"@type":"ImageObject","inLanguage":"es","@id":"https:\/\/dev.vgs.com.ar\/protocolo\/mx\/producto\/coleccion\/comprar-smoking-mexico-precio\/azul-arancon\/#primaryimage","url":"https:\/\/dev.vgs.com.ar\/protocolo\/wp-content\/uploads\/2021\/01\/SmokingAranconAzulPjFjAranconAzul-1.jpg","contentUrl":"https:\/\/dev.vgs.com.ar\/protocolo\/wp-content\/uploads\/2021\/01\/SmokingAranconAzulPjFjAranconAzul-1.jpg","width":1024,"height":1265},{"@type":"BreadcrumbList","@id":"https:\/\/dev.vgs.com.ar\/protocolo\/mx\/producto\/coleccion\/comprar-smoking-mexico-precio\/azul-arancon\/#breadcrumb","itemListElement":[{"@type":"ListItem","position":1,"name":"Home","item":"https:\/\/dev.vgs.com.ar\/protocolo\/"},{"@type":"ListItem","position":2,"name":"Tienda","item":"https:\/\/dev.vgs.com.ar\/protocolo\/tienda-trajes-smokings-hombres-bodas\/"},{"@type":"ListItem","position":3,"name":"Smoking Azul Arancon"}]},{"@type":"WebSite","@id":"https:\/\/dev.vgs.com.ar\/protocolo\/#website","url":"https:\/\/dev.vgs.com.ar\/protocolo\/","name":"Protocolo","description":"","publisher":{"@id":"https:\/\/dev.vgs.com.ar\/protocolo\/#organization"},"potentialAction":[{"@type":"SearchAction","target":{"@type":"EntryPoint","urlTemplate":"https:\/\/dev.vgs.com.ar\/protocolo\/?s={search_term_string}"},"query-input":{"@type":"PropertyValueSpecification","valueRequired":true,"valueName":"search_term_string"}}],"inLanguage":"es"},{"@type":"Organization","@id":"https:\/\/dev.vgs.com.ar\/protocolo\/#organization","name":"Protocolo","url":"https:\/\/dev.vgs.com.ar\/protocolo\/","logo":{"@type":"ImageObject","inLanguage":"es","@id":"https:\/\/dev.vgs.com.ar\/protocolo\/#\/schema\/logo\/image\/","url":"https:\/\/dev.vgs.com.ar\/protocolo\/wp-content\/uploads\/2020\/12\/Diseno-sin-titulo-68.png","contentUrl":"https:\/\/dev.vgs.com.ar\/protocolo\/wp-content\/uploads\/2020\/12\/Diseno-sin-titulo-68.png","width":525,"height":300,"caption":"Protocolo"},"image":{"@id":"https:\/\/dev.vgs.com.ar\/protocolo\/#\/schema\/logo\/image\/"}}]}},"lang":"mx","translations":{"mx":25499,"es":727},"pll_sync_post":[],"_links":{"self":[{"href":"https:\/\/dev.vgs.com.ar\/protocolo\/wp-json\/wp\/v2\/product\/25499","targetHints":{"allow":["GET"]}}],"collection":[{"href":"https:\/\/dev.vgs.com.ar\/protocolo\/wp-json\/wp\/v2\/product"}],"about":[{"href":"https:\/\/dev.vgs.com.ar\/protocolo\/wp-json\/wp\/v2\/types\/product"}],"replies":[{"embeddable":true,"href":"https:\/\/dev.vgs.com.ar\/protocolo\/wp-json\/wp\/v2\/comments?post=25499"}],"wp:featuredmedia":[{"embeddable":true,"href":"https:\/\/dev.vgs.com.ar\/protocolo\/wp-json\/wp\/v2\/media\/23200"}],"wp:attachment":[{"href":"https:\/\/dev.vgs.com.ar\/protocolo\/wp-json\/wp\/v2\/media?parent=25499"}],"wp:term":[{"taxonomy":"product_brand","embeddable":true,"href":"https:\/\/dev.vgs.com.ar\/protocolo\/wp-json\/wp\/v2\/product_brand?post=25499"},{"taxonomy":"product_cat","embeddable":true,"href":"https:\/\/dev.vgs.com.ar\/protocolo\/wp-json\/wp\/v2\/product_cat?post=25499"},{"taxonomy":"product_tag","embeddable":true,"href":"https:\/\/dev.vgs.com.ar\/protocolo\/wp-json\/wp\/v2\/product_tag?post=25499"}],"curies":[{"name":"wp","href":"https:\/\/api.w.org\/{rel}","templated":true}]}}