{"id":23300,"date":"2021-03-29T00:10:46","date_gmt":"2021-03-28T22:10:46","guid":{"rendered":"https:\/\/makemegr-cp137.wordpresstemporal.com\/protocolo\/?post_type=product&#038;p=23300"},"modified":"2021-05-11T09:20:41","modified_gmt":"2021-05-11T07:20:41","slug":"verde-nielsen-ingles","status":"publish","type":"product","link":"https:\/\/dev.vgs.com.ar\/protocolo\/producto\/coleccion\/comprar-chaques-boda-online\/verde-nielsen-ingles\/","title":{"rendered":"Chaque Verde Nielsen Ingl\u00e9s"},"content":{"rendered":"<p>La m\u00e1xima prenda por excelencia en ceremonia con el color de moda en esta nueva colecci\u00f3n, es el nuevo chaqu\u00e9 ingl\u00e9s verde que presentamos en la colecci\u00f3n de Protocolo. Sobriedad y modernidad combinada en este conjunto. Es el Chaqu\u00e9 Nielsen con su corte ingl\u00e9s.<\/p>\n<p>Un levita slim con su pantal\u00f3n a tono, combinado con su chaleco crudo semi cruzado y su corbata en tonos verde lima. Se trata del chaleco Coloma y corbata Petirrojo.<\/p>\n<p>Coordinado con una camisa con cuello italiano blanca especial para ceremonia. Es la camisa Galateo de la nueva colecci\u00f3n de la firma Protocolo. Lo coordinamos con los zapatos Heres. Zapatos de piel marr\u00f3n con cordones.<\/p>\n","protected":false},"excerpt":{"rendered":"<p>La m\u00e1xima prenda por excelencia en ceremonia con el color de moda en esta nueva colecci\u00f3n, es el nuevo chaqu\u00e9 ingl\u00e9s verde que presentamos en la colecci\u00f3n de Protocolo. Sobriedad y modernidad combinada en este conjunto. Es el Chaqu\u00e9 Nielsen con su corte ingl\u00e9s. Un levita slim con su pantal\u00f3n a tono, combinado con su [&hellip;]<\/p>\n","protected":false},"featured_media":23301,"comment_status":"open","ping_status":"closed","template":"","meta":[],"product_brand":[],"product_cat":[38,27],"product_tag":[],"class_list":{"0":"post-23300","1":"product","2":"type-product","3":"status-publish","4":"has-post-thumbnail","6":"product_cat-comprar-chaques-boda-online","7":"product_cat-coleccion","9":"first","10":"instock","11":"shipping-taxable","12":"purchasable","13":"product-type-simple","14":"vendible"},"yoast_head":"<!-- This site is optimized with the Yoast SEO plugin v24.5 - https:\/\/yoast.com\/wordpress\/plugins\/seo\/ -->\n<title>Chaque Verde Nielsen Ingl\u00e9s - Protocolo<\/title>\n<meta name=\"robots\" content=\"index, follow, max-snippet:-1, max-image-preview:large, max-video-preview:-1\" \/>\n<link rel=\"canonical\" href=\"https:\/\/dev.vgs.com.ar\/protocolo\/producto\/coleccion\/comprar-chaques-boda-online\/verde-nielsen-ingles\/\" \/>\n<meta property=\"og:locale\" content=\"es_ES\" \/>\n<meta property=\"og:type\" content=\"article\" \/>\n<meta property=\"og:title\" content=\"Chaque Verde Nielsen Ingl\u00e9s - Protocolo\" \/>\n<meta property=\"og:description\" content=\"La m\u00e1xima prenda por excelencia en ceremonia con el color de moda en esta nueva colecci\u00f3n, es el nuevo chaqu\u00e9 ingl\u00e9s verde que presentamos en la colecci\u00f3n de Protocolo. Sobriedad y modernidad combinada en este conjunto. Es el Chaqu\u00e9 Nielsen con su corte ingl\u00e9s. Un levita slim con su pantal\u00f3n a tono, combinado con su [&hellip;]\" \/>\n<meta property=\"og:url\" content=\"https:\/\/dev.vgs.com.ar\/protocolo\/producto\/coleccion\/comprar-chaques-boda-online\/verde-nielsen-ingles\/\" \/>\n<meta property=\"og:site_name\" content=\"Protocolo\" \/>\n<meta property=\"article:modified_time\" content=\"2021-05-11T07:20:41+00:00\" \/>\n<meta property=\"og:image\" content=\"https:\/\/dev.vgs.com.ar\/protocolo\/wp-content\/uploads\/2021\/03\/nielsen-chaque-de-fiesta-verde-nueva-coleccion-protocolo-novios.jpeg\" \/>\n\t<meta property=\"og:image:width\" content=\"1000\" \/>\n\t<meta property=\"og:image:height\" content=\"1500\" \/>\n\t<meta property=\"og:image:type\" content=\"image\/jpeg\" \/>\n<meta name=\"twitter:card\" content=\"summary_large_image\" \/>\n<meta name=\"twitter:label1\" content=\"Tiempo de lectura\" \/>\n\t<meta name=\"twitter:data1\" content=\"1 minuto\" \/>\n<script type=\"application\/ld+json\" class=\"yoast-schema-graph\">{\"@context\":\"https:\/\/schema.org\",\"@graph\":[{\"@type\":\"WebPage\",\"@id\":\"https:\/\/dev.vgs.com.ar\/protocolo\/producto\/coleccion\/comprar-chaques-boda-online\/verde-nielsen-ingles\/\",\"url\":\"https:\/\/dev.vgs.com.ar\/protocolo\/producto\/coleccion\/comprar-chaques-boda-online\/verde-nielsen-ingles\/\",\"name\":\"Chaque Verde Nielsen Ingl\u00e9s - Protocolo\",\"isPartOf\":{\"@id\":\"https:\/\/dev.vgs.com.ar\/protocolo\/#website\"},\"primaryImageOfPage\":{\"@id\":\"https:\/\/dev.vgs.com.ar\/protocolo\/producto\/coleccion\/comprar-chaques-boda-online\/verde-nielsen-ingles\/#primaryimage\"},\"image\":{\"@id\":\"https:\/\/dev.vgs.com.ar\/protocolo\/producto\/coleccion\/comprar-chaques-boda-online\/verde-nielsen-ingles\/#primaryimage\"},\"thumbnailUrl\":\"https:\/\/dev.vgs.com.ar\/protocolo\/wp-content\/uploads\/2021\/03\/nielsen-chaque-de-fiesta-verde-nueva-coleccion-protocolo-novios.jpeg\",\"datePublished\":\"2021-03-28T22:10:46+00:00\",\"dateModified\":\"2021-05-11T07:20:41+00:00\",\"breadcrumb\":{\"@id\":\"https:\/\/dev.vgs.com.ar\/protocolo\/producto\/coleccion\/comprar-chaques-boda-online\/verde-nielsen-ingles\/#breadcrumb\"},\"inLanguage\":\"es\",\"potentialAction\":[{\"@type\":\"ReadAction\",\"target\":[\"https:\/\/dev.vgs.com.ar\/protocolo\/producto\/coleccion\/comprar-chaques-boda-online\/verde-nielsen-ingles\/\"]}]},{\"@type\":\"ImageObject\",\"inLanguage\":\"es\",\"@id\":\"https:\/\/dev.vgs.com.ar\/protocolo\/producto\/coleccion\/comprar-chaques-boda-online\/verde-nielsen-ingles\/#primaryimage\",\"url\":\"https:\/\/dev.vgs.com.ar\/protocolo\/wp-content\/uploads\/2021\/03\/nielsen-chaque-de-fiesta-verde-nueva-coleccion-protocolo-novios.jpeg\",\"contentUrl\":\"https:\/\/dev.vgs.com.ar\/protocolo\/wp-content\/uploads\/2021\/03\/nielsen-chaque-de-fiesta-verde-nueva-coleccion-protocolo-novios.jpeg\",\"width\":1000,\"height\":1500},{\"@type\":\"BreadcrumbList\",\"@id\":\"https:\/\/dev.vgs.com.ar\/protocolo\/producto\/coleccion\/comprar-chaques-boda-online\/verde-nielsen-ingles\/#breadcrumb\",\"itemListElement\":[{\"@type\":\"ListItem\",\"position\":1,\"name\":\"Home\",\"item\":\"https:\/\/dev.vgs.com.ar\/protocolo\/\"},{\"@type\":\"ListItem\",\"position\":2,\"name\":\"Tienda\",\"item\":\"https:\/\/dev.vgs.com.ar\/protocolo\/tienda-trajes-smokings-hombres-bodas\/\"},{\"@type\":\"ListItem\",\"position\":3,\"name\":\"Chaque Verde Nielsen Ingl\u00e9s\"}]},{\"@type\":\"WebSite\",\"@id\":\"https:\/\/dev.vgs.com.ar\/protocolo\/#website\",\"url\":\"https:\/\/dev.vgs.com.ar\/protocolo\/\",\"name\":\"Protocolo\",\"description\":\"\",\"publisher\":{\"@id\":\"https:\/\/dev.vgs.com.ar\/protocolo\/#organization\"},\"potentialAction\":[{\"@type\":\"SearchAction\",\"target\":{\"@type\":\"EntryPoint\",\"urlTemplate\":\"https:\/\/dev.vgs.com.ar\/protocolo\/?s={search_term_string}\"},\"query-input\":{\"@type\":\"PropertyValueSpecification\",\"valueRequired\":true,\"valueName\":\"search_term_string\"}}],\"inLanguage\":\"es\"},{\"@type\":\"Organization\",\"@id\":\"https:\/\/dev.vgs.com.ar\/protocolo\/#organization\",\"name\":\"Protocolo\",\"url\":\"https:\/\/dev.vgs.com.ar\/protocolo\/\",\"logo\":{\"@type\":\"ImageObject\",\"inLanguage\":\"es\",\"@id\":\"https:\/\/dev.vgs.com.ar\/protocolo\/#\/schema\/logo\/image\/\",\"url\":\"https:\/\/dev.vgs.com.ar\/protocolo\/wp-content\/uploads\/2020\/12\/Diseno-sin-titulo-68.png\",\"contentUrl\":\"https:\/\/dev.vgs.com.ar\/protocolo\/wp-content\/uploads\/2020\/12\/Diseno-sin-titulo-68.png\",\"width\":525,\"height\":300,\"caption\":\"Protocolo\"},\"image\":{\"@id\":\"https:\/\/dev.vgs.com.ar\/protocolo\/#\/schema\/logo\/image\/\"}}]}<\/script>\n<!-- \/ Yoast SEO plugin. -->","yoast_head_json":{"title":"Chaque Verde Nielsen Ingl\u00e9s - Protocolo","robots":{"index":"index","follow":"follow","max-snippet":"max-snippet:-1","max-image-preview":"max-image-preview:large","max-video-preview":"max-video-preview:-1"},"canonical":"https:\/\/dev.vgs.com.ar\/protocolo\/producto\/coleccion\/comprar-chaques-boda-online\/verde-nielsen-ingles\/","og_locale":"es_ES","og_type":"article","og_title":"Chaque Verde Nielsen Ingl\u00e9s - Protocolo","og_description":"La m\u00e1xima prenda por excelencia en ceremonia con el color de moda en esta nueva colecci\u00f3n, es el nuevo chaqu\u00e9 ingl\u00e9s verde que presentamos en la colecci\u00f3n de Protocolo. Sobriedad y modernidad combinada en este conjunto. Es el Chaqu\u00e9 Nielsen con su corte ingl\u00e9s. Un levita slim con su pantal\u00f3n a tono, combinado con su [&hellip;]","og_url":"https:\/\/dev.vgs.com.ar\/protocolo\/producto\/coleccion\/comprar-chaques-boda-online\/verde-nielsen-ingles\/","og_site_name":"Protocolo","article_modified_time":"2021-05-11T07:20:41+00:00","og_image":[{"width":1000,"height":1500,"url":"https:\/\/dev.vgs.com.ar\/protocolo\/wp-content\/uploads\/2021\/03\/nielsen-chaque-de-fiesta-verde-nueva-coleccion-protocolo-novios.jpeg","type":"image\/jpeg"}],"twitter_card":"summary_large_image","twitter_misc":{"Tiempo de lectura":"1 minuto"},"schema":{"@context":"https:\/\/schema.org","@graph":[{"@type":"WebPage","@id":"https:\/\/dev.vgs.com.ar\/protocolo\/producto\/coleccion\/comprar-chaques-boda-online\/verde-nielsen-ingles\/","url":"https:\/\/dev.vgs.com.ar\/protocolo\/producto\/coleccion\/comprar-chaques-boda-online\/verde-nielsen-ingles\/","name":"Chaque Verde Nielsen Ingl\u00e9s - Protocolo","isPartOf":{"@id":"https:\/\/dev.vgs.com.ar\/protocolo\/#website"},"primaryImageOfPage":{"@id":"https:\/\/dev.vgs.com.ar\/protocolo\/producto\/coleccion\/comprar-chaques-boda-online\/verde-nielsen-ingles\/#primaryimage"},"image":{"@id":"https:\/\/dev.vgs.com.ar\/protocolo\/producto\/coleccion\/comprar-chaques-boda-online\/verde-nielsen-ingles\/#primaryimage"},"thumbnailUrl":"https:\/\/dev.vgs.com.ar\/protocolo\/wp-content\/uploads\/2021\/03\/nielsen-chaque-de-fiesta-verde-nueva-coleccion-protocolo-novios.jpeg","datePublished":"2021-03-28T22:10:46+00:00","dateModified":"2021-05-11T07:20:41+00:00","breadcrumb":{"@id":"https:\/\/dev.vgs.com.ar\/protocolo\/producto\/coleccion\/comprar-chaques-boda-online\/verde-nielsen-ingles\/#breadcrumb"},"inLanguage":"es","potentialAction":[{"@type":"ReadAction","target":["https:\/\/dev.vgs.com.ar\/protocolo\/producto\/coleccion\/comprar-chaques-boda-online\/verde-nielsen-ingles\/"]}]},{"@type":"ImageObject","inLanguage":"es","@id":"https:\/\/dev.vgs.com.ar\/protocolo\/producto\/coleccion\/comprar-chaques-boda-online\/verde-nielsen-ingles\/#primaryimage","url":"https:\/\/dev.vgs.com.ar\/protocolo\/wp-content\/uploads\/2021\/03\/nielsen-chaque-de-fiesta-verde-nueva-coleccion-protocolo-novios.jpeg","contentUrl":"https:\/\/dev.vgs.com.ar\/protocolo\/wp-content\/uploads\/2021\/03\/nielsen-chaque-de-fiesta-verde-nueva-coleccion-protocolo-novios.jpeg","width":1000,"height":1500},{"@type":"BreadcrumbList","@id":"https:\/\/dev.vgs.com.ar\/protocolo\/producto\/coleccion\/comprar-chaques-boda-online\/verde-nielsen-ingles\/#breadcrumb","itemListElement":[{"@type":"ListItem","position":1,"name":"Home","item":"https:\/\/dev.vgs.com.ar\/protocolo\/"},{"@type":"ListItem","position":2,"name":"Tienda","item":"https:\/\/dev.vgs.com.ar\/protocolo\/tienda-trajes-smokings-hombres-bodas\/"},{"@type":"ListItem","position":3,"name":"Chaque Verde Nielsen Ingl\u00e9s"}]},{"@type":"WebSite","@id":"https:\/\/dev.vgs.com.ar\/protocolo\/#website","url":"https:\/\/dev.vgs.com.ar\/protocolo\/","name":"Protocolo","description":"","publisher":{"@id":"https:\/\/dev.vgs.com.ar\/protocolo\/#organization"},"potentialAction":[{"@type":"SearchAction","target":{"@type":"EntryPoint","urlTemplate":"https:\/\/dev.vgs.com.ar\/protocolo\/?s={search_term_string}"},"query-input":{"@type":"PropertyValueSpecification","valueRequired":true,"valueName":"search_term_string"}}],"inLanguage":"es"},{"@type":"Organization","@id":"https:\/\/dev.vgs.com.ar\/protocolo\/#organization","name":"Protocolo","url":"https:\/\/dev.vgs.com.ar\/protocolo\/","logo":{"@type":"ImageObject","inLanguage":"es","@id":"https:\/\/dev.vgs.com.ar\/protocolo\/#\/schema\/logo\/image\/","url":"https:\/\/dev.vgs.com.ar\/protocolo\/wp-content\/uploads\/2020\/12\/Diseno-sin-titulo-68.png","contentUrl":"https:\/\/dev.vgs.com.ar\/protocolo\/wp-content\/uploads\/2020\/12\/Diseno-sin-titulo-68.png","width":525,"height":300,"caption":"Protocolo"},"image":{"@id":"https:\/\/dev.vgs.com.ar\/protocolo\/#\/schema\/logo\/image\/"}}]}},"lang":"es","translations":{"es":23300},"pll_sync_post":[],"_links":{"self":[{"href":"https:\/\/dev.vgs.com.ar\/protocolo\/wp-json\/wp\/v2\/product\/23300","targetHints":{"allow":["GET"]}}],"collection":[{"href":"https:\/\/dev.vgs.com.ar\/protocolo\/wp-json\/wp\/v2\/product"}],"about":[{"href":"https:\/\/dev.vgs.com.ar\/protocolo\/wp-json\/wp\/v2\/types\/product"}],"replies":[{"embeddable":true,"href":"https:\/\/dev.vgs.com.ar\/protocolo\/wp-json\/wp\/v2\/comments?post=23300"}],"wp:featuredmedia":[{"embeddable":true,"href":"https:\/\/dev.vgs.com.ar\/protocolo\/wp-json\/wp\/v2\/media\/23301"}],"wp:attachment":[{"href":"https:\/\/dev.vgs.com.ar\/protocolo\/wp-json\/wp\/v2\/media?parent=23300"}],"wp:term":[{"taxonomy":"product_brand","embeddable":true,"href":"https:\/\/dev.vgs.com.ar\/protocolo\/wp-json\/wp\/v2\/product_brand?post=23300"},{"taxonomy":"product_cat","embeddable":true,"href":"https:\/\/dev.vgs.com.ar\/protocolo\/wp-json\/wp\/v2\/product_cat?post=23300"},{"taxonomy":"product_tag","embeddable":true,"href":"https:\/\/dev.vgs.com.ar\/protocolo\/wp-json\/wp\/v2\/product_tag?post=23300"}],"curies":[{"name":"wp","href":"https:\/\/api.w.org\/{rel}","templated":true}]}}