{"id":1418,"date":"2021-01-05T14:19:32","date_gmt":"2021-01-05T12:19:32","guid":{"rendered":"https:\/\/makemegr-cp137.wordpresstemporal.com\/protocolo\/producto\/import-placeholder-for-21937\/"},"modified":"2021-05-11T09:10:32","modified_gmt":"2021-05-11T07:10:32","slug":"verde-obidos","status":"publish","type":"product","link":"https:\/\/dev.vgs.com.ar\/protocolo\/producto\/coleccion\/comprar-trajes-bodas-online\/verde-obidos\/","title":{"rendered":"Traje Verde Obidos Cal"},"content":{"rendered":"<p>Para el novio que quiere ir vestido el d\u00eda de su boda al color m\u00e1s de moda este a\u00f1o, el traje Obidos es su elecci\u00f3n. Un traje, con su semilevita y pantal\u00f3n en color verde petr\u00f3leo.<\/p>\n<p>Coordinado con un elegante chaleco semicruzado en color crudo y la corbanda en tonos crudos con l\u00edneas verdes de fantas\u00eda. El chaleco Carrera y la corbanda Dolfos coordinado con la camisa cruda de cuello italiano, de la colecci\u00f3n especial dise\u00f1ada para los novios por Protocolo.<\/p>\n<p>La elecci\u00f3n de los zapatos de piel negra con cordones Gelman negro completan el look de este conjunto de etiqueta para un novio que quiere estar a la \u00faltima.<\/p>\n","protected":false},"excerpt":{"rendered":"<p>Para el novio que quiere ir vestido el d\u00eda de su boda al color m\u00e1s de moda este a\u00f1o, el traje Obidos es su elecci\u00f3n. Un traje, con su semilevita y pantal\u00f3n en color verde petr\u00f3leo. Coordinado con un elegante chaleco semicruzado en color crudo y la corbanda en tonos crudos con l\u00edneas verdes de [&hellip;]<\/p>\n","protected":false},"featured_media":1550,"comment_status":"closed","ping_status":"closed","template":"","meta":[],"product_brand":[],"product_cat":[27,35],"product_tag":[],"class_list":{"0":"post-1418","1":"product","2":"type-product","3":"status-publish","4":"has-post-thumbnail","6":"product_cat-coleccion","7":"product_cat-comprar-trajes-bodas-online","9":"first","10":"instock","11":"shipping-taxable","12":"purchasable","13":"product-type-simple","14":"vendible"},"yoast_head":"<!-- This site is optimized with the Yoast SEO plugin v24.5 - https:\/\/yoast.com\/wordpress\/plugins\/seo\/ -->\n<title>Traje Verde Obidos Cal - Protocolo<\/title>\n<meta name=\"robots\" content=\"index, follow, max-snippet:-1, max-image-preview:large, max-video-preview:-1\" \/>\n<link rel=\"canonical\" href=\"https:\/\/dev.vgs.com.ar\/protocolo\/producto\/coleccion\/comprar-trajes-bodas-online\/verde-obidos\/\" \/>\n<meta property=\"og:locale\" content=\"es_ES\" \/>\n<meta property=\"og:type\" content=\"article\" \/>\n<meta property=\"og:title\" content=\"Traje Verde Obidos Cal - Protocolo\" \/>\n<meta property=\"og:description\" content=\"Para el novio que quiere ir vestido el d\u00eda de su boda al color m\u00e1s de moda este a\u00f1o, el traje Obidos es su elecci\u00f3n. Un traje, con su semilevita y pantal\u00f3n en color verde petr\u00f3leo. Coordinado con un elegante chaleco semicruzado en color crudo y la corbanda en tonos crudos con l\u00edneas verdes de [&hellip;]\" \/>\n<meta property=\"og:url\" content=\"https:\/\/dev.vgs.com.ar\/protocolo\/producto\/coleccion\/comprar-trajes-bodas-online\/verde-obidos\/\" \/>\n<meta property=\"og:site_name\" content=\"Protocolo\" \/>\n<meta property=\"article:modified_time\" content=\"2021-05-11T07:10:32+00:00\" \/>\n<meta property=\"og:image\" content=\"https:\/\/dev.vgs.com.ar\/protocolo\/wp-content\/uploads\/2021\/01\/traje-verde-de-novio-nueva-coleccion-protocolo-novios.jpg\" \/>\n\t<meta property=\"og:image:width\" content=\"1000\" \/>\n\t<meta property=\"og:image:height\" content=\"1500\" \/>\n\t<meta property=\"og:image:type\" content=\"image\/jpeg\" \/>\n<meta name=\"twitter:card\" content=\"summary_large_image\" \/>\n<meta name=\"twitter:label1\" content=\"Tiempo de lectura\" \/>\n\t<meta name=\"twitter:data1\" content=\"1 minuto\" \/>\n<script type=\"application\/ld+json\" class=\"yoast-schema-graph\">{\"@context\":\"https:\/\/schema.org\",\"@graph\":[{\"@type\":\"WebPage\",\"@id\":\"https:\/\/dev.vgs.com.ar\/protocolo\/producto\/coleccion\/comprar-trajes-bodas-online\/verde-obidos\/\",\"url\":\"https:\/\/dev.vgs.com.ar\/protocolo\/producto\/coleccion\/comprar-trajes-bodas-online\/verde-obidos\/\",\"name\":\"Traje Verde Obidos Cal - Protocolo\",\"isPartOf\":{\"@id\":\"https:\/\/dev.vgs.com.ar\/protocolo\/#website\"},\"primaryImageOfPage\":{\"@id\":\"https:\/\/dev.vgs.com.ar\/protocolo\/producto\/coleccion\/comprar-trajes-bodas-online\/verde-obidos\/#primaryimage\"},\"image\":{\"@id\":\"https:\/\/dev.vgs.com.ar\/protocolo\/producto\/coleccion\/comprar-trajes-bodas-online\/verde-obidos\/#primaryimage\"},\"thumbnailUrl\":\"https:\/\/dev.vgs.com.ar\/protocolo\/wp-content\/uploads\/2021\/01\/traje-verde-de-novio-nueva-coleccion-protocolo-novios.jpg\",\"datePublished\":\"2021-01-05T12:19:32+00:00\",\"dateModified\":\"2021-05-11T07:10:32+00:00\",\"breadcrumb\":{\"@id\":\"https:\/\/dev.vgs.com.ar\/protocolo\/producto\/coleccion\/comprar-trajes-bodas-online\/verde-obidos\/#breadcrumb\"},\"inLanguage\":\"es\",\"potentialAction\":[{\"@type\":\"ReadAction\",\"target\":[\"https:\/\/dev.vgs.com.ar\/protocolo\/producto\/coleccion\/comprar-trajes-bodas-online\/verde-obidos\/\"]}]},{\"@type\":\"ImageObject\",\"inLanguage\":\"es\",\"@id\":\"https:\/\/dev.vgs.com.ar\/protocolo\/producto\/coleccion\/comprar-trajes-bodas-online\/verde-obidos\/#primaryimage\",\"url\":\"https:\/\/dev.vgs.com.ar\/protocolo\/wp-content\/uploads\/2021\/01\/traje-verde-de-novio-nueva-coleccion-protocolo-novios.jpg\",\"contentUrl\":\"https:\/\/dev.vgs.com.ar\/protocolo\/wp-content\/uploads\/2021\/01\/traje-verde-de-novio-nueva-coleccion-protocolo-novios.jpg\",\"width\":1000,\"height\":1500},{\"@type\":\"BreadcrumbList\",\"@id\":\"https:\/\/dev.vgs.com.ar\/protocolo\/producto\/coleccion\/comprar-trajes-bodas-online\/verde-obidos\/#breadcrumb\",\"itemListElement\":[{\"@type\":\"ListItem\",\"position\":1,\"name\":\"Home\",\"item\":\"https:\/\/dev.vgs.com.ar\/protocolo\/\"},{\"@type\":\"ListItem\",\"position\":2,\"name\":\"Tienda\",\"item\":\"https:\/\/dev.vgs.com.ar\/protocolo\/tienda-trajes-smokings-hombres-bodas\/\"},{\"@type\":\"ListItem\",\"position\":3,\"name\":\"Traje Verde Obidos Cal\"}]},{\"@type\":\"WebSite\",\"@id\":\"https:\/\/dev.vgs.com.ar\/protocolo\/#website\",\"url\":\"https:\/\/dev.vgs.com.ar\/protocolo\/\",\"name\":\"Protocolo\",\"description\":\"\",\"publisher\":{\"@id\":\"https:\/\/dev.vgs.com.ar\/protocolo\/#organization\"},\"potentialAction\":[{\"@type\":\"SearchAction\",\"target\":{\"@type\":\"EntryPoint\",\"urlTemplate\":\"https:\/\/dev.vgs.com.ar\/protocolo\/?s={search_term_string}\"},\"query-input\":{\"@type\":\"PropertyValueSpecification\",\"valueRequired\":true,\"valueName\":\"search_term_string\"}}],\"inLanguage\":\"es\"},{\"@type\":\"Organization\",\"@id\":\"https:\/\/dev.vgs.com.ar\/protocolo\/#organization\",\"name\":\"Protocolo\",\"url\":\"https:\/\/dev.vgs.com.ar\/protocolo\/\",\"logo\":{\"@type\":\"ImageObject\",\"inLanguage\":\"es\",\"@id\":\"https:\/\/dev.vgs.com.ar\/protocolo\/#\/schema\/logo\/image\/\",\"url\":\"https:\/\/dev.vgs.com.ar\/protocolo\/wp-content\/uploads\/2020\/12\/Diseno-sin-titulo-68.png\",\"contentUrl\":\"https:\/\/dev.vgs.com.ar\/protocolo\/wp-content\/uploads\/2020\/12\/Diseno-sin-titulo-68.png\",\"width\":525,\"height\":300,\"caption\":\"Protocolo\"},\"image\":{\"@id\":\"https:\/\/dev.vgs.com.ar\/protocolo\/#\/schema\/logo\/image\/\"}}]}<\/script>\n<!-- \/ Yoast SEO plugin. -->","yoast_head_json":{"title":"Traje Verde Obidos Cal - Protocolo","robots":{"index":"index","follow":"follow","max-snippet":"max-snippet:-1","max-image-preview":"max-image-preview:large","max-video-preview":"max-video-preview:-1"},"canonical":"https:\/\/dev.vgs.com.ar\/protocolo\/producto\/coleccion\/comprar-trajes-bodas-online\/verde-obidos\/","og_locale":"es_ES","og_type":"article","og_title":"Traje Verde Obidos Cal - Protocolo","og_description":"Para el novio que quiere ir vestido el d\u00eda de su boda al color m\u00e1s de moda este a\u00f1o, el traje Obidos es su elecci\u00f3n. Un traje, con su semilevita y pantal\u00f3n en color verde petr\u00f3leo. Coordinado con un elegante chaleco semicruzado en color crudo y la corbanda en tonos crudos con l\u00edneas verdes de [&hellip;]","og_url":"https:\/\/dev.vgs.com.ar\/protocolo\/producto\/coleccion\/comprar-trajes-bodas-online\/verde-obidos\/","og_site_name":"Protocolo","article_modified_time":"2021-05-11T07:10:32+00:00","og_image":[{"width":1000,"height":1500,"url":"https:\/\/dev.vgs.com.ar\/protocolo\/wp-content\/uploads\/2021\/01\/traje-verde-de-novio-nueva-coleccion-protocolo-novios.jpg","type":"image\/jpeg"}],"twitter_card":"summary_large_image","twitter_misc":{"Tiempo de lectura":"1 minuto"},"schema":{"@context":"https:\/\/schema.org","@graph":[{"@type":"WebPage","@id":"https:\/\/dev.vgs.com.ar\/protocolo\/producto\/coleccion\/comprar-trajes-bodas-online\/verde-obidos\/","url":"https:\/\/dev.vgs.com.ar\/protocolo\/producto\/coleccion\/comprar-trajes-bodas-online\/verde-obidos\/","name":"Traje Verde Obidos Cal - Protocolo","isPartOf":{"@id":"https:\/\/dev.vgs.com.ar\/protocolo\/#website"},"primaryImageOfPage":{"@id":"https:\/\/dev.vgs.com.ar\/protocolo\/producto\/coleccion\/comprar-trajes-bodas-online\/verde-obidos\/#primaryimage"},"image":{"@id":"https:\/\/dev.vgs.com.ar\/protocolo\/producto\/coleccion\/comprar-trajes-bodas-online\/verde-obidos\/#primaryimage"},"thumbnailUrl":"https:\/\/dev.vgs.com.ar\/protocolo\/wp-content\/uploads\/2021\/01\/traje-verde-de-novio-nueva-coleccion-protocolo-novios.jpg","datePublished":"2021-01-05T12:19:32+00:00","dateModified":"2021-05-11T07:10:32+00:00","breadcrumb":{"@id":"https:\/\/dev.vgs.com.ar\/protocolo\/producto\/coleccion\/comprar-trajes-bodas-online\/verde-obidos\/#breadcrumb"},"inLanguage":"es","potentialAction":[{"@type":"ReadAction","target":["https:\/\/dev.vgs.com.ar\/protocolo\/producto\/coleccion\/comprar-trajes-bodas-online\/verde-obidos\/"]}]},{"@type":"ImageObject","inLanguage":"es","@id":"https:\/\/dev.vgs.com.ar\/protocolo\/producto\/coleccion\/comprar-trajes-bodas-online\/verde-obidos\/#primaryimage","url":"https:\/\/dev.vgs.com.ar\/protocolo\/wp-content\/uploads\/2021\/01\/traje-verde-de-novio-nueva-coleccion-protocolo-novios.jpg","contentUrl":"https:\/\/dev.vgs.com.ar\/protocolo\/wp-content\/uploads\/2021\/01\/traje-verde-de-novio-nueva-coleccion-protocolo-novios.jpg","width":1000,"height":1500},{"@type":"BreadcrumbList","@id":"https:\/\/dev.vgs.com.ar\/protocolo\/producto\/coleccion\/comprar-trajes-bodas-online\/verde-obidos\/#breadcrumb","itemListElement":[{"@type":"ListItem","position":1,"name":"Home","item":"https:\/\/dev.vgs.com.ar\/protocolo\/"},{"@type":"ListItem","position":2,"name":"Tienda","item":"https:\/\/dev.vgs.com.ar\/protocolo\/tienda-trajes-smokings-hombres-bodas\/"},{"@type":"ListItem","position":3,"name":"Traje Verde Obidos Cal"}]},{"@type":"WebSite","@id":"https:\/\/dev.vgs.com.ar\/protocolo\/#website","url":"https:\/\/dev.vgs.com.ar\/protocolo\/","name":"Protocolo","description":"","publisher":{"@id":"https:\/\/dev.vgs.com.ar\/protocolo\/#organization"},"potentialAction":[{"@type":"SearchAction","target":{"@type":"EntryPoint","urlTemplate":"https:\/\/dev.vgs.com.ar\/protocolo\/?s={search_term_string}"},"query-input":{"@type":"PropertyValueSpecification","valueRequired":true,"valueName":"search_term_string"}}],"inLanguage":"es"},{"@type":"Organization","@id":"https:\/\/dev.vgs.com.ar\/protocolo\/#organization","name":"Protocolo","url":"https:\/\/dev.vgs.com.ar\/protocolo\/","logo":{"@type":"ImageObject","inLanguage":"es","@id":"https:\/\/dev.vgs.com.ar\/protocolo\/#\/schema\/logo\/image\/","url":"https:\/\/dev.vgs.com.ar\/protocolo\/wp-content\/uploads\/2020\/12\/Diseno-sin-titulo-68.png","contentUrl":"https:\/\/dev.vgs.com.ar\/protocolo\/wp-content\/uploads\/2020\/12\/Diseno-sin-titulo-68.png","width":525,"height":300,"caption":"Protocolo"},"image":{"@id":"https:\/\/dev.vgs.com.ar\/protocolo\/#\/schema\/logo\/image\/"}}]}},"lang":"es","translations":{"es":1418},"pll_sync_post":[],"_links":{"self":[{"href":"https:\/\/dev.vgs.com.ar\/protocolo\/wp-json\/wp\/v2\/product\/1418","targetHints":{"allow":["GET"]}}],"collection":[{"href":"https:\/\/dev.vgs.com.ar\/protocolo\/wp-json\/wp\/v2\/product"}],"about":[{"href":"https:\/\/dev.vgs.com.ar\/protocolo\/wp-json\/wp\/v2\/types\/product"}],"replies":[{"embeddable":true,"href":"https:\/\/dev.vgs.com.ar\/protocolo\/wp-json\/wp\/v2\/comments?post=1418"}],"wp:featuredmedia":[{"embeddable":true,"href":"https:\/\/dev.vgs.com.ar\/protocolo\/wp-json\/wp\/v2\/media\/1550"}],"wp:attachment":[{"href":"https:\/\/dev.vgs.com.ar\/protocolo\/wp-json\/wp\/v2\/media?parent=1418"}],"wp:term":[{"taxonomy":"product_brand","embeddable":true,"href":"https:\/\/dev.vgs.com.ar\/protocolo\/wp-json\/wp\/v2\/product_brand?post=1418"},{"taxonomy":"product_cat","embeddable":true,"href":"https:\/\/dev.vgs.com.ar\/protocolo\/wp-json\/wp\/v2\/product_cat?post=1418"},{"taxonomy":"product_tag","embeddable":true,"href":"https:\/\/dev.vgs.com.ar\/protocolo\/wp-json\/wp\/v2\/product_tag?post=1418"}],"curies":[{"name":"wp","href":"https:\/\/api.w.org\/{rel}","templated":true}]}}