{"id":1398,"date":"2021-01-05T14:19:11","date_gmt":"2021-01-05T14:19:11","guid":{"rendered":"https:\/\/makemegr-cp137.wordpresstemporal.com\/protocolo\/producto\/import-placeholder-for-21873\/"},"modified":"2021-04-25T22:46:04","modified_gmt":"2021-04-25T20:46:04","slug":"gris-glen-ainsa","status":"publish","type":"product","link":"https:\/\/dev.vgs.com.ar\/protocolo\/producto\/coleccion\/comprar-trajes-bodas-online\/gris-glen-ainsa\/","title":{"rendered":"Traje Gris Glen Ainsa"},"content":{"rendered":"<p>Si eres un novio a\u00f1os 20 y te gusta ir diferente, aqu\u00ed te proponemos este conjunto pensado para ti. Te proponemos esta semilevita en tono gris marengo con solapa y corte en delanteros del traje a contraste y vivos de los bolsillos en brocado dorado, prenda diferente donde las haya, coordinada con el chaleco semicruzado que va a juego con los brocados del traje.<\/p>\n<p>La corbanda en tonos dorados le da un toque muy de celebraci\u00f3n a este traje. Como el traje es lo suficiente divertido lo acompa\u00f1aremos con unos zapatos de piel en negro con cordones de nuestra exclusiva colecci\u00f3n, modelo Heres.<\/p>\n","protected":false},"excerpt":{"rendered":"<p>Si eres un novio a\u00f1os 20 y te gusta ir diferente, aqu\u00ed te proponemos este conjunto pensado para ti. Te proponemos esta semilevita en tono gris marengo con solapa y corte en delanteros del traje a contraste y vivos de los bolsillos en brocado dorado, prenda diferente donde las haya, coordinada con el chaleco semicruzado [&hellip;]<\/p>\n","protected":false},"featured_media":1539,"comment_status":"closed","ping_status":"closed","template":"","meta":[],"product_brand":[],"product_cat":[27,35],"product_tag":[],"class_list":{"0":"post-1398","1":"product","2":"type-product","3":"status-publish","4":"has-post-thumbnail","6":"product_cat-coleccion","7":"product_cat-comprar-trajes-bodas-online","9":"first","10":"instock","11":"shipping-taxable","12":"purchasable","13":"product-type-simple","14":"vendible"},"yoast_head":"<!-- This site is optimized with the Yoast SEO plugin v24.5 - https:\/\/yoast.com\/wordpress\/plugins\/seo\/ -->\n<title>Traje Gris Glen Ainsa - Protocolo<\/title>\n<meta name=\"robots\" content=\"index, follow, max-snippet:-1, max-image-preview:large, max-video-preview:-1\" \/>\n<link rel=\"canonical\" href=\"https:\/\/dev.vgs.com.ar\/protocolo\/producto\/coleccion\/comprar-trajes-bodas-online\/gris-glen-ainsa\/\" \/>\n<meta property=\"og:locale\" content=\"es_ES\" \/>\n<meta property=\"og:type\" content=\"article\" \/>\n<meta property=\"og:title\" content=\"Traje Gris Glen Ainsa - Protocolo\" \/>\n<meta property=\"og:description\" content=\"Si eres un novio a\u00f1os 20 y te gusta ir diferente, aqu\u00ed te proponemos este conjunto pensado para ti. Te proponemos esta semilevita en tono gris marengo con solapa y corte en delanteros del traje a contraste y vivos de los bolsillos en brocado dorado, prenda diferente donde las haya, coordinada con el chaleco semicruzado [&hellip;]\" \/>\n<meta property=\"og:url\" content=\"https:\/\/dev.vgs.com.ar\/protocolo\/producto\/coleccion\/comprar-trajes-bodas-online\/gris-glen-ainsa\/\" \/>\n<meta property=\"og:site_name\" content=\"Protocolo\" \/>\n<meta property=\"article:modified_time\" content=\"2021-04-25T20:46:04+00:00\" \/>\n<meta property=\"og:image\" content=\"https:\/\/dev.vgs.com.ar\/protocolo\/wp-content\/uploads\/2021\/01\/traje-de-novio-fantasia-gris-detalles-dorados-protocolo-novios.jpg\" \/>\n\t<meta property=\"og:image:width\" content=\"1000\" \/>\n\t<meta property=\"og:image:height\" content=\"1500\" \/>\n\t<meta property=\"og:image:type\" content=\"image\/jpeg\" \/>\n<meta name=\"twitter:card\" content=\"summary_large_image\" \/>\n<meta name=\"twitter:label1\" content=\"Tiempo de lectura\" \/>\n\t<meta name=\"twitter:data1\" content=\"1 minuto\" \/>\n<script type=\"application\/ld+json\" class=\"yoast-schema-graph\">{\"@context\":\"https:\/\/schema.org\",\"@graph\":[{\"@type\":\"WebPage\",\"@id\":\"https:\/\/dev.vgs.com.ar\/protocolo\/producto\/coleccion\/comprar-trajes-bodas-online\/gris-glen-ainsa\/\",\"url\":\"https:\/\/dev.vgs.com.ar\/protocolo\/producto\/coleccion\/comprar-trajes-bodas-online\/gris-glen-ainsa\/\",\"name\":\"Traje Gris Glen Ainsa - Protocolo\",\"isPartOf\":{\"@id\":\"https:\/\/dev.vgs.com.ar\/protocolo\/#website\"},\"primaryImageOfPage\":{\"@id\":\"https:\/\/dev.vgs.com.ar\/protocolo\/producto\/coleccion\/comprar-trajes-bodas-online\/gris-glen-ainsa\/#primaryimage\"},\"image\":{\"@id\":\"https:\/\/dev.vgs.com.ar\/protocolo\/producto\/coleccion\/comprar-trajes-bodas-online\/gris-glen-ainsa\/#primaryimage\"},\"thumbnailUrl\":\"https:\/\/dev.vgs.com.ar\/protocolo\/wp-content\/uploads\/2021\/01\/traje-de-novio-fantasia-gris-detalles-dorados-protocolo-novios.jpg\",\"datePublished\":\"2021-01-05T14:19:11+00:00\",\"dateModified\":\"2021-04-25T20:46:04+00:00\",\"breadcrumb\":{\"@id\":\"https:\/\/dev.vgs.com.ar\/protocolo\/producto\/coleccion\/comprar-trajes-bodas-online\/gris-glen-ainsa\/#breadcrumb\"},\"inLanguage\":\"es\",\"potentialAction\":[{\"@type\":\"ReadAction\",\"target\":[\"https:\/\/dev.vgs.com.ar\/protocolo\/producto\/coleccion\/comprar-trajes-bodas-online\/gris-glen-ainsa\/\"]}]},{\"@type\":\"ImageObject\",\"inLanguage\":\"es\",\"@id\":\"https:\/\/dev.vgs.com.ar\/protocolo\/producto\/coleccion\/comprar-trajes-bodas-online\/gris-glen-ainsa\/#primaryimage\",\"url\":\"https:\/\/dev.vgs.com.ar\/protocolo\/wp-content\/uploads\/2021\/01\/traje-de-novio-fantasia-gris-detalles-dorados-protocolo-novios.jpg\",\"contentUrl\":\"https:\/\/dev.vgs.com.ar\/protocolo\/wp-content\/uploads\/2021\/01\/traje-de-novio-fantasia-gris-detalles-dorados-protocolo-novios.jpg\",\"width\":1000,\"height\":1500},{\"@type\":\"BreadcrumbList\",\"@id\":\"https:\/\/dev.vgs.com.ar\/protocolo\/producto\/coleccion\/comprar-trajes-bodas-online\/gris-glen-ainsa\/#breadcrumb\",\"itemListElement\":[{\"@type\":\"ListItem\",\"position\":1,\"name\":\"Home\",\"item\":\"https:\/\/dev.vgs.com.ar\/protocolo\/\"},{\"@type\":\"ListItem\",\"position\":2,\"name\":\"Tienda\",\"item\":\"https:\/\/dev.vgs.com.ar\/protocolo\/tienda-trajes-smokings-hombres-bodas\/\"},{\"@type\":\"ListItem\",\"position\":3,\"name\":\"Traje Gris Glen Ainsa\"}]},{\"@type\":\"WebSite\",\"@id\":\"https:\/\/dev.vgs.com.ar\/protocolo\/#website\",\"url\":\"https:\/\/dev.vgs.com.ar\/protocolo\/\",\"name\":\"Protocolo\",\"description\":\"\",\"publisher\":{\"@id\":\"https:\/\/dev.vgs.com.ar\/protocolo\/#organization\"},\"potentialAction\":[{\"@type\":\"SearchAction\",\"target\":{\"@type\":\"EntryPoint\",\"urlTemplate\":\"https:\/\/dev.vgs.com.ar\/protocolo\/?s={search_term_string}\"},\"query-input\":{\"@type\":\"PropertyValueSpecification\",\"valueRequired\":true,\"valueName\":\"search_term_string\"}}],\"inLanguage\":\"es\"},{\"@type\":\"Organization\",\"@id\":\"https:\/\/dev.vgs.com.ar\/protocolo\/#organization\",\"name\":\"Protocolo\",\"url\":\"https:\/\/dev.vgs.com.ar\/protocolo\/\",\"logo\":{\"@type\":\"ImageObject\",\"inLanguage\":\"es\",\"@id\":\"https:\/\/dev.vgs.com.ar\/protocolo\/#\/schema\/logo\/image\/\",\"url\":\"https:\/\/dev.vgs.com.ar\/protocolo\/wp-content\/uploads\/2020\/12\/Diseno-sin-titulo-68.png\",\"contentUrl\":\"https:\/\/dev.vgs.com.ar\/protocolo\/wp-content\/uploads\/2020\/12\/Diseno-sin-titulo-68.png\",\"width\":525,\"height\":300,\"caption\":\"Protocolo\"},\"image\":{\"@id\":\"https:\/\/dev.vgs.com.ar\/protocolo\/#\/schema\/logo\/image\/\"}}]}<\/script>\n<!-- \/ Yoast SEO plugin. -->","yoast_head_json":{"title":"Traje Gris Glen Ainsa - Protocolo","robots":{"index":"index","follow":"follow","max-snippet":"max-snippet:-1","max-image-preview":"max-image-preview:large","max-video-preview":"max-video-preview:-1"},"canonical":"https:\/\/dev.vgs.com.ar\/protocolo\/producto\/coleccion\/comprar-trajes-bodas-online\/gris-glen-ainsa\/","og_locale":"es_ES","og_type":"article","og_title":"Traje Gris Glen Ainsa - Protocolo","og_description":"Si eres un novio a\u00f1os 20 y te gusta ir diferente, aqu\u00ed te proponemos este conjunto pensado para ti. Te proponemos esta semilevita en tono gris marengo con solapa y corte en delanteros del traje a contraste y vivos de los bolsillos en brocado dorado, prenda diferente donde las haya, coordinada con el chaleco semicruzado [&hellip;]","og_url":"https:\/\/dev.vgs.com.ar\/protocolo\/producto\/coleccion\/comprar-trajes-bodas-online\/gris-glen-ainsa\/","og_site_name":"Protocolo","article_modified_time":"2021-04-25T20:46:04+00:00","og_image":[{"width":1000,"height":1500,"url":"https:\/\/dev.vgs.com.ar\/protocolo\/wp-content\/uploads\/2021\/01\/traje-de-novio-fantasia-gris-detalles-dorados-protocolo-novios.jpg","type":"image\/jpeg"}],"twitter_card":"summary_large_image","twitter_misc":{"Tiempo de lectura":"1 minuto"},"schema":{"@context":"https:\/\/schema.org","@graph":[{"@type":"WebPage","@id":"https:\/\/dev.vgs.com.ar\/protocolo\/producto\/coleccion\/comprar-trajes-bodas-online\/gris-glen-ainsa\/","url":"https:\/\/dev.vgs.com.ar\/protocolo\/producto\/coleccion\/comprar-trajes-bodas-online\/gris-glen-ainsa\/","name":"Traje Gris Glen Ainsa - Protocolo","isPartOf":{"@id":"https:\/\/dev.vgs.com.ar\/protocolo\/#website"},"primaryImageOfPage":{"@id":"https:\/\/dev.vgs.com.ar\/protocolo\/producto\/coleccion\/comprar-trajes-bodas-online\/gris-glen-ainsa\/#primaryimage"},"image":{"@id":"https:\/\/dev.vgs.com.ar\/protocolo\/producto\/coleccion\/comprar-trajes-bodas-online\/gris-glen-ainsa\/#primaryimage"},"thumbnailUrl":"https:\/\/dev.vgs.com.ar\/protocolo\/wp-content\/uploads\/2021\/01\/traje-de-novio-fantasia-gris-detalles-dorados-protocolo-novios.jpg","datePublished":"2021-01-05T14:19:11+00:00","dateModified":"2021-04-25T20:46:04+00:00","breadcrumb":{"@id":"https:\/\/dev.vgs.com.ar\/protocolo\/producto\/coleccion\/comprar-trajes-bodas-online\/gris-glen-ainsa\/#breadcrumb"},"inLanguage":"es","potentialAction":[{"@type":"ReadAction","target":["https:\/\/dev.vgs.com.ar\/protocolo\/producto\/coleccion\/comprar-trajes-bodas-online\/gris-glen-ainsa\/"]}]},{"@type":"ImageObject","inLanguage":"es","@id":"https:\/\/dev.vgs.com.ar\/protocolo\/producto\/coleccion\/comprar-trajes-bodas-online\/gris-glen-ainsa\/#primaryimage","url":"https:\/\/dev.vgs.com.ar\/protocolo\/wp-content\/uploads\/2021\/01\/traje-de-novio-fantasia-gris-detalles-dorados-protocolo-novios.jpg","contentUrl":"https:\/\/dev.vgs.com.ar\/protocolo\/wp-content\/uploads\/2021\/01\/traje-de-novio-fantasia-gris-detalles-dorados-protocolo-novios.jpg","width":1000,"height":1500},{"@type":"BreadcrumbList","@id":"https:\/\/dev.vgs.com.ar\/protocolo\/producto\/coleccion\/comprar-trajes-bodas-online\/gris-glen-ainsa\/#breadcrumb","itemListElement":[{"@type":"ListItem","position":1,"name":"Home","item":"https:\/\/dev.vgs.com.ar\/protocolo\/"},{"@type":"ListItem","position":2,"name":"Tienda","item":"https:\/\/dev.vgs.com.ar\/protocolo\/tienda-trajes-smokings-hombres-bodas\/"},{"@type":"ListItem","position":3,"name":"Traje Gris Glen Ainsa"}]},{"@type":"WebSite","@id":"https:\/\/dev.vgs.com.ar\/protocolo\/#website","url":"https:\/\/dev.vgs.com.ar\/protocolo\/","name":"Protocolo","description":"","publisher":{"@id":"https:\/\/dev.vgs.com.ar\/protocolo\/#organization"},"potentialAction":[{"@type":"SearchAction","target":{"@type":"EntryPoint","urlTemplate":"https:\/\/dev.vgs.com.ar\/protocolo\/?s={search_term_string}"},"query-input":{"@type":"PropertyValueSpecification","valueRequired":true,"valueName":"search_term_string"}}],"inLanguage":"es"},{"@type":"Organization","@id":"https:\/\/dev.vgs.com.ar\/protocolo\/#organization","name":"Protocolo","url":"https:\/\/dev.vgs.com.ar\/protocolo\/","logo":{"@type":"ImageObject","inLanguage":"es","@id":"https:\/\/dev.vgs.com.ar\/protocolo\/#\/schema\/logo\/image\/","url":"https:\/\/dev.vgs.com.ar\/protocolo\/wp-content\/uploads\/2020\/12\/Diseno-sin-titulo-68.png","contentUrl":"https:\/\/dev.vgs.com.ar\/protocolo\/wp-content\/uploads\/2020\/12\/Diseno-sin-titulo-68.png","width":525,"height":300,"caption":"Protocolo"},"image":{"@id":"https:\/\/dev.vgs.com.ar\/protocolo\/#\/schema\/logo\/image\/"}}]}},"lang":"es","translations":{"es":1398},"pll_sync_post":[],"_links":{"self":[{"href":"https:\/\/dev.vgs.com.ar\/protocolo\/wp-json\/wp\/v2\/product\/1398","targetHints":{"allow":["GET"]}}],"collection":[{"href":"https:\/\/dev.vgs.com.ar\/protocolo\/wp-json\/wp\/v2\/product"}],"about":[{"href":"https:\/\/dev.vgs.com.ar\/protocolo\/wp-json\/wp\/v2\/types\/product"}],"replies":[{"embeddable":true,"href":"https:\/\/dev.vgs.com.ar\/protocolo\/wp-json\/wp\/v2\/comments?post=1398"}],"wp:featuredmedia":[{"embeddable":true,"href":"https:\/\/dev.vgs.com.ar\/protocolo\/wp-json\/wp\/v2\/media\/1539"}],"wp:attachment":[{"href":"https:\/\/dev.vgs.com.ar\/protocolo\/wp-json\/wp\/v2\/media?parent=1398"}],"wp:term":[{"taxonomy":"product_brand","embeddable":true,"href":"https:\/\/dev.vgs.com.ar\/protocolo\/wp-json\/wp\/v2\/product_brand?post=1398"},{"taxonomy":"product_cat","embeddable":true,"href":"https:\/\/dev.vgs.com.ar\/protocolo\/wp-json\/wp\/v2\/product_cat?post=1398"},{"taxonomy":"product_tag","embeddable":true,"href":"https:\/\/dev.vgs.com.ar\/protocolo\/wp-json\/wp\/v2\/product_tag?post=1398"}],"curies":[{"name":"wp","href":"https:\/\/api.w.org\/{rel}","templated":true}]}}