{"id":1023,"date":"2021-01-05T14:14:41","date_gmt":"2021-01-05T14:14:41","guid":{"rendered":"https:\/\/makemegr-cp137.wordpresstemporal.com\/protocolo\/producto\/import-placeholder-for-6632\/"},"modified":"2021-04-06T15:19:56","modified_gmt":"2021-04-06T15:19:56","slug":"azul-estampado-flores","status":"publish","type":"product","link":"https:\/\/dev.vgs.com.ar\/protocolo\/producto\/accesorios\/comprar-panuelos-traje-online\/azul-estampado-flores\/","title":{"rendered":"Pa\u00f1auelo Azul Estampado Flores"},"content":{"rendered":"<p>Pa\u00f1uelo de hombre para traje completamente de seda biselada con estampaci\u00f3n de flores de color azul. Pa\u00f1uelo de bolsillo para traje de hombre. El mejor pa\u00f1uelo para para colocar en el bolsillo del traje de novio, chaqu\u00e9 o smokings.<\/p>\n","protected":false},"excerpt":{"rendered":"<p>Pa\u00f1uelo de hombre para traje completamente de seda biselada con estampaci\u00f3n de flores de color azul. Pa\u00f1uelo de bolsillo para traje de hombre. El mejor pa\u00f1uelo para para colocar en el bolsillo del traje de novio, chaqu\u00e9 o smokings.<\/p>\n","protected":false},"featured_media":1088,"comment_status":"closed","ping_status":"closed","template":"","meta":[],"product_brand":[],"product_cat":[41,55],"product_tag":[],"class_list":{"0":"post-1023","1":"product","2":"type-product","3":"status-publish","4":"has-post-thumbnail","6":"product_cat-accesorios","7":"product_cat-comprar-panuelos-traje-online","9":"first","10":"instock","11":"shipping-taxable","12":"purchasable","13":"product-type-simple","14":"vendible"},"yoast_head":"<!-- This site is optimized with the Yoast SEO plugin v24.5 - https:\/\/yoast.com\/wordpress\/plugins\/seo\/ -->\n<title>Pa\u00f1auelo Azul Estampado Flores - Protocolo<\/title>\n<meta name=\"robots\" content=\"index, follow, max-snippet:-1, max-image-preview:large, max-video-preview:-1\" \/>\n<link rel=\"canonical\" href=\"https:\/\/dev.vgs.com.ar\/protocolo\/producto\/accesorios\/comprar-panuelos-traje-online\/azul-estampado-flores\/\" \/>\n<meta property=\"og:locale\" content=\"es_ES\" \/>\n<meta property=\"og:type\" content=\"article\" \/>\n<meta property=\"og:title\" content=\"Pa\u00f1auelo Azul Estampado Flores - Protocolo\" \/>\n<meta property=\"og:description\" content=\"Pa\u00f1uelo de hombre para traje completamente de seda biselada con estampaci\u00f3n de flores de color azul. Pa\u00f1uelo de bolsillo para traje de hombre. El mejor pa\u00f1uelo para para colocar en el bolsillo del traje de novio, chaqu\u00e9 o smokings.\" \/>\n<meta property=\"og:url\" content=\"https:\/\/dev.vgs.com.ar\/protocolo\/producto\/accesorios\/comprar-panuelos-traje-online\/azul-estampado-flores\/\" \/>\n<meta property=\"og:site_name\" content=\"Protocolo\" \/>\n<meta property=\"article:modified_time\" content=\"2021-04-06T15:19:56+00:00\" \/>\n<meta property=\"og:image\" content=\"https:\/\/dev.vgs.com.ar\/protocolo\/wp-content\/uploads\/2021\/01\/panuelo-hombre-vestir-marino-seda.jpg\" \/>\n\t<meta property=\"og:image:width\" content=\"800\" \/>\n\t<meta property=\"og:image:height\" content=\"800\" \/>\n\t<meta property=\"og:image:type\" content=\"image\/jpeg\" \/>\n<meta name=\"twitter:card\" content=\"summary_large_image\" \/>\n<script type=\"application\/ld+json\" class=\"yoast-schema-graph\">{\"@context\":\"https:\/\/schema.org\",\"@graph\":[{\"@type\":\"WebPage\",\"@id\":\"https:\/\/dev.vgs.com.ar\/protocolo\/producto\/accesorios\/comprar-panuelos-traje-online\/azul-estampado-flores\/\",\"url\":\"https:\/\/dev.vgs.com.ar\/protocolo\/producto\/accesorios\/comprar-panuelos-traje-online\/azul-estampado-flores\/\",\"name\":\"Pa\u00f1auelo Azul Estampado Flores - Protocolo\",\"isPartOf\":{\"@id\":\"https:\/\/dev.vgs.com.ar\/protocolo\/#website\"},\"primaryImageOfPage\":{\"@id\":\"https:\/\/dev.vgs.com.ar\/protocolo\/producto\/accesorios\/comprar-panuelos-traje-online\/azul-estampado-flores\/#primaryimage\"},\"image\":{\"@id\":\"https:\/\/dev.vgs.com.ar\/protocolo\/producto\/accesorios\/comprar-panuelos-traje-online\/azul-estampado-flores\/#primaryimage\"},\"thumbnailUrl\":\"https:\/\/dev.vgs.com.ar\/protocolo\/wp-content\/uploads\/2021\/01\/panuelo-hombre-vestir-marino-seda.jpg\",\"datePublished\":\"2021-01-05T14:14:41+00:00\",\"dateModified\":\"2021-04-06T15:19:56+00:00\",\"breadcrumb\":{\"@id\":\"https:\/\/dev.vgs.com.ar\/protocolo\/producto\/accesorios\/comprar-panuelos-traje-online\/azul-estampado-flores\/#breadcrumb\"},\"inLanguage\":\"es\",\"potentialAction\":[{\"@type\":\"ReadAction\",\"target\":[\"https:\/\/dev.vgs.com.ar\/protocolo\/producto\/accesorios\/comprar-panuelos-traje-online\/azul-estampado-flores\/\"]}]},{\"@type\":\"ImageObject\",\"inLanguage\":\"es\",\"@id\":\"https:\/\/dev.vgs.com.ar\/protocolo\/producto\/accesorios\/comprar-panuelos-traje-online\/azul-estampado-flores\/#primaryimage\",\"url\":\"https:\/\/dev.vgs.com.ar\/protocolo\/wp-content\/uploads\/2021\/01\/panuelo-hombre-vestir-marino-seda.jpg\",\"contentUrl\":\"https:\/\/dev.vgs.com.ar\/protocolo\/wp-content\/uploads\/2021\/01\/panuelo-hombre-vestir-marino-seda.jpg\",\"width\":800,\"height\":800},{\"@type\":\"BreadcrumbList\",\"@id\":\"https:\/\/dev.vgs.com.ar\/protocolo\/producto\/accesorios\/comprar-panuelos-traje-online\/azul-estampado-flores\/#breadcrumb\",\"itemListElement\":[{\"@type\":\"ListItem\",\"position\":1,\"name\":\"Home\",\"item\":\"https:\/\/dev.vgs.com.ar\/protocolo\/\"},{\"@type\":\"ListItem\",\"position\":2,\"name\":\"Tienda\",\"item\":\"https:\/\/dev.vgs.com.ar\/protocolo\/tienda-trajes-smokings-hombres-bodas\/\"},{\"@type\":\"ListItem\",\"position\":3,\"name\":\"Pa\u00f1auelo Azul Estampado Flores\"}]},{\"@type\":\"WebSite\",\"@id\":\"https:\/\/dev.vgs.com.ar\/protocolo\/#website\",\"url\":\"https:\/\/dev.vgs.com.ar\/protocolo\/\",\"name\":\"Protocolo\",\"description\":\"\",\"publisher\":{\"@id\":\"https:\/\/dev.vgs.com.ar\/protocolo\/#organization\"},\"potentialAction\":[{\"@type\":\"SearchAction\",\"target\":{\"@type\":\"EntryPoint\",\"urlTemplate\":\"https:\/\/dev.vgs.com.ar\/protocolo\/?s={search_term_string}\"},\"query-input\":{\"@type\":\"PropertyValueSpecification\",\"valueRequired\":true,\"valueName\":\"search_term_string\"}}],\"inLanguage\":\"es\"},{\"@type\":\"Organization\",\"@id\":\"https:\/\/dev.vgs.com.ar\/protocolo\/#organization\",\"name\":\"Protocolo\",\"url\":\"https:\/\/dev.vgs.com.ar\/protocolo\/\",\"logo\":{\"@type\":\"ImageObject\",\"inLanguage\":\"es\",\"@id\":\"https:\/\/dev.vgs.com.ar\/protocolo\/#\/schema\/logo\/image\/\",\"url\":\"https:\/\/dev.vgs.com.ar\/protocolo\/wp-content\/uploads\/2020\/12\/Diseno-sin-titulo-68.png\",\"contentUrl\":\"https:\/\/dev.vgs.com.ar\/protocolo\/wp-content\/uploads\/2020\/12\/Diseno-sin-titulo-68.png\",\"width\":525,\"height\":300,\"caption\":\"Protocolo\"},\"image\":{\"@id\":\"https:\/\/dev.vgs.com.ar\/protocolo\/#\/schema\/logo\/image\/\"}}]}<\/script>\n<!-- \/ Yoast SEO plugin. -->","yoast_head_json":{"title":"Pa\u00f1auelo Azul Estampado Flores - Protocolo","robots":{"index":"index","follow":"follow","max-snippet":"max-snippet:-1","max-image-preview":"max-image-preview:large","max-video-preview":"max-video-preview:-1"},"canonical":"https:\/\/dev.vgs.com.ar\/protocolo\/producto\/accesorios\/comprar-panuelos-traje-online\/azul-estampado-flores\/","og_locale":"es_ES","og_type":"article","og_title":"Pa\u00f1auelo Azul Estampado Flores - Protocolo","og_description":"Pa\u00f1uelo de hombre para traje completamente de seda biselada con estampaci\u00f3n de flores de color azul. Pa\u00f1uelo de bolsillo para traje de hombre. El mejor pa\u00f1uelo para para colocar en el bolsillo del traje de novio, chaqu\u00e9 o smokings.","og_url":"https:\/\/dev.vgs.com.ar\/protocolo\/producto\/accesorios\/comprar-panuelos-traje-online\/azul-estampado-flores\/","og_site_name":"Protocolo","article_modified_time":"2021-04-06T15:19:56+00:00","og_image":[{"width":800,"height":800,"url":"https:\/\/dev.vgs.com.ar\/protocolo\/wp-content\/uploads\/2021\/01\/panuelo-hombre-vestir-marino-seda.jpg","type":"image\/jpeg"}],"twitter_card":"summary_large_image","schema":{"@context":"https:\/\/schema.org","@graph":[{"@type":"WebPage","@id":"https:\/\/dev.vgs.com.ar\/protocolo\/producto\/accesorios\/comprar-panuelos-traje-online\/azul-estampado-flores\/","url":"https:\/\/dev.vgs.com.ar\/protocolo\/producto\/accesorios\/comprar-panuelos-traje-online\/azul-estampado-flores\/","name":"Pa\u00f1auelo Azul Estampado Flores - Protocolo","isPartOf":{"@id":"https:\/\/dev.vgs.com.ar\/protocolo\/#website"},"primaryImageOfPage":{"@id":"https:\/\/dev.vgs.com.ar\/protocolo\/producto\/accesorios\/comprar-panuelos-traje-online\/azul-estampado-flores\/#primaryimage"},"image":{"@id":"https:\/\/dev.vgs.com.ar\/protocolo\/producto\/accesorios\/comprar-panuelos-traje-online\/azul-estampado-flores\/#primaryimage"},"thumbnailUrl":"https:\/\/dev.vgs.com.ar\/protocolo\/wp-content\/uploads\/2021\/01\/panuelo-hombre-vestir-marino-seda.jpg","datePublished":"2021-01-05T14:14:41+00:00","dateModified":"2021-04-06T15:19:56+00:00","breadcrumb":{"@id":"https:\/\/dev.vgs.com.ar\/protocolo\/producto\/accesorios\/comprar-panuelos-traje-online\/azul-estampado-flores\/#breadcrumb"},"inLanguage":"es","potentialAction":[{"@type":"ReadAction","target":["https:\/\/dev.vgs.com.ar\/protocolo\/producto\/accesorios\/comprar-panuelos-traje-online\/azul-estampado-flores\/"]}]},{"@type":"ImageObject","inLanguage":"es","@id":"https:\/\/dev.vgs.com.ar\/protocolo\/producto\/accesorios\/comprar-panuelos-traje-online\/azul-estampado-flores\/#primaryimage","url":"https:\/\/dev.vgs.com.ar\/protocolo\/wp-content\/uploads\/2021\/01\/panuelo-hombre-vestir-marino-seda.jpg","contentUrl":"https:\/\/dev.vgs.com.ar\/protocolo\/wp-content\/uploads\/2021\/01\/panuelo-hombre-vestir-marino-seda.jpg","width":800,"height":800},{"@type":"BreadcrumbList","@id":"https:\/\/dev.vgs.com.ar\/protocolo\/producto\/accesorios\/comprar-panuelos-traje-online\/azul-estampado-flores\/#breadcrumb","itemListElement":[{"@type":"ListItem","position":1,"name":"Home","item":"https:\/\/dev.vgs.com.ar\/protocolo\/"},{"@type":"ListItem","position":2,"name":"Tienda","item":"https:\/\/dev.vgs.com.ar\/protocolo\/tienda-trajes-smokings-hombres-bodas\/"},{"@type":"ListItem","position":3,"name":"Pa\u00f1auelo Azul Estampado Flores"}]},{"@type":"WebSite","@id":"https:\/\/dev.vgs.com.ar\/protocolo\/#website","url":"https:\/\/dev.vgs.com.ar\/protocolo\/","name":"Protocolo","description":"","publisher":{"@id":"https:\/\/dev.vgs.com.ar\/protocolo\/#organization"},"potentialAction":[{"@type":"SearchAction","target":{"@type":"EntryPoint","urlTemplate":"https:\/\/dev.vgs.com.ar\/protocolo\/?s={search_term_string}"},"query-input":{"@type":"PropertyValueSpecification","valueRequired":true,"valueName":"search_term_string"}}],"inLanguage":"es"},{"@type":"Organization","@id":"https:\/\/dev.vgs.com.ar\/protocolo\/#organization","name":"Protocolo","url":"https:\/\/dev.vgs.com.ar\/protocolo\/","logo":{"@type":"ImageObject","inLanguage":"es","@id":"https:\/\/dev.vgs.com.ar\/protocolo\/#\/schema\/logo\/image\/","url":"https:\/\/dev.vgs.com.ar\/protocolo\/wp-content\/uploads\/2020\/12\/Diseno-sin-titulo-68.png","contentUrl":"https:\/\/dev.vgs.com.ar\/protocolo\/wp-content\/uploads\/2020\/12\/Diseno-sin-titulo-68.png","width":525,"height":300,"caption":"Protocolo"},"image":{"@id":"https:\/\/dev.vgs.com.ar\/protocolo\/#\/schema\/logo\/image\/"}}]}},"lang":"es","translations":{"es":1023,"mx":25462},"pll_sync_post":[],"_links":{"self":[{"href":"https:\/\/dev.vgs.com.ar\/protocolo\/wp-json\/wp\/v2\/product\/1023","targetHints":{"allow":["GET"]}}],"collection":[{"href":"https:\/\/dev.vgs.com.ar\/protocolo\/wp-json\/wp\/v2\/product"}],"about":[{"href":"https:\/\/dev.vgs.com.ar\/protocolo\/wp-json\/wp\/v2\/types\/product"}],"replies":[{"embeddable":true,"href":"https:\/\/dev.vgs.com.ar\/protocolo\/wp-json\/wp\/v2\/comments?post=1023"}],"wp:featuredmedia":[{"embeddable":true,"href":"https:\/\/dev.vgs.com.ar\/protocolo\/wp-json\/wp\/v2\/media\/1088"}],"wp:attachment":[{"href":"https:\/\/dev.vgs.com.ar\/protocolo\/wp-json\/wp\/v2\/media?parent=1023"}],"wp:term":[{"taxonomy":"product_brand","embeddable":true,"href":"https:\/\/dev.vgs.com.ar\/protocolo\/wp-json\/wp\/v2\/product_brand?post=1023"},{"taxonomy":"product_cat","embeddable":true,"href":"https:\/\/dev.vgs.com.ar\/protocolo\/wp-json\/wp\/v2\/product_cat?post=1023"},{"taxonomy":"product_tag","embeddable":true,"href":"https:\/\/dev.vgs.com.ar\/protocolo\/wp-json\/wp\/v2\/product_tag?post=1023"}],"curies":[{"name":"wp","href":"https:\/\/api.w.org\/{rel}","templated":true}]}}