{"id":24340,"date":"2021-04-07T11:28:33","date_gmt":"2021-04-07T11:28:33","guid":{"rendered":"https:\/\/makemegr-cp137.wordpresstemporal.com\/protocolo\/?page_id=24340"},"modified":"2024-05-20T11:18:13","modified_gmt":"2024-05-20T09:18:13","slug":"politica-de-cookies","status":"publish","type":"page","link":"https:\/\/dev.vgs.com.ar\/protocolo\/mx\/politica-de-cookies\/","title":{"rendered":"Pol\u00edtica de cookies"},"content":{"rendered":"\t\t<div data-elementor-type=\"wp-page\" data-elementor-id=\"24340\" class=\"elementor elementor-24340\" data-elementor-post-type=\"page\">\n\t\t\t\t\t\t<section class=\"elementor-section elementor-top-section elementor-element elementor-element-99b3d3d weglot-exclude elementor-section-boxed elementor-section-height-default elementor-section-height-default\" data-id=\"99b3d3d\" data-element_type=\"section\">\n\t\t\t\t\t\t<div class=\"elementor-container elementor-column-gap-default\">\n\t\t\t\t\t<div class=\"elementor-column elementor-col-100 elementor-top-column elementor-element elementor-element-bd6d263\" data-id=\"bd6d263\" data-element_type=\"column\">\n\t\t\t<div class=\"elementor-widget-wrap elementor-element-populated\">\n\t\t\t\t\t\t<div class=\"elementor-element elementor-element-dd48f09 elementor-widget elementor-widget-heading\" data-id=\"dd48f09\" data-element_type=\"widget\" data-widget_type=\"heading.default\">\n\t\t\t\t<div class=\"elementor-widget-container\">\n\t\t\t\t\t<h2 class=\"elementor-heading-title elementor-size-default\">POL\u00cdTICA DE COOKIES<\/h2>\t\t\t\t<\/div>\n\t\t\t\t<\/div>\n\t\t\t\t<div class=\"elementor-element elementor-element-775d312 elementor-widget-divider--view-line elementor-widget elementor-widget-divider\" data-id=\"775d312\" data-element_type=\"widget\" data-widget_type=\"divider.default\">\n\t\t\t\t<div class=\"elementor-widget-container\">\n\t\t\t\t\t\t\t<div class=\"elementor-divider\">\n\t\t\t<span class=\"elementor-divider-separator\">\n\t\t\t\t\t\t<\/span>\n\t\t<\/div>\n\t\t\t\t\t\t<\/div>\n\t\t\t\t<\/div>\n\t\t\t\t<div class=\"elementor-element elementor-element-a984ad1 elementor-widget elementor-widget-text-editor\" data-id=\"a984ad1\" data-element_type=\"widget\" data-widget_type=\"text-editor.default\">\n\t\t\t\t<div class=\"elementor-widget-container\">\n\t\t\t\t\t\t\t\t\t<p>En CHAQU\u00c9 S.A. utilizamos cookies con el objetivo de prestar un mejor servicio y proporcionarte una mejor experiencia en tu navegaci\u00f3n.<\/p><p>\u00bfQu\u00e9 son las cookies?<br \/>Las cookies son ficheros que se descargan y se guardan en cualquier dispositivo, almacenando informaci\u00f3n sobre tu navegaci\u00f3n. Las cookies son necesarias para poder acceder a determinados contenidos y servicios, as\u00ed como para que la navegaci\u00f3n sea m\u00e1s c\u00f3moda y f\u00e1cil para los usuarios.<br \/>Las cookies no da\u00f1an tu equipo, y el hecho de que est\u00e9n activadas permiten identificar y resolver posibles errores. La activaci\u00f3n del uso de cookies en tu navegaci\u00f3n es voluntaria, pero te informamos de que si la desactivas, la navegaci\u00f3n en nuestra p\u00e1gina puede no ser \u00f3ptima.<br \/>Sin embargo, recuerda que puedes bloquear, restringir o eliminar las cookies de nuestra p\u00e1gina web en cualquier momento. Al final del documento encontrar\u00e1s como hacerlo.<\/p><p>\u00bfPara qu\u00e9 se usan las cookies en esta p\u00e1gina web?<br \/>La informaci\u00f3n almacenada en las cookies de esta p\u00e1gina web tendr\u00e1 fines estad\u00edsticos, para posibilitar el acceso a todos los contenidos y funciones que te ofrecemos, as\u00ed como para mejorar y optimizar nuestra p\u00e1gina web para todos nuestros usuarios.<\/p><p>\u00bfQui\u00e9n utiliza la informaci\u00f3n recogida por las cookies?<br \/>La informaci\u00f3n recogida y guardada durante tu sesi\u00f3n ser\u00e1 utilizada, de acuerdo con el anterior p\u00e1rrafo, exclusivamente por CHAQU\u00c9 S.A.<br \/>Te informamos, asimismo, de que los datos recabados durante tu sesi\u00f3n ser\u00e1n almacenados por Google mediante la herramienta Google Analytics, con la \u00fanica y exclusiva finalidad de obtener datos estad\u00edsticos que nos ayudar\u00e1n a mejorar constantemente la p\u00e1gina web de Protocolo.<\/p><p>\u00bfC\u00f3mo puedo desactivar las cookies?<br \/>Si prefieres restringir, bloquear o deshabilitar las cookies de la p\u00e1gina web de Protocolo en tu navegador, puedes hacerlo mediante la configuraci\u00f3n de las opciones de tu navegador. En los siguientes enlaces dispones de toda la informaci\u00f3n para deshabilitar tus cookies:<\/p><p>\u2022 Google Chrome<\/p><p>\u2022 Mozilla Firefox<\/p><p>\u2022 Internet Explorer<\/p><p>\u2022 Safari<\/p><p>\u2022 Safari para IOS (iPhone y iPad)<\/p><p>\u2022 Chrome para Android<\/p>\t\t\t\t\t\t\t\t<\/div>\n\t\t\t\t<\/div>\n\t\t\t\t\t<\/div>\n\t\t<\/div>\n\t\t\t\t\t<\/div>\n\t\t<\/section>\n\t\t\t\t<\/div>\n\t\t","protected":false},"excerpt":{"rendered":"<p>POL\u00cdTICA DE COOKIES En CHAQU\u00c9 S.A. utilizamos cookies con el objetivo de prestar un mejor servicio y proporcionarte una mejor experiencia en tu navegaci\u00f3n. \u00bfQu\u00e9 son las cookies?Las cookies son ficheros que se descargan y se guardan en cualquier dispositivo, almacenando informaci\u00f3n sobre tu navegaci\u00f3n. Las cookies son necesarias para poder acceder a determinados contenidos [&hellip;]<\/p>\n","protected":false},"author":1,"featured_media":0,"parent":0,"menu_order":0,"comment_status":"closed","ping_status":"closed","template":"","meta":{"footnotes":""},"class_list":["post-24340","page","type-page","status-publish","hentry"],"yoast_head":"<!-- This site is optimized with the Yoast SEO plugin v24.5 - https:\/\/yoast.com\/wordpress\/plugins\/seo\/ -->\n<title>Pol\u00edtica de Cookies | Tratamiento de datos personales<\/title>\n<meta name=\"description\" content=\"Pol\u00edtica de Cookies | Tratamiento de datos personales . Consulta aqu\u00ed la gesti\u00f3n que nuestras tiendas de trajes de novio PROTOCOLO hace de tu informaci\u00f3n\" \/>\n<meta name=\"robots\" content=\"index, follow, max-snippet:-1, max-image-preview:large, max-video-preview:-1\" \/>\n<link rel=\"canonical\" href=\"https:\/\/dev.vgs.com.ar\/protocolo\/mx\/politica-de-cookies\/\" \/>\n<meta property=\"og:locale\" content=\"es_ES\" \/>\n<meta property=\"og:type\" content=\"article\" \/>\n<meta property=\"og:title\" content=\"Pol\u00edtica de Cookies | Tratamiento de datos personales\" \/>\n<meta property=\"og:description\" content=\"Pol\u00edtica de Cookies | Tratamiento de datos personales . Consulta aqu\u00ed la gesti\u00f3n que nuestras tiendas de trajes de novio PROTOCOLO hace de tu informaci\u00f3n\" \/>\n<meta property=\"og:url\" content=\"https:\/\/dev.vgs.com.ar\/protocolo\/mx\/politica-de-cookies\/\" \/>\n<meta property=\"og:site_name\" content=\"Protocolo\" \/>\n<meta property=\"article:modified_time\" content=\"2024-05-20T09:18:13+00:00\" \/>\n<meta name=\"twitter:card\" content=\"summary_large_image\" \/>\n<meta name=\"twitter:label1\" content=\"Tiempo de lectura\" \/>\n\t<meta name=\"twitter:data1\" content=\"2 minutos\" \/>\n<script type=\"application\/ld+json\" class=\"yoast-schema-graph\">{\"@context\":\"https:\/\/schema.org\",\"@graph\":[{\"@type\":\"WebPage\",\"@id\":\"https:\/\/dev.vgs.com.ar\/protocolo\/mx\/politica-de-cookies\/\",\"url\":\"https:\/\/dev.vgs.com.ar\/protocolo\/mx\/politica-de-cookies\/\",\"name\":\"Pol\u00edtica de Cookies | Tratamiento de datos personales\",\"isPartOf\":{\"@id\":\"https:\/\/dev.vgs.com.ar\/protocolo\/#website\"},\"datePublished\":\"2021-04-07T11:28:33+00:00\",\"dateModified\":\"2024-05-20T09:18:13+00:00\",\"description\":\"Pol\u00edtica de Cookies | Tratamiento de datos personales . Consulta aqu\u00ed la gesti\u00f3n que nuestras tiendas de trajes de novio PROTOCOLO hace de tu informaci\u00f3n\",\"breadcrumb\":{\"@id\":\"https:\/\/dev.vgs.com.ar\/protocolo\/mx\/politica-de-cookies\/#breadcrumb\"},\"inLanguage\":\"es\",\"potentialAction\":[{\"@type\":\"ReadAction\",\"target\":[\"https:\/\/dev.vgs.com.ar\/protocolo\/mx\/politica-de-cookies\/\"]}]},{\"@type\":\"BreadcrumbList\",\"@id\":\"https:\/\/dev.vgs.com.ar\/protocolo\/mx\/politica-de-cookies\/#breadcrumb\",\"itemListElement\":[{\"@type\":\"ListItem\",\"position\":1,\"name\":\"Home\",\"item\":\"https:\/\/dev.vgs.com.ar\/protocolo\/\"},{\"@type\":\"ListItem\",\"position\":2,\"name\":\"Pol\u00edtica de cookies\"}]},{\"@type\":\"WebSite\",\"@id\":\"https:\/\/dev.vgs.com.ar\/protocolo\/#website\",\"url\":\"https:\/\/dev.vgs.com.ar\/protocolo\/\",\"name\":\"Protocolo\",\"description\":\"\",\"publisher\":{\"@id\":\"https:\/\/dev.vgs.com.ar\/protocolo\/#organization\"},\"potentialAction\":[{\"@type\":\"SearchAction\",\"target\":{\"@type\":\"EntryPoint\",\"urlTemplate\":\"https:\/\/dev.vgs.com.ar\/protocolo\/?s={search_term_string}\"},\"query-input\":{\"@type\":\"PropertyValueSpecification\",\"valueRequired\":true,\"valueName\":\"search_term_string\"}}],\"inLanguage\":\"es\"},{\"@type\":\"Organization\",\"@id\":\"https:\/\/dev.vgs.com.ar\/protocolo\/#organization\",\"name\":\"Protocolo\",\"url\":\"https:\/\/dev.vgs.com.ar\/protocolo\/\",\"logo\":{\"@type\":\"ImageObject\",\"inLanguage\":\"es\",\"@id\":\"https:\/\/dev.vgs.com.ar\/protocolo\/#\/schema\/logo\/image\/\",\"url\":\"https:\/\/dev.vgs.com.ar\/protocolo\/wp-content\/uploads\/2020\/12\/Diseno-sin-titulo-68.png\",\"contentUrl\":\"https:\/\/dev.vgs.com.ar\/protocolo\/wp-content\/uploads\/2020\/12\/Diseno-sin-titulo-68.png\",\"width\":525,\"height\":300,\"caption\":\"Protocolo\"},\"image\":{\"@id\":\"https:\/\/dev.vgs.com.ar\/protocolo\/#\/schema\/logo\/image\/\"}}]}<\/script>\n<!-- \/ Yoast SEO plugin. -->","yoast_head_json":{"title":"Pol\u00edtica de Cookies | Tratamiento de datos personales","description":"Pol\u00edtica de Cookies | Tratamiento de datos personales . Consulta aqu\u00ed la gesti\u00f3n que nuestras tiendas de trajes de novio PROTOCOLO hace de tu informaci\u00f3n","robots":{"index":"index","follow":"follow","max-snippet":"max-snippet:-1","max-image-preview":"max-image-preview:large","max-video-preview":"max-video-preview:-1"},"canonical":"https:\/\/dev.vgs.com.ar\/protocolo\/mx\/politica-de-cookies\/","og_locale":"es_ES","og_type":"article","og_title":"Pol\u00edtica de Cookies | Tratamiento de datos personales","og_description":"Pol\u00edtica de Cookies | Tratamiento de datos personales . Consulta aqu\u00ed la gesti\u00f3n que nuestras tiendas de trajes de novio PROTOCOLO hace de tu informaci\u00f3n","og_url":"https:\/\/dev.vgs.com.ar\/protocolo\/mx\/politica-de-cookies\/","og_site_name":"Protocolo","article_modified_time":"2024-05-20T09:18:13+00:00","twitter_card":"summary_large_image","twitter_misc":{"Tiempo de lectura":"2 minutos"},"schema":{"@context":"https:\/\/schema.org","@graph":[{"@type":"WebPage","@id":"https:\/\/dev.vgs.com.ar\/protocolo\/mx\/politica-de-cookies\/","url":"https:\/\/dev.vgs.com.ar\/protocolo\/mx\/politica-de-cookies\/","name":"Pol\u00edtica de Cookies | Tratamiento de datos personales","isPartOf":{"@id":"https:\/\/dev.vgs.com.ar\/protocolo\/#website"},"datePublished":"2021-04-07T11:28:33+00:00","dateModified":"2024-05-20T09:18:13+00:00","description":"Pol\u00edtica de Cookies | Tratamiento de datos personales . Consulta aqu\u00ed la gesti\u00f3n que nuestras tiendas de trajes de novio PROTOCOLO hace de tu informaci\u00f3n","breadcrumb":{"@id":"https:\/\/dev.vgs.com.ar\/protocolo\/mx\/politica-de-cookies\/#breadcrumb"},"inLanguage":"es","potentialAction":[{"@type":"ReadAction","target":["https:\/\/dev.vgs.com.ar\/protocolo\/mx\/politica-de-cookies\/"]}]},{"@type":"BreadcrumbList","@id":"https:\/\/dev.vgs.com.ar\/protocolo\/mx\/politica-de-cookies\/#breadcrumb","itemListElement":[{"@type":"ListItem","position":1,"name":"Home","item":"https:\/\/dev.vgs.com.ar\/protocolo\/"},{"@type":"ListItem","position":2,"name":"Pol\u00edtica de cookies"}]},{"@type":"WebSite","@id":"https:\/\/dev.vgs.com.ar\/protocolo\/#website","url":"https:\/\/dev.vgs.com.ar\/protocolo\/","name":"Protocolo","description":"","publisher":{"@id":"https:\/\/dev.vgs.com.ar\/protocolo\/#organization"},"potentialAction":[{"@type":"SearchAction","target":{"@type":"EntryPoint","urlTemplate":"https:\/\/dev.vgs.com.ar\/protocolo\/?s={search_term_string}"},"query-input":{"@type":"PropertyValueSpecification","valueRequired":true,"valueName":"search_term_string"}}],"inLanguage":"es"},{"@type":"Organization","@id":"https:\/\/dev.vgs.com.ar\/protocolo\/#organization","name":"Protocolo","url":"https:\/\/dev.vgs.com.ar\/protocolo\/","logo":{"@type":"ImageObject","inLanguage":"es","@id":"https:\/\/dev.vgs.com.ar\/protocolo\/#\/schema\/logo\/image\/","url":"https:\/\/dev.vgs.com.ar\/protocolo\/wp-content\/uploads\/2020\/12\/Diseno-sin-titulo-68.png","contentUrl":"https:\/\/dev.vgs.com.ar\/protocolo\/wp-content\/uploads\/2020\/12\/Diseno-sin-titulo-68.png","width":525,"height":300,"caption":"Protocolo"},"image":{"@id":"https:\/\/dev.vgs.com.ar\/protocolo\/#\/schema\/logo\/image\/"}}]}},"lang":"mx","translations":{"mx":24340,"es":2865},"pll_sync_post":[],"_links":{"self":[{"href":"https:\/\/dev.vgs.com.ar\/protocolo\/wp-json\/wp\/v2\/pages\/24340","targetHints":{"allow":["GET"]}}],"collection":[{"href":"https:\/\/dev.vgs.com.ar\/protocolo\/wp-json\/wp\/v2\/pages"}],"about":[{"href":"https:\/\/dev.vgs.com.ar\/protocolo\/wp-json\/wp\/v2\/types\/page"}],"author":[{"embeddable":true,"href":"https:\/\/dev.vgs.com.ar\/protocolo\/wp-json\/wp\/v2\/users\/1"}],"replies":[{"embeddable":true,"href":"https:\/\/dev.vgs.com.ar\/protocolo\/wp-json\/wp\/v2\/comments?post=24340"}],"version-history":[{"count":0,"href":"https:\/\/dev.vgs.com.ar\/protocolo\/wp-json\/wp\/v2\/pages\/24340\/revisions"}],"wp:attachment":[{"href":"https:\/\/dev.vgs.com.ar\/protocolo\/wp-json\/wp\/v2\/media?parent=24340"}],"curies":[{"name":"wp","href":"https:\/\/api.w.org\/{rel}","templated":true}]}}