{"id":24317,"date":"2021-04-07T11:24:38","date_gmt":"2021-04-07T11:24:38","guid":{"rendered":"https:\/\/makemegr-cp137.wordpresstemporal.com\/protocolo\/?page_id=24317"},"modified":"2021-05-19T14:41:48","modified_gmt":"2021-05-19T12:41:48","slug":"cita-virtual","status":"publish","type":"page","link":"https:\/\/dev.vgs.com.ar\/protocolo\/mx\/cita-virtual\/","title":{"rendered":"Cita Virtual"},"content":{"rendered":"\t\t<div data-elementor-type=\"wp-page\" data-elementor-id=\"24317\" class=\"elementor elementor-24317\" data-elementor-post-type=\"page\">\n\t\t\t\t\t\t<section class=\"elementor-section elementor-top-section elementor-element elementor-element-5cff0d1 elementor-section-boxed elementor-section-height-default elementor-section-height-default\" data-id=\"5cff0d1\" data-element_type=\"section\">\n\t\t\t\t\t\t<div class=\"elementor-container elementor-column-gap-no\">\n\t\t\t\t\t<div class=\"elementor-column elementor-col-100 elementor-top-column elementor-element elementor-element-3a169f3\" data-id=\"3a169f3\" data-element_type=\"column\">\n\t\t\t<div class=\"elementor-widget-wrap elementor-element-populated\">\n\t\t\t\t\t\t<div class=\"elementor-element elementor-element-52b4211 elementor-widget elementor-widget-heading\" data-id=\"52b4211\" data-element_type=\"widget\" data-widget_type=\"heading.default\">\n\t\t\t\t<div class=\"elementor-widget-container\">\n\t\t\t\t\t<h2 class=\"elementor-heading-title elementor-size-default\">CITA VIRTUAL<\/h2>\t\t\t\t<\/div>\n\t\t\t\t<\/div>\n\t\t\t\t<div class=\"elementor-element elementor-element-dba54d6 elementor-widget-divider--view-line elementor-widget elementor-widget-divider\" data-id=\"dba54d6\" data-element_type=\"widget\" data-widget_type=\"divider.default\">\n\t\t\t\t<div class=\"elementor-widget-container\">\n\t\t\t\t\t\t\t<div class=\"elementor-divider\">\n\t\t\t<span class=\"elementor-divider-separator\">\n\t\t\t\t\t\t<\/span>\n\t\t<\/div>\n\t\t\t\t\t\t<\/div>\n\t\t\t\t<\/div>\n\t\t\t\t\t<\/div>\n\t\t<\/div>\n\t\t\t\t\t<\/div>\n\t\t<\/section>\n\t\t\t\t<section class=\"elementor-section elementor-top-section elementor-element elementor-element-ae390e9 elementor-section-boxed elementor-section-height-default elementor-section-height-default\" data-id=\"ae390e9\" data-element_type=\"section\" data-settings=\"{&quot;background_background&quot;:&quot;classic&quot;}\">\n\t\t\t\t\t\t<div class=\"elementor-container elementor-column-gap-default\">\n\t\t\t\t\t<div class=\"elementor-column elementor-col-50 elementor-top-column elementor-element elementor-element-1c5d74d\" data-id=\"1c5d74d\" data-element_type=\"column\">\n\t\t\t<div class=\"elementor-widget-wrap elementor-element-populated\">\n\t\t\t\t\t\t<div class=\"elementor-element elementor-element-e6d173b elementor-hidden-phone elementor-widget-divider--view-line elementor-widget elementor-widget-divider\" data-id=\"e6d173b\" data-element_type=\"widget\" data-widget_type=\"divider.default\">\n\t\t\t\t<div class=\"elementor-widget-container\">\n\t\t\t\t\t\t\t<div class=\"elementor-divider\">\n\t\t\t<span class=\"elementor-divider-separator\">\n\t\t\t\t\t\t<\/span>\n\t\t<\/div>\n\t\t\t\t\t\t<\/div>\n\t\t\t\t<\/div>\n\t\t\t\t<div class=\"elementor-element elementor-element-e37c351 elementor-widget elementor-widget-heading\" data-id=\"e37c351\" data-element_type=\"widget\" data-widget_type=\"heading.default\">\n\t\t\t\t<div class=\"elementor-widget-container\">\n\t\t\t\t\t<h2 class=\"elementor-heading-title elementor-size-default\">ENCUENTRA EL TRAJE Y ESTILO PERFECTO SIN MOVERTE DE CASA<\/h2>\t\t\t\t<\/div>\n\t\t\t\t<\/div>\n\t\t\t\t<div class=\"elementor-element elementor-element-22bbd36 elementor-widget elementor-widget-text-editor\" data-id=\"22bbd36\" data-element_type=\"widget\" data-widget_type=\"text-editor.default\">\n\t\t\t\t<div class=\"elementor-widget-container\">\n\t\t\t\t\t\t\t\t\t<p>Solicita una consulta virtual personalizada.<\/p><p>Desde cualquier lugar en el que te encuentres, uno de nuestros expertos en el protocolo del saber vestir te ayudar\u00e1 a encontrar el traje perfecto.<\/p><p>Nuestro equipo te ofrecer\u00e1 toda la ayuda y consejos que necesitas.<\/p>\t\t\t\t\t\t\t\t<\/div>\n\t\t\t\t<\/div>\n\t\t\t\t<div class=\"elementor-element elementor-element-cfcd0cb elementor-align-left elementor-widget__width-inherit elementor-mobile-align-justify elementor-widget elementor-widget-button\" data-id=\"cfcd0cb\" data-element_type=\"widget\" data-widget_type=\"button.default\">\n\t\t\t\t<div class=\"elementor-widget-container\">\n\t\t\t\t\t\t\t\t\t<div class=\"elementor-button-wrapper\">\n\t\t\t\t\t<a class=\"elementor-button elementor-button-link elementor-size-lg\" href=\"#reservar-cita\">\n\t\t\t\t\t\t<span class=\"elementor-button-content-wrapper\">\n\t\t\t\t\t\t<span class=\"elementor-button-icon\">\n\t\t\t\t<i aria-hidden=\"true\" class=\"fas fa-angle-right\"><\/i>\t\t\t<\/span>\n\t\t\t\t\t\t\t\t\t<span class=\"elementor-button-text\">RESERVAR CITA<\/span>\n\t\t\t\t\t<\/span>\n\t\t\t\t\t<\/a>\n\t\t\t\t<\/div>\n\t\t\t\t\t\t\t\t<\/div>\n\t\t\t\t<\/div>\n\t\t\t\t\t<\/div>\n\t\t<\/div>\n\t\t\t\t<div class=\"elementor-column elementor-col-50 elementor-top-column elementor-element elementor-element-c6fd149\" data-id=\"c6fd149\" data-element_type=\"column\" data-settings=\"{&quot;motion_fx_motion_fx_scrolling&quot;:&quot;yes&quot;,&quot;motion_fx_translateY_effect&quot;:&quot;yes&quot;,&quot;motion_fx_translateY_speed&quot;:{&quot;unit&quot;:&quot;px&quot;,&quot;size&quot;:2,&quot;sizes&quot;:[]},&quot;motion_fx_translateY_affectedRange&quot;:{&quot;unit&quot;:&quot;%&quot;,&quot;size&quot;:&quot;&quot;,&quot;sizes&quot;:{&quot;start&quot;:0,&quot;end&quot;:100}},&quot;motion_fx_devices&quot;:[&quot;desktop&quot;,&quot;tablet&quot;,&quot;mobile&quot;]}\">\n\t\t\t<div class=\"elementor-widget-wrap elementor-element-populated\">\n\t\t\t\t\t\t<div class=\"elementor-element elementor-element-ccfd8ac elementor-widget elementor-widget-image\" data-id=\"ccfd8ac\" data-element_type=\"widget\" data-widget_type=\"image.default\">\n\t\t\t\t<div class=\"elementor-widget-container\">\n\t\t\t\t\t\t\t\t\t\t\t\t\t\t\t<img fetchpriority=\"high\" decoding=\"async\" width=\"800\" height=\"534\" src=\"https:\/\/dev.vgs.com.ar\/protocolo\/wp-content\/uploads\/2021\/04\/shutterstock_1775112332-1024x683.jpg\" class=\"attachment-large size-large wp-image-24493\" alt=\"\" srcset=\"https:\/\/dev.vgs.com.ar\/protocolo\/wp-content\/uploads\/2021\/04\/shutterstock_1775112332-1024x683.jpg 1024w, https:\/\/dev.vgs.com.ar\/protocolo\/wp-content\/uploads\/2021\/04\/shutterstock_1775112332-scaled-1000x667.jpg 1000w, https:\/\/dev.vgs.com.ar\/protocolo\/wp-content\/uploads\/2021\/04\/shutterstock_1775112332-1500x1000.jpg 1500w, https:\/\/dev.vgs.com.ar\/protocolo\/wp-content\/uploads\/2021\/04\/shutterstock_1775112332-300x200.jpg 300w, https:\/\/dev.vgs.com.ar\/protocolo\/wp-content\/uploads\/2021\/04\/shutterstock_1775112332-768x512.jpg 768w, https:\/\/dev.vgs.com.ar\/protocolo\/wp-content\/uploads\/2021\/04\/shutterstock_1775112332-1536x1024.jpg 1536w, https:\/\/dev.vgs.com.ar\/protocolo\/wp-content\/uploads\/2021\/04\/shutterstock_1775112332-2048x1365.jpg 2048w\" sizes=\"(max-width: 800px) 100vw, 800px\" \/>\t\t\t\t\t\t\t\t\t\t\t\t\t\t\t<\/div>\n\t\t\t\t<\/div>\n\t\t\t\t\t<\/div>\n\t\t<\/div>\n\t\t\t\t\t<\/div>\n\t\t<\/section>\n\t\t\t\t<section class=\"elementor-section elementor-top-section elementor-element elementor-element-e8ec0a8 elementor-section-boxed elementor-section-height-default elementor-section-height-default\" data-id=\"e8ec0a8\" data-element_type=\"section\" id=\"reservar-cita\">\n\t\t\t\t\t\t<div class=\"elementor-container elementor-column-gap-default\">\n\t\t\t\t\t<div class=\"elementor-column elementor-col-100 elementor-top-column elementor-element elementor-element-3170233\" data-id=\"3170233\" data-element_type=\"column\">\n\t\t\t<div class=\"elementor-widget-wrap elementor-element-populated\">\n\t\t\t\t\t\t<div class=\"elementor-element elementor-element-ae616c7 elementor-widget__width-initial elementor-widget elementor-widget-text-editor\" data-id=\"ae616c7\" data-element_type=\"widget\" data-widget_type=\"text-editor.default\">\n\t\t\t\t<div class=\"elementor-widget-container\">\n\t\t\t\t\t\t\t\t\t<p>D\u00e9janos tu informaci\u00f3n de contacto y uno de nuestros asesores contactar\u00e1 contigo para agendar una fecha y hora.<\/p>\t\t\t\t\t\t\t\t<\/div>\n\t\t\t\t<\/div>\n\t\t\t\t<div class=\"elementor-element elementor-element-e68da67 elementor-widget elementor-widget-shortcode\" data-id=\"e68da67\" data-element_type=\"widget\" data-widget_type=\"shortcode.default\">\n\t\t\t\t<div class=\"elementor-widget-container\">\n\t\t\t\t\t\t\t<div class=\"elementor-shortcode\">\n<div class=\"wpcf7 no-js\" id=\"wpcf7-f27571-o1\" lang=\"es-ES\" dir=\"ltr\" data-wpcf7-id=\"27571\">\n<div class=\"screen-reader-response\"><p role=\"status\" aria-live=\"polite\" aria-atomic=\"true\"><\/p> <ul><\/ul><\/div>\n<form action=\"\/protocolo\/wp-json\/wp\/v2\/pages\/24317#wpcf7-f27571-o1\" method=\"post\" class=\"wpcf7-form init\" aria-label=\"Formulario de contacto\" novalidate=\"novalidate\" data-status=\"init\">\n<div style=\"display: none;\">\n<input type=\"hidden\" name=\"_wpcf7\" value=\"27571\" \/>\n<input type=\"hidden\" name=\"_wpcf7_version\" value=\"6.0.6\" \/>\n<input type=\"hidden\" name=\"_wpcf7_locale\" value=\"es_ES\" \/>\n<input type=\"hidden\" name=\"_wpcf7_unit_tag\" value=\"wpcf7-f27571-o1\" \/>\n<input type=\"hidden\" name=\"_wpcf7_container_post\" value=\"0\" \/>\n<input type=\"hidden\" name=\"_wpcf7_posted_data_hash\" value=\"\" \/>\n<input type=\"hidden\" name=\"_wpcf7_recaptcha_response\" value=\"\" \/>\n<\/div>\n<div id=\"responsive-form\" class=\"clearfix cv-mx\">\n\t<div class=\"form-row\">\n\t\t<div class=\"column-half\">\n\t\t\t<p><label> NOMBRE<span class=\"required\">*<\/span> <span class=\"wpcf7-form-control-wrap\" data-name=\"your-name\"><input size=\"40\" maxlength=\"400\" class=\"wpcf7-form-control wpcf7-text wpcf7-validates-as-required\" aria-required=\"true\" aria-invalid=\"false\" value=\"\" type=\"text\" name=\"your-name\" \/><\/span> <\/label>\n\t\t\t<\/p>\n\t\t<\/div>\n\t\t<div class=\"column-half\">\n\t\t\t<p><label> APELLIDOS<span class=\"required\">*<\/span> <span class=\"wpcf7-form-control-wrap\" data-name=\"your-apellidos\"><input size=\"40\" maxlength=\"400\" class=\"wpcf7-form-control wpcf7-text wpcf7-validates-as-required\" aria-required=\"true\" aria-invalid=\"false\" value=\"\" type=\"text\" name=\"your-apellidos\" \/><\/span> <\/label>\n\t\t\t<\/p>\n\t\t<\/div>\n\t<\/div>\n\t<div class=\"form-row\">\n\t\t<div class=\"column-half\">\n\t\t\t<p><label> CORREO ELECTR\u00d3NICO <span class=\"required\">*<\/span> <span class=\"wpcf7-form-control-wrap\" data-name=\"your-email\"><input size=\"40\" maxlength=\"400\" class=\"wpcf7-form-control wpcf7-email wpcf7-validates-as-required wpcf7-text wpcf7-validates-as-email\" aria-required=\"true\" aria-invalid=\"false\" value=\"\" type=\"email\" name=\"your-email\" \/><\/span> <\/label>\n\t\t\t<\/p>\n\t\t<\/div>\n\t\t<div class=\"column-half\">\n\t\t\t<p><label> TEL\u00c9FONO<span class=\"required\">*<\/span><span class=\"wpcf7-form-control-wrap\" data-name=\"your-tel\"><input size=\"40\" maxlength=\"400\" class=\"wpcf7-form-control wpcf7-tel wpcf7-validates-as-required wpcf7-text wpcf7-validates-as-tel\" aria-required=\"true\" aria-invalid=\"false\" value=\"\" type=\"tel\" name=\"your-tel\" \/><\/span><\/label>\n\t\t\t<\/p>\n\t\t<\/div>\n\t<\/div>\n\t<div class=\"form-row\">\n\t\t<div class=\"column-full\">\n\t\t\t<p><span class=\"wpcf7-form-control-wrap\" data-name=\"acceptance-terminos\"><span class=\"wpcf7-form-control wpcf7-acceptance\"><span class=\"wpcf7-list-item\"><label><input type=\"checkbox\" name=\"acceptance-terminos\" value=\"1\" aria-invalid=\"false\" \/><span class=\"wpcf7-list-item-label\">Acepto la <a href=\"https:\/\/dev.vgs.com.ar\/protocolo\/politica-privacidad\">pol\u00edtica privacidad<\/a> del formulario pedir una cita.<\/span><\/label><\/span><\/span><\/span>\n\t\t\t<\/p>\n\t\t<\/div>\n\t<\/div>\n<\/div>\n<span class=\"wpcf7-form-control-wrap recaptcha\" data-name=\"recaptcha\"><span data-sitekey=\"6LfJCAwbAAAAADdhlxqbNJphsh7Ev1CwJ-e5MwNV\" class=\"wpcf7-form-control wpcf7-recaptcha g-recaptcha\"><\/span>\r\n<noscript>\r\n\t<div class=\"grecaptcha-noscript\">\r\n\t\t<iframe src=\"https:\/\/www.google.com\/recaptcha\/api\/fallback?k=6LfJCAwbAAAAADdhlxqbNJphsh7Ev1CwJ-e5MwNV\" frameborder=\"0\" scrolling=\"no\" width=\"310\" height=\"430\">\r\n\t\t<\/iframe>\r\n\t\t<textarea name=\"g-recaptcha-response\" rows=\"3\" cols=\"40\" placeholder=\"Aqu\u00ed la respuesta de reCAPTCHA\">\r\n\t\t<\/textarea>\r\n\t<\/div>\r\n<\/noscript>\r\n<\/span>\n<p><input class=\"wpcf7-form-control wpcf7-submit has-spinner\" type=\"submit\" value=\"CONFIRMA TU CITA\" \/>\n<\/p><div class=\"wpcf7-response-output\" aria-hidden=\"true\"><\/div>\n<\/form>\n<\/div>\n<\/div>\n\t\t\t\t\t\t<\/div>\n\t\t\t\t<\/div>\n\t\t\t\t\t<\/div>\n\t\t<\/div>\n\t\t\t\t\t<\/div>\n\t\t<\/section>\n\t\t\t\t<\/div>\n\t\t","protected":false},"excerpt":{"rendered":"<p>CITA VIRTUAL ENCUENTRA EL TRAJE Y ESTILO PERFECTO SIN MOVERTE DE CASA Solicita una consulta virtual personalizada. Desde cualquier lugar en el que te encuentres, uno de nuestros expertos en el protocolo del saber vestir te ayudar\u00e1 a encontrar el traje perfecto. Nuestro equipo te ofrecer\u00e1 toda la ayuda y consejos que necesitas. RESERVAR CITA [&hellip;]<\/p>\n","protected":false},"author":1,"featured_media":1653,"parent":0,"menu_order":0,"comment_status":"closed","ping_status":"closed","template":"","meta":{"footnotes":""},"class_list":["post-24317","page","type-page","status-publish","has-post-thumbnail","hentry"],"yoast_head":"<!-- This site is optimized with the Yoast SEO plugin v24.5 - https:\/\/yoast.com\/wordpress\/plugins\/seo\/ -->\n<title>Cita Virtual - Protocolo<\/title>\n<meta name=\"robots\" content=\"index, follow, max-snippet:-1, max-image-preview:large, max-video-preview:-1\" \/>\n<link rel=\"canonical\" href=\"https:\/\/dev.vgs.com.ar\/protocolo\/mx\/cita-virtual\/\" \/>\n<meta property=\"og:locale\" content=\"es_ES\" \/>\n<meta property=\"og:type\" content=\"article\" \/>\n<meta property=\"og:title\" content=\"Cita Virtual - Protocolo\" \/>\n<meta property=\"og:description\" content=\"CITA VIRTUAL ENCUENTRA EL TRAJE Y ESTILO PERFECTO SIN MOVERTE DE CASA Solicita una consulta virtual personalizada. Desde cualquier lugar en el que te encuentres, uno de nuestros expertos en el protocolo del saber vestir te ayudar\u00e1 a encontrar el traje perfecto. Nuestro equipo te ofrecer\u00e1 toda la ayuda y consejos que necesitas. RESERVAR CITA [&hellip;]\" \/>\n<meta property=\"og:url\" content=\"https:\/\/dev.vgs.com.ar\/protocolo\/mx\/cita-virtual\/\" \/>\n<meta property=\"og:site_name\" content=\"Protocolo\" \/>\n<meta property=\"article:modified_time\" content=\"2021-05-19T12:41:48+00:00\" \/>\n<meta property=\"og:image\" content=\"https:\/\/dev.vgs.com.ar\/protocolo\/wp-content\/uploads\/2021\/01\/cita-virtual-photo.png\" \/>\n\t<meta property=\"og:image:width\" content=\"560\" \/>\n\t<meta property=\"og:image:height\" content=\"379\" \/>\n\t<meta property=\"og:image:type\" content=\"image\/png\" \/>\n<meta name=\"twitter:card\" content=\"summary_large_image\" \/>\n<meta name=\"twitter:label1\" content=\"Tiempo de lectura\" \/>\n\t<meta name=\"twitter:data1\" content=\"1 minuto\" \/>\n<script type=\"application\/ld+json\" class=\"yoast-schema-graph\">{\"@context\":\"https:\/\/schema.org\",\"@graph\":[{\"@type\":\"WebPage\",\"@id\":\"https:\/\/dev.vgs.com.ar\/protocolo\/mx\/cita-virtual\/\",\"url\":\"https:\/\/dev.vgs.com.ar\/protocolo\/mx\/cita-virtual\/\",\"name\":\"Cita Virtual - Protocolo\",\"isPartOf\":{\"@id\":\"https:\/\/dev.vgs.com.ar\/protocolo\/#website\"},\"primaryImageOfPage\":{\"@id\":\"https:\/\/dev.vgs.com.ar\/protocolo\/mx\/cita-virtual\/#primaryimage\"},\"image\":{\"@id\":\"https:\/\/dev.vgs.com.ar\/protocolo\/mx\/cita-virtual\/#primaryimage\"},\"thumbnailUrl\":\"https:\/\/dev.vgs.com.ar\/protocolo\/wp-content\/uploads\/2021\/01\/cita-virtual-photo.png\",\"datePublished\":\"2021-04-07T11:24:38+00:00\",\"dateModified\":\"2021-05-19T12:41:48+00:00\",\"breadcrumb\":{\"@id\":\"https:\/\/dev.vgs.com.ar\/protocolo\/mx\/cita-virtual\/#breadcrumb\"},\"inLanguage\":\"es\",\"potentialAction\":[{\"@type\":\"ReadAction\",\"target\":[\"https:\/\/dev.vgs.com.ar\/protocolo\/mx\/cita-virtual\/\"]}]},{\"@type\":\"ImageObject\",\"inLanguage\":\"es\",\"@id\":\"https:\/\/dev.vgs.com.ar\/protocolo\/mx\/cita-virtual\/#primaryimage\",\"url\":\"https:\/\/dev.vgs.com.ar\/protocolo\/wp-content\/uploads\/2021\/01\/cita-virtual-photo.png\",\"contentUrl\":\"https:\/\/dev.vgs.com.ar\/protocolo\/wp-content\/uploads\/2021\/01\/cita-virtual-photo.png\",\"width\":560,\"height\":379},{\"@type\":\"BreadcrumbList\",\"@id\":\"https:\/\/dev.vgs.com.ar\/protocolo\/mx\/cita-virtual\/#breadcrumb\",\"itemListElement\":[{\"@type\":\"ListItem\",\"position\":1,\"name\":\"Home\",\"item\":\"https:\/\/dev.vgs.com.ar\/protocolo\/\"},{\"@type\":\"ListItem\",\"position\":2,\"name\":\"Cita Virtual\"}]},{\"@type\":\"WebSite\",\"@id\":\"https:\/\/dev.vgs.com.ar\/protocolo\/#website\",\"url\":\"https:\/\/dev.vgs.com.ar\/protocolo\/\",\"name\":\"Protocolo\",\"description\":\"\",\"publisher\":{\"@id\":\"https:\/\/dev.vgs.com.ar\/protocolo\/#organization\"},\"potentialAction\":[{\"@type\":\"SearchAction\",\"target\":{\"@type\":\"EntryPoint\",\"urlTemplate\":\"https:\/\/dev.vgs.com.ar\/protocolo\/?s={search_term_string}\"},\"query-input\":{\"@type\":\"PropertyValueSpecification\",\"valueRequired\":true,\"valueName\":\"search_term_string\"}}],\"inLanguage\":\"es\"},{\"@type\":\"Organization\",\"@id\":\"https:\/\/dev.vgs.com.ar\/protocolo\/#organization\",\"name\":\"Protocolo\",\"url\":\"https:\/\/dev.vgs.com.ar\/protocolo\/\",\"logo\":{\"@type\":\"ImageObject\",\"inLanguage\":\"es\",\"@id\":\"https:\/\/dev.vgs.com.ar\/protocolo\/#\/schema\/logo\/image\/\",\"url\":\"https:\/\/dev.vgs.com.ar\/protocolo\/wp-content\/uploads\/2020\/12\/Diseno-sin-titulo-68.png\",\"contentUrl\":\"https:\/\/dev.vgs.com.ar\/protocolo\/wp-content\/uploads\/2020\/12\/Diseno-sin-titulo-68.png\",\"width\":525,\"height\":300,\"caption\":\"Protocolo\"},\"image\":{\"@id\":\"https:\/\/dev.vgs.com.ar\/protocolo\/#\/schema\/logo\/image\/\"}}]}<\/script>\n<!-- \/ Yoast SEO plugin. -->","yoast_head_json":{"title":"Cita Virtual - Protocolo","robots":{"index":"index","follow":"follow","max-snippet":"max-snippet:-1","max-image-preview":"max-image-preview:large","max-video-preview":"max-video-preview:-1"},"canonical":"https:\/\/dev.vgs.com.ar\/protocolo\/mx\/cita-virtual\/","og_locale":"es_ES","og_type":"article","og_title":"Cita Virtual - Protocolo","og_description":"CITA VIRTUAL ENCUENTRA EL TRAJE Y ESTILO PERFECTO SIN MOVERTE DE CASA Solicita una consulta virtual personalizada. Desde cualquier lugar en el que te encuentres, uno de nuestros expertos en el protocolo del saber vestir te ayudar\u00e1 a encontrar el traje perfecto. Nuestro equipo te ofrecer\u00e1 toda la ayuda y consejos que necesitas. RESERVAR CITA [&hellip;]","og_url":"https:\/\/dev.vgs.com.ar\/protocolo\/mx\/cita-virtual\/","og_site_name":"Protocolo","article_modified_time":"2021-05-19T12:41:48+00:00","og_image":[{"width":560,"height":379,"url":"https:\/\/dev.vgs.com.ar\/protocolo\/wp-content\/uploads\/2021\/01\/cita-virtual-photo.png","type":"image\/png"}],"twitter_card":"summary_large_image","twitter_misc":{"Tiempo de lectura":"1 minuto"},"schema":{"@context":"https:\/\/schema.org","@graph":[{"@type":"WebPage","@id":"https:\/\/dev.vgs.com.ar\/protocolo\/mx\/cita-virtual\/","url":"https:\/\/dev.vgs.com.ar\/protocolo\/mx\/cita-virtual\/","name":"Cita Virtual - Protocolo","isPartOf":{"@id":"https:\/\/dev.vgs.com.ar\/protocolo\/#website"},"primaryImageOfPage":{"@id":"https:\/\/dev.vgs.com.ar\/protocolo\/mx\/cita-virtual\/#primaryimage"},"image":{"@id":"https:\/\/dev.vgs.com.ar\/protocolo\/mx\/cita-virtual\/#primaryimage"},"thumbnailUrl":"https:\/\/dev.vgs.com.ar\/protocolo\/wp-content\/uploads\/2021\/01\/cita-virtual-photo.png","datePublished":"2021-04-07T11:24:38+00:00","dateModified":"2021-05-19T12:41:48+00:00","breadcrumb":{"@id":"https:\/\/dev.vgs.com.ar\/protocolo\/mx\/cita-virtual\/#breadcrumb"},"inLanguage":"es","potentialAction":[{"@type":"ReadAction","target":["https:\/\/dev.vgs.com.ar\/protocolo\/mx\/cita-virtual\/"]}]},{"@type":"ImageObject","inLanguage":"es","@id":"https:\/\/dev.vgs.com.ar\/protocolo\/mx\/cita-virtual\/#primaryimage","url":"https:\/\/dev.vgs.com.ar\/protocolo\/wp-content\/uploads\/2021\/01\/cita-virtual-photo.png","contentUrl":"https:\/\/dev.vgs.com.ar\/protocolo\/wp-content\/uploads\/2021\/01\/cita-virtual-photo.png","width":560,"height":379},{"@type":"BreadcrumbList","@id":"https:\/\/dev.vgs.com.ar\/protocolo\/mx\/cita-virtual\/#breadcrumb","itemListElement":[{"@type":"ListItem","position":1,"name":"Home","item":"https:\/\/dev.vgs.com.ar\/protocolo\/"},{"@type":"ListItem","position":2,"name":"Cita Virtual"}]},{"@type":"WebSite","@id":"https:\/\/dev.vgs.com.ar\/protocolo\/#website","url":"https:\/\/dev.vgs.com.ar\/protocolo\/","name":"Protocolo","description":"","publisher":{"@id":"https:\/\/dev.vgs.com.ar\/protocolo\/#organization"},"potentialAction":[{"@type":"SearchAction","target":{"@type":"EntryPoint","urlTemplate":"https:\/\/dev.vgs.com.ar\/protocolo\/?s={search_term_string}"},"query-input":{"@type":"PropertyValueSpecification","valueRequired":true,"valueName":"search_term_string"}}],"inLanguage":"es"},{"@type":"Organization","@id":"https:\/\/dev.vgs.com.ar\/protocolo\/#organization","name":"Protocolo","url":"https:\/\/dev.vgs.com.ar\/protocolo\/","logo":{"@type":"ImageObject","inLanguage":"es","@id":"https:\/\/dev.vgs.com.ar\/protocolo\/#\/schema\/logo\/image\/","url":"https:\/\/dev.vgs.com.ar\/protocolo\/wp-content\/uploads\/2020\/12\/Diseno-sin-titulo-68.png","contentUrl":"https:\/\/dev.vgs.com.ar\/protocolo\/wp-content\/uploads\/2020\/12\/Diseno-sin-titulo-68.png","width":525,"height":300,"caption":"Protocolo"},"image":{"@id":"https:\/\/dev.vgs.com.ar\/protocolo\/#\/schema\/logo\/image\/"}}]}},"lang":"mx","translations":{"mx":24317,"es":1651},"pll_sync_post":[],"_links":{"self":[{"href":"https:\/\/dev.vgs.com.ar\/protocolo\/wp-json\/wp\/v2\/pages\/24317","targetHints":{"allow":["GET"]}}],"collection":[{"href":"https:\/\/dev.vgs.com.ar\/protocolo\/wp-json\/wp\/v2\/pages"}],"about":[{"href":"https:\/\/dev.vgs.com.ar\/protocolo\/wp-json\/wp\/v2\/types\/page"}],"author":[{"embeddable":true,"href":"https:\/\/dev.vgs.com.ar\/protocolo\/wp-json\/wp\/v2\/users\/1"}],"replies":[{"embeddable":true,"href":"https:\/\/dev.vgs.com.ar\/protocolo\/wp-json\/wp\/v2\/comments?post=24317"}],"version-history":[{"count":0,"href":"https:\/\/dev.vgs.com.ar\/protocolo\/wp-json\/wp\/v2\/pages\/24317\/revisions"}],"wp:featuredmedia":[{"embeddable":true,"href":"https:\/\/dev.vgs.com.ar\/protocolo\/wp-json\/wp\/v2\/media\/1653"}],"wp:attachment":[{"href":"https:\/\/dev.vgs.com.ar\/protocolo\/wp-json\/wp\/v2\/media?parent=24317"}],"curies":[{"name":"wp","href":"https:\/\/api.w.org\/{rel}","templated":true}]}}